{"id":22439,"date":"2022-05-18T23:39:02","date_gmt":"2022-05-18T22:39:02","guid":{"rendered":"https:\/\/marketing.jibble.io\/pipedrive-time-tracking"},"modified":"2026-03-23T11:21:12","modified_gmt":"2026-03-23T11:21:12","slug":"suivi-temps-pipedrive","status":"publish","type":"page","link":"https:\/\/www.jibble.io\/fr\/suivi-temps-pipedrive","title":{"rendered":"Pipedrive Time Tracking"},"content":{"rendered":"<p>About Pipedrive<br \/>\nGet qualified leads and grow your business<\/p>\n<p>Pipedrive is a web-based Sales CRM and pipeline management solution that enables businesses to plan sales activities and monitor deals. Pipedrive gives you the ability to automatically track and organize calls and emails while synchronizing schedules across devices.<\/p>\n<p>18643<br \/>\n18643<br \/>\nPipedrive Logo<br \/>\nGroup-29.<br \/>\n3997<\/p>\n<p>Int\u00e9gration du suivi du temps Pipedrive<br \/>\n22<\/p>\n<p>group-29-2<\/p>\n<p>22424<br \/>\n2022-05-17 03:03:35<br \/>\n2023-04-05 20:14:19<br \/>\n0<\/p>\n<p>1019<br \/>\n534<\/p>\n<p>150<br \/>\n150<\/p>\n<p>300<br \/>\n157<\/p>\n<p>768<br \/>\n402<\/p>\n<p>768<br \/>\n402<\/p>\n<p>900<br \/>\n472<\/p>\n<p>900<br \/>\n472<\/p>\n<p>Airtable + Pipedrive integration<br \/>\nHow it works<\/p>\n<p>Add leads in Pipedrive as clients in Jibble and use Jibble to track hours worked on activities and deals in Pipedrive, so you can stay on top of your work.<\/p>\n<p>18598<br \/>\n18598<br \/>\nJibble Integrations<br \/>\nJibble_11_Integrations-with-different-platforms.<br \/>\n42268<\/p>\n<p>R\u00e9seau de gestion du temps et de la pr\u00e9sence<br \/>\n6<\/p>\n<p>jibble_11_integrations-with-different-platforms-2<\/p>\n<p>22428<br \/>\n2022-05-08 03:34:16<br \/>\n2023-04-05 20:24:11<br \/>\n0<\/p>\n<p>1200<br \/>\n720<\/p>\n<p>150<br \/>\n150<\/p>\n<p>300<br \/>\n180<\/p>\n<p>768<br \/>\n461<\/p>\n<p>768<br \/>\n461<\/p>\n<p>900<br \/>\n540<\/p>\n<p>900<br \/>\n540<\/p>\n<p>Tracking hours<br \/>\nSync deals for accurate time tracking<\/p>\n<p>Sync leads, deals and activities in Pipedrive with Jibble in a simple click. Easily monitor time spent on deals and activities in Pipedrive with our time tracking solution for accurate reporting.<\/p>\n<p>17716<br \/>\n17716<br \/>\nWorkflow<br \/>\nWorkflow-e1676518073211.<br \/>\n148440<\/p>\n<p>6<\/p>\n<p>workflow-2<\/p>\n<p>22484<br \/>\n2021-03-29 19:54:50<br \/>\n2021-03-29 19:54:50<br \/>\n0<\/p>\n<p>1306<br \/>\n1005<\/p>\n<p>150<br \/>\n150<\/p>\n<p>300<br \/>\n231<\/p>\n<p>768<br \/>\n591<\/p>\n<p>768<br \/>\n591<\/p>\n<p>900<br \/>\n693<\/p>\n<p>900<br \/>\n693<\/p>\n<p>Getting started is easy<br \/>\nIntegrate Jibble with Airtable in minutes<\/p>\n<ol>\n<li>Create an account with Jibble. It\u2019s free forever for unlimited users.<\/li>\n<li>Go to Integrations in Jibble, and click on Pipedrive.<\/li>\n<li>Connect your Jibble account to your Pipedrive account via Zapier to power your integration.<\/li>\n<li>Choose and sort triggers and actions between Jibble and Pipedrive.<\/li>\n<li>That\u2019s it!<\/li>\n<\/ol>\n<p>18467<br \/>\n18467<br \/>\nSoyez int\u00e9gr\u00e9 rapidement<br \/>\neasy-invite-e1652665504556.<br \/>\n75742<\/p>\n<p>Soyez int\u00e9gr\u00e9 rapidement<br \/>\n6<\/p>\n<p>Soyez int\u00e9gr\u00e9 rapidement<br \/>\neasy-invite-2<\/p>\n<p>22157<br \/>\n2022-04-29 14:56:42<br \/>\n2023-04-05 18:42:10<br \/>\n0<\/p>\n<p>1977<br \/>\n1670<\/p>\n<p>150<br \/>\n150<\/p>\n<p>300<br \/>\n253<\/p>\n<p>768<br \/>\n649<\/p>\n<p>768<br \/>\n649<\/p>\n<p>900<br \/>\n760<\/p>\n<p>900<br \/>\n760<\/p>\n<p>Yes<\/p>\n<p>18554<br \/>\n18554<br \/>\nSuivi du temps pour l&rsquo;entreprise<br \/>\napi-and-integrations-HR-e1652933683997.<br \/>\n67398<\/p>\n<p>Suivi du temps pour l&rsquo;entreprise<br \/>\n6<\/p>\n<p>api-and-integrations-hr-2<\/p>\n<p>22157<br \/>\n2022-05-08 01:18:10<br \/>\n2023-04-05 19:10:38<br \/>\n0<\/p>\n<p>1636<br \/>\n1416<\/p>\n<p>150<br \/>\n150<\/p>\n<p>300<br \/>\n260<\/p>\n<p>768<br \/>\n665<\/p>\n<p>768<br \/>\n665<\/p>\n<p>900<br \/>\n779<\/p>\n<p>900<br \/>\n779<\/p>\n<p>Yes<\/p>\n<p>WP_Post Object<\/p>\n<p>1547<br \/>\n6<br \/>\n2021-05-12 11:55:04<br \/>\n2021-05-12 03:55:04<\/p>\n<p>Shilles Steven Albert &#8211; Very user friendly<\/p>\n<p>shilles-steven-albert-very-user-friendly<\/p>\n<p>2022-11-25 07:12:29<br \/>\n2022-11-25 12:12:29<\/p>\n<p>0<br \/>\n=user_reviews&amp;p=1547<br \/>\n0<br \/>\nuser_reviews<\/p>\n<p>0<\/p>\n<p>WP_Post Object<\/p>\n<p>2271<br \/>\n6<br \/>\n2021-08-08 17:03:12<br \/>\n2021-08-08 09:03:12<\/p>\n<p>Sandra Hamnett &#8211; 10\/10<\/p>\n<p>sandra-hamnett-10-10<\/p>\n<p>2022-11-25 02:44:53<br \/>\n2022-11-25 07:44:53<\/p>\n<p>0<br \/>\n=user_reviews&amp;p=2271<br \/>\n0<br \/>\nuser_reviews<\/p>\n<p>0<\/p>\n<p>WP_Post Object<\/p>\n<p>2265<br \/>\n6<br \/>\n2021-08-08 16:53:13<br \/>\n2021-08-08 08:53:13<\/p>\n<p>Paul Andersen &#8211; Life-saving<\/p>\n<p>2265<\/p>\n<p>2021-08-08 16:53:36<br \/>\n2021-08-08 08:53:36<\/p>\n<p>0<br \/>\n=user_reviews&amp;p=2265<br \/>\n0<br \/>\nuser_reviews<\/p>\n<p>0<\/p>\n<p>WP_Post Object<\/p>\n<p>1539<br \/>\n6<br \/>\n2021-05-12 11:52:24<br \/>\n2021-05-12 03:52:24<\/p>\n<p>Ma. Louren Camballa &#8211; Jibble Rocks!<\/p>\n<p>ma-louren-camballa-jibble-rocks<\/p>\n<p>2021-05-12 11:52:24<br \/>\n2021-05-12 03:52:24<\/p>\n<p>0<br \/>\n=user_reviews&amp;p=1539<br \/>\n0<br \/>\nuser_reviews<\/p>\n<p>0<\/p>\n<p>WP_Post Object<\/p>\n<p>1554<br \/>\n6<br \/>\n2021-05-12 11:56:42<br \/>\n2021-05-12 03:56:42<\/p>\n<p>Matthew Ainge &#8211; Couldn&rsquo;t be easier<\/p>\n<p>matthew-ainge-couldnt-be-easier<\/p>\n<p>2021-05-12 11:56:42<br \/>\n2021-05-12 03:56:42<\/p>\n<p>0<br \/>\n=user_reviews&amp;p=1554<br \/>\n0<br \/>\nuser_reviews<\/p>\n<p>0<\/p>\n<p>WP_Post Object<\/p>\n<p>1550<br \/>\n6<br \/>\n2021-05-12 11:55:35<br \/>\n2021-05-12 03:55:35<\/p>\n<p>Omar Bayat &#8211; Great experience<\/p>\n<p>omar-bayat-great-experience<\/p>\n<p>2022-11-25 16:48:35<br \/>\n2022-11-25 21:48:35<\/p>\n<p>0<br \/>\n=user_reviews&amp;p=1550<br \/>\n0<br \/>\nuser_reviews<\/p>\n<p>0<\/p>\n<p>WP_Post Object<\/p>\n<p>1532<br \/>\n6<br \/>\n2021-05-12 11:50:39<br \/>\n2021-05-12 03:50:39<\/p>\n<p>Wasim Islam &#8211; Simple and intuitive<\/p>\n<p>wasim-islam-simple-and-intuitive<\/p>\n<p>2021-05-12 11:50:39<br \/>\n2021-05-12 03:50:39<\/p>\n<p>0<br \/>\n=user_reviews&amp;p=1532<br \/>\n0<br \/>\nuser_reviews<\/p>\n<p>0<\/p>\n<p>WP_Post Object<\/p>\n<p>1541<br \/>\n6<br \/>\n2021-05-12 11:53:01<br \/>\n2021-05-12 03:53:01<\/p>\n<p>Vitor Barroso &#8211; Easy to use, very accurate<\/p>\n<p>vitor-barroso-easy-to-use-very-accurate<\/p>\n<p>2022-11-25 07:05:06<br \/>\n2022-11-25 12:05:06<\/p>\n<p>0<br \/>\n=user_reviews&amp;p=1541<br \/>\n0<br \/>\nuser_reviews<\/p>\n<p>0<\/p>\n","protected":false},"excerpt":{"rendered":"<p>About Pipedrive Get qualified leads and grow your business Pipedrive is a web-based Sales CRM and pipeline management solution that enables businesses to plan sales activities and monitor deals. Pipedrive gives you the ability to automatically track and organize calls and emails while synchronizing schedules across devices. 18643 18643 Pipedrive Logo Group-29. 3997 Int\u00e9gration du [&hellip;]<\/p>\n","protected":false},"author":34,"featured_media":0,"parent":0,"menu_order":0,"comment_status":"closed","ping_status":"closed","template":"template-feature.php","meta":{"_acf_changed":false,"footnotes":""},"class_list":["post-22439","page","type-page","status-publish","hentry"],"acf":[],"yoast_head":"<!-- This site is optimized with the Yoast SEO Premium plugin v26.8 (Yoast SEO v26.8) - https:\/\/yoast.com\/product\/yoast-seo-premium-wordpress\/ -->\n<title>Suivi du temps Pipedrive 100 % GRATUIT | Jibble\u2122<\/title>\n<meta name=\"description\" content=\"Suivez les temps avec pr\u00e9cision, am\u00e9liorez l&#039;efficacit\u00e9 des ventes et obtenez des infos pr\u00e9cieuses gr\u00e2ce au suivi du temps pour Pipedrive.\" \/>\n<meta name=\"robots\" content=\"index, follow, max-snippet:-1, max-image-preview:large, max-video-preview:-1\" \/>\n<link rel=\"canonical\" href=\"https:\/\/www.jibble.io\/fr\/suivi-temps-pipedrive\" \/>\n<meta property=\"og:locale\" content=\"fr_FR\" \/>\n<meta property=\"og:type\" content=\"article\" \/>\n<meta property=\"og:title\" content=\"Suivi du temps Pipedrive 100 % GRATUIT | Jibble\u2122\" \/>\n<meta property=\"og:description\" content=\"Suivez les temps avec pr\u00e9cision, am\u00e9liorez l&#039;efficacit\u00e9 des ventes et obtenez des infos pr\u00e9cieuses gr\u00e2ce au suivi du temps pour Pipedrive.\" \/>\n<meta property=\"og:url\" content=\"https:\/\/www.jibble.io\/fr\/suivi-temps-pipedrive\" \/>\n<meta property=\"og:site_name\" content=\"Jibble\" \/>\n<meta property=\"article:modified_time\" content=\"2026-03-23T11:21:12+00:00\" \/>\n<meta name=\"twitter:card\" content=\"summary_large_image\" \/>\n<meta name=\"twitter:label1\" content=\"Dur\u00e9e de lecture estim\u00e9e\" \/>\n\t<meta name=\"twitter:data1\" content=\"9 minutes\" \/>\n<script type=\"application\/ld+json\" class=\"yoast-schema-graph\">{\"@context\":\"https:\/\/schema.org\",\"@graph\":[{\"@type\":\"WebPage\",\"@id\":\"https:\/\/www.jibble.io\/fr\/suivi-temps-pipedrive\",\"url\":\"https:\/\/www.jibble.io\/fr\/suivi-temps-pipedrive\",\"name\":\"Suivi du temps Pipedrive 100 % GRATUIT | Jibble\u2122\",\"isPartOf\":{\"@id\":\"https:\/\/www.jibble.io\/fr#website\"},\"datePublished\":\"2022-05-18T22:39:02+00:00\",\"dateModified\":\"2026-03-23T11:21:12+00:00\",\"description\":\"Suivez les temps avec pr\u00e9cision, am\u00e9liorez l'efficacit\u00e9 des ventes et obtenez des infos pr\u00e9cieuses gr\u00e2ce au suivi du temps pour Pipedrive.\",\"inLanguage\":\"fr-FR\",\"potentialAction\":[{\"@type\":\"ReadAction\",\"target\":[\"https:\/\/www.jibble.io\/fr\/suivi-temps-pipedrive\"]}]},{\"@type\":\"WebSite\",\"@id\":\"https:\/\/www.jibble.io\/fr#website\",\"url\":\"https:\/\/www.jibble.io\/fr\",\"name\":\"Jibble\",\"description\":\"Meet the new standard in time tracking software\",\"publisher\":{\"@id\":\"https:\/\/www.jibble.io\/fr#organization\"},\"potentialAction\":[{\"@type\":\"SearchAction\",\"target\":{\"@type\":\"EntryPoint\",\"urlTemplate\":\"https:\/\/www.jibble.io\/fr?s={search_term_string}\"},\"query-input\":{\"@type\":\"PropertyValueSpecification\",\"valueRequired\":true,\"valueName\":\"search_term_string\"}}],\"inLanguage\":\"fr-FR\"},{\"@type\":\"Organization\",\"@id\":\"https:\/\/www.jibble.io\/fr#organization\",\"name\":\"Jibble\",\"url\":\"https:\/\/www.jibble.io\/fr\",\"logo\":{\"@type\":\"ImageObject\",\"inLanguage\":\"fr-FR\",\"@id\":\"https:\/\/www.jibble.io\/fr#\/schema\/logo\/image\/\",\"url\":\"https:\/\/www.jibble.io\/wp-content\/uploads\/2022\/05\/Original-copy-923x1024.png\",\"contentUrl\":\"https:\/\/www.jibble.io\/wp-content\/uploads\/2022\/05\/Original-copy-923x1024.png\",\"width\":\"923\",\"height\":\"1024\",\"caption\":\"Jibble\"},\"image\":{\"@id\":\"https:\/\/www.jibble.io\/fr#\/schema\/logo\/image\/\"},\"sameAs\":[\"https:\/\/www.linkedin.com\/company\/jibble\/\"]}]}<\/script>\n<!-- \/ Yoast SEO Premium plugin. -->","yoast_head_json":{"title":"Suivi du temps Pipedrive 100 % GRATUIT | Jibble\u2122","description":"Suivez les temps avec pr\u00e9cision, am\u00e9liorez l'efficacit\u00e9 des ventes et obtenez des infos pr\u00e9cieuses gr\u00e2ce au suivi du temps pour Pipedrive.","robots":{"index":"index","follow":"follow","max-snippet":"max-snippet:-1","max-image-preview":"max-image-preview:large","max-video-preview":"max-video-preview:-1"},"canonical":"https:\/\/www.jibble.io\/fr\/suivi-temps-pipedrive","og_locale":"fr_FR","og_type":"article","og_title":"Suivi du temps Pipedrive 100 % GRATUIT | Jibble\u2122","og_description":"Suivez les temps avec pr\u00e9cision, am\u00e9liorez l'efficacit\u00e9 des ventes et obtenez des infos pr\u00e9cieuses gr\u00e2ce au suivi du temps pour Pipedrive.","og_url":"https:\/\/www.jibble.io\/fr\/suivi-temps-pipedrive","og_site_name":"Jibble","article_modified_time":"2026-03-23T11:21:12+00:00","twitter_card":"summary_large_image","twitter_misc":{"Dur\u00e9e de lecture estim\u00e9e":"9 minutes"},"schema":{"@context":"https:\/\/schema.org","@graph":[{"@type":"WebPage","@id":"https:\/\/www.jibble.io\/fr\/suivi-temps-pipedrive","url":"https:\/\/www.jibble.io\/fr\/suivi-temps-pipedrive","name":"Suivi du temps Pipedrive 100 % GRATUIT | Jibble\u2122","isPartOf":{"@id":"https:\/\/www.jibble.io\/fr#website"},"datePublished":"2022-05-18T22:39:02+00:00","dateModified":"2026-03-23T11:21:12+00:00","description":"Suivez les temps avec pr\u00e9cision, am\u00e9liorez l'efficacit\u00e9 des ventes et obtenez des infos pr\u00e9cieuses gr\u00e2ce au suivi du temps pour Pipedrive.","inLanguage":"fr-FR","potentialAction":[{"@type":"ReadAction","target":["https:\/\/www.jibble.io\/fr\/suivi-temps-pipedrive"]}]},{"@type":"WebSite","@id":"https:\/\/www.jibble.io\/fr#website","url":"https:\/\/www.jibble.io\/fr","name":"Jibble","description":"Meet the new standard in time tracking software","publisher":{"@id":"https:\/\/www.jibble.io\/fr#organization"},"potentialAction":[{"@type":"SearchAction","target":{"@type":"EntryPoint","urlTemplate":"https:\/\/www.jibble.io\/fr?s={search_term_string}"},"query-input":{"@type":"PropertyValueSpecification","valueRequired":true,"valueName":"search_term_string"}}],"inLanguage":"fr-FR"},{"@type":"Organization","@id":"https:\/\/www.jibble.io\/fr#organization","name":"Jibble","url":"https:\/\/www.jibble.io\/fr","logo":{"@type":"ImageObject","inLanguage":"fr-FR","@id":"https:\/\/www.jibble.io\/fr#\/schema\/logo\/image\/","url":"https:\/\/www.jibble.io\/wp-content\/uploads\/2022\/05\/Original-copy-923x1024.png","contentUrl":"https:\/\/www.jibble.io\/wp-content\/uploads\/2022\/05\/Original-copy-923x1024.png","width":"923","height":"1024","caption":"Jibble"},"image":{"@id":"https:\/\/www.jibble.io\/fr#\/schema\/logo\/image\/"},"sameAs":["https:\/\/www.linkedin.com\/company\/jibble\/"]}]}},"_links":{"self":[{"href":"https:\/\/www.jibble.io\/fr\/wp-json\/wp\/v2\/pages\/22439","targetHints":{"allow":["GET"]}}],"collection":[{"href":"https:\/\/www.jibble.io\/fr\/wp-json\/wp\/v2\/pages"}],"about":[{"href":"https:\/\/www.jibble.io\/fr\/wp-json\/wp\/v2\/types\/page"}],"author":[{"embeddable":true,"href":"https:\/\/www.jibble.io\/fr\/wp-json\/wp\/v2\/users\/34"}],"replies":[{"embeddable":true,"href":"https:\/\/www.jibble.io\/fr\/wp-json\/wp\/v2\/comments?post=22439"}],"version-history":[{"count":3,"href":"https:\/\/www.jibble.io\/fr\/wp-json\/wp\/v2\/pages\/22439\/revisions"}],"predecessor-version":[{"id":390754,"href":"https:\/\/www.jibble.io\/fr\/wp-json\/wp\/v2\/pages\/22439\/revisions\/390754"}],"wp:attachment":[{"href":"https:\/\/www.jibble.io\/fr\/wp-json\/wp\/v2\/media?parent=22439"}],"curies":[{"name":"wp","href":"https:\/\/api.w.org\/{rel}","templated":true}]}}