{"id":22437,"date":"2022-05-30T05:04:25","date_gmt":"2022-05-30T04:04:25","guid":{"rendered":"https:\/\/marketing.jibble.io\/paychex-time-tracking"},"modified":"2026-03-19T10:42:10","modified_gmt":"2026-03-19T10:42:10","slug":"suivi-temps-paychex","status":"publish","type":"page","link":"https:\/\/www.jibble.io\/fr\/suivi-temps-paychex","title":{"rendered":"Paychex Time Tracking"},"content":{"rendered":"<p>About Paychex<br \/>\nIntegrated human capital management solutions<\/p>\n<div class=\"wWOJcd\" tabindex=\"0\" role=\"button\" aria-controls=\"exacc_LqmFYoapBber4t4PhZWk4As6\" aria-expanded=\"true\" aria-labelledby=\"exacc_LqmFYoapBber4t4PhZWk4As5\">\n<div class=\"r21Kzd\" data-hveid=\"CDsQAQ\" data-ved=\"2ahUKEwiG-O2FwOr3AhW3ldgFHYUKCbwQuk56BAg7EAE\">Paychex is a human-capital management service that handles payroll, employee benefits, human resources and insurance services. Manage employee records, streamline talent management, and access critical data to make informed business decisions with confidence.<\/div>\n<\/div>\n<p>18825<br \/>\n18825<br \/>\nPaychex Logo<br \/>\nPaychexLogo.<br \/>\n4849<\/p>\n<p>Int\u00e9gration du suivi du temps Paychex<br \/>\n22<\/p>\n<p>paychexlogo-2<\/p>\n<p>22437<br \/>\n2022-05-30 07:18:26<br \/>\n2023-04-05 20:13:54<br \/>\n0<\/p>\n<p>1019<br \/>\n534<\/p>\n<p>150<br \/>\n150<\/p>\n<p>300<br \/>\n157<\/p>\n<p>768<br \/>\n402<\/p>\n<p>768<br \/>\n402<\/p>\n<p>900<br \/>\n472<\/p>\n<p>900<br \/>\n472<\/p>\n<p>Tracking hours<br \/>\nSync contact data for accurate time tracking<\/p>\n<p>Eliminate the hassle of manually logging hours. Easily sync employee data into Jibble with a click. Employee\u2019s tracked hours are then automatically synced to Paychex on any device no matter where they are.<\/p>\n<p>18156<br \/>\n18156<br \/>\nAutomated-Timesheets@2x<br \/>\nAutomated-timesheets@2x.webp<br \/>\n96224<\/p>\n<p>6<\/p>\n<p>automated-timesheets2x-2-2<\/p>\n<p>22411<br \/>\n2022-02-10 05:43:36<br \/>\n2022-02-10 05:43:36<br \/>\n0<br \/>\n\/webp<\/p>\n<p>webp<\/p>\n<p>900<br \/>\n710<\/p>\n<p>150<br \/>\n150<\/p>\n<p>300<br \/>\n237<\/p>\n<p>768<br \/>\n606<\/p>\n<p>768<br \/>\n606<\/p>\n<p>900<br \/>\n710<\/p>\n<p>900<br \/>\n710<\/p>\n<p>Smart location tracking<br \/>\nAccurately track employee location, minute by minute<\/p>\n<p>With geofences, you can clock team members in and out from their locations. Assign team members to specific locations and prevent them from clocking in when they are out of range.<\/p>\n<p>17604<br \/>\n17604<br \/>\nTableau de bord des rapports d&#8217;emplacement<br \/>\nLocation-reports-dashboard@2x.<br \/>\n138926<\/p>\n<p>Introduction au temps et \u00e0 la pr\u00e9sence<br \/>\n6<\/p>\n<p>location-reports-dashboard2x-2<\/p>\n<p>22415<br \/>\n2021-03-09 14:32:16<br \/>\n2023-04-05 19:43:23<br \/>\n0<\/p>\n<p>1306<br \/>\n1160<\/p>\n<p>150<br \/>\n150<\/p>\n<p>300<br \/>\n266<\/p>\n<p>768<br \/>\n682<\/p>\n<p>768<br \/>\n683<\/p>\n<p>900<br \/>\n799<\/p>\n<p>900<br \/>\n799<\/p>\n<p>Scale your organization<br \/>\nFlexible groups<\/p>\n<p>Jibble\u2019s flexible grouping allows you to assign different employees to different groups, each with different authorisation levels and restrictions.<\/p>\n<p>18474<br \/>\n18474<br \/>\nGroups<br \/>\ntime-tracking-groups.<br \/>\n78806<\/p>\n<p>6<\/p>\n<p>time-tracking-groups-2<\/p>\n<p>22157<br \/>\n2022-04-29 14:57:18<br \/>\n2022-04-29 14:57:18<br \/>\n0<\/p>\n<p>1383<br \/>\n1122<\/p>\n<p>150<br \/>\n150<\/p>\n<p>300<br \/>\n243<\/p>\n<p>768<br \/>\n623<\/p>\n<p>768<br \/>\n623<\/p>\n<p>900<br \/>\n730<\/p>\n<p>900<br \/>\n730<\/p>\n<p>Detailed Reporting &amp; Analytics<br \/>\nPowerful insights at your fingertips<\/p>\n<p>Use Jibble to obtain detailed reports of employees to help you manage payroll, employee productivity, or budget costs. Time tracking software with endless possibilities.<\/p>\n<p>18437<br \/>\n18437<br \/>\nTimesheet Software and Payroll Reports<br \/>\ntimesheet-software-and-payroll-reports.webp<br \/>\n98612<\/p>\n<p>6<\/p>\n<p>Timesheet software and payroll reports<br \/>\ntimesheet-software-and-payroll-reports-2<\/p>\n<p>22476<br \/>\n2022-04-28 00:46:29<br \/>\n2022-04-28 00:46:29<br \/>\n0<br \/>\n\/webp<\/p>\n<p>webp<\/p>\n<p>1024<br \/>\n740<\/p>\n<p>150<br \/>\n150<\/p>\n<p>300<br \/>\n217<\/p>\n<p>768<br \/>\n555<\/p>\n<p>768<br \/>\n555<\/p>\n<p>900<br \/>\n650<\/p>\n<p>900<br \/>\n650<\/p>\n<p>Export your data in a few clicks<br \/>\nExcel, CSV or your payroll software<\/p>\n<p>Use Jibble to easily export employee timesheet data to perform additional calculations for payroll or analysis. Then, upload your timesheet data onto Paychex with minimum effort.<\/p>\n<p>19068<br \/>\n19068<br \/>\nExport timesheets for Payroll<br \/>\nExportForPayroll.<br \/>\n61805<\/p>\n<p>6<\/p>\n<p>Timesheet exports for payroll<br \/>\nexportforpayroll-2<\/p>\n<p>22157<br \/>\n2022-09-06 09:53:39<br \/>\n2023-04-05 04:02:31<br \/>\n0<\/p>\n<p>1920<br \/>\n1363<\/p>\n<p>150<br \/>\n150<\/p>\n<p>300<br \/>\n213<\/p>\n<p>768<br \/>\n545<\/p>\n<p>768<br \/>\n545<\/p>\n<p>900<br \/>\n639<\/p>\n<p>900<br \/>\n639<\/p>\n<p>Payroll-ready timesheets for your business<br \/>\nTime tracking software for your business needs<\/p>\n<p>Align timesheet views to Paychex\u2019s payroll with customizable pay period cycles. Pay accurate salaries with custom overtime settings. Jibble is a payroll-ready time tracking software that every HR department needs.<\/p>\n<p>18469<br \/>\n18469<br \/>\nPayroll Ready Timesheets<br \/>\npayroll-ready-timesheets-e1651369183438.<br \/>\n85909<\/p>\n<p>6<\/p>\n<p>payroll-ready-timesheets-2-2<\/p>\n<p>22476<br \/>\n2022-04-29 14:56:51<br \/>\n2022-04-29 14:56:51<br \/>\n0<\/p>\n<p>1905<br \/>\n1214<\/p>\n<p>150<br \/>\n150<\/p>\n<p>300<br \/>\n191<\/p>\n<p>768<br \/>\n489<\/p>\n<p>768<br \/>\n490<\/p>\n<p>900<br \/>\n574<\/p>\n<p>900<br \/>\n574<\/p>\n<p>Never miss a beat<br \/>\nReminders and alerts when you need them<\/p>\n<p>Set automated reminders for your employees. Receive alerts when things go wrong. From time-based and location-based notifications to auto-clock outs, Jibble makes sure your employees are where you need them when you need them.<\/p>\n<p>18497<br \/>\n18497<br \/>\nTime Clock App Alerts<br \/>\ntime-clock-app-alerts.<br \/>\n83091<\/p>\n<p>6<\/p>\n<p>time-clock-app-alerts-2<\/p>\n<p>22470<br \/>\n2022-04-30 03:45:28<br \/>\n2022-04-30 03:45:28<br \/>\n0<\/p>\n<p>958<br \/>\n1024<\/p>\n<p>150<br \/>\n150<\/p>\n<p>281<br \/>\n300<\/p>\n<p>768<br \/>\n821<\/p>\n<p>719<br \/>\n768<\/p>\n<p>900<br \/>\n962<\/p>\n<p>900<br \/>\n962<\/p>\n<p>Getting started is easy<br \/>\nHave your teams Jibbling in and out in no time<\/p>\n<ol>\n<li>Create an account with Jibble. It\u2019s free forever for unlimited users.<\/li>\n<li>Go to Integrations in Jibble, and click on Paychex.<\/li>\n<li>Jibble integration with Paychex is coming soon, keep an eye out for its release!<\/li>\n<li>Connect your Paychex account with Jibble and start inviting your team members via Jibble. Make sure their email address in Paychex matches the email address you invited them to Jibble with.<\/li>\n<li>That\u2019s it!<\/li>\n<\/ol>\n<p>18467<br \/>\n18467<br \/>\nSoyez int\u00e9gr\u00e9 rapidement<br \/>\neasy-invite-e1652665504556.<br \/>\n75742<\/p>\n<p>Soyez int\u00e9gr\u00e9 rapidement<br \/>\n6<\/p>\n<p>Soyez int\u00e9gr\u00e9 rapidement<br \/>\neasy-invite-2<\/p>\n<p>22157<br \/>\n2022-04-29 14:56:42<br \/>\n2023-04-05 18:42:10<br \/>\n0<\/p>\n<p>1977<br \/>\n1670<\/p>\n<p>150<br \/>\n150<\/p>\n<p>300<br \/>\n253<\/p>\n<p>768<br \/>\n649<\/p>\n<p>768<br \/>\n649<\/p>\n<p>900<br \/>\n760<\/p>\n<p>900<br \/>\n760<\/p>\n<p>Yes<\/p>\n<p>17918<br \/>\n17918<br \/>\nTime Tracking Activities<br \/>\nHero-home.<br \/>\n318132<\/p>\n<p>6<\/p>\n<p>hero-home-3-2<\/p>\n<p>22395<br \/>\n2021-06-15 08:55:44<br \/>\n2021-06-15 08:55:44<br \/>\n0<\/p>\n<p>1608<br \/>\n1120<\/p>\n<p>150<br \/>\n150<\/p>\n<p>300<br \/>\n209<\/p>\n<p>768<br \/>\n535<\/p>\n<p>768<br \/>\n535<\/p>\n<p>900<br \/>\n627<\/p>\n<p>900<br \/>\n627<\/p>\n<p>Yes<\/p>\n<p>WP_Post Object<\/p>\n<p>1547<br \/>\n6<br \/>\n2021-05-12 11:55:04<br \/>\n2021-05-12 03:55:04<\/p>\n<p>Shilles Steven Albert &#8211; Very user friendly<\/p>\n<p>shilles-steven-albert-very-user-friendly<\/p>\n<p>2022-11-25 07:12:29<br \/>\n2022-11-25 12:12:29<\/p>\n<p>0<br \/>\n=user_reviews&amp;p=1547<br \/>\n0<br \/>\nuser_reviews<\/p>\n<p>0<\/p>\n<p>WP_Post Object<\/p>\n<p>1539<br \/>\n6<br \/>\n2021-05-12 11:52:24<br \/>\n2021-05-12 03:52:24<\/p>\n<p>Ma. Louren Camballa &#8211; Jibble Rocks!<\/p>\n<p>ma-louren-camballa-jibble-rocks<\/p>\n<p>2021-05-12 11:52:24<br \/>\n2021-05-12 03:52:24<\/p>\n<p>0<br \/>\n=user_reviews&amp;p=1539<br \/>\n0<br \/>\nuser_reviews<\/p>\n<p>0<\/p>\n<p>WP_Post Object<\/p>\n<p>4727<br \/>\n22<br \/>\n2022-05-17 20:49:44<br \/>\n2022-05-18 00:49:44<\/p>\n<p>Amit M &#8211; Jibble has loads of features &#8211; MS Teams<\/p>\n<p>amit-m-jibble-has-loads-of-features-ms-teams<\/p>\n<p>2022-09-29 17:20:44<br \/>\n2022-09-29 21:20:44<\/p>\n<p>0<br \/>\n=user_reviews&amp;p=4727<br \/>\n0<br \/>\nuser_reviews<\/p>\n<p>0<\/p>\n<p>WP_Post Object<\/p>\n<p>2265<br \/>\n6<br \/>\n2021-08-08 16:53:13<br \/>\n2021-08-08 08:53:13<\/p>\n<p>Paul Andersen &#8211; Life-saving<\/p>\n<p>2265<\/p>\n<p>2021-08-08 16:53:36<br \/>\n2021-08-08 08:53:36<\/p>\n<p>0<br \/>\n=user_reviews&amp;p=2265<br \/>\n0<br \/>\nuser_reviews<\/p>\n<p>0<\/p>\n<p>WP_Post Object<\/p>\n<p>2271<br \/>\n6<br \/>\n2021-08-08 17:03:12<br \/>\n2021-08-08 09:03:12<\/p>\n<p>Sandra Hamnett &#8211; 10\/10<\/p>\n<p>sandra-hamnett-10-10<\/p>\n<p>2022-11-25 02:44:53<br \/>\n2022-11-25 07:44:53<\/p>\n<p>0<br \/>\n=user_reviews&amp;p=2271<br \/>\n0<br \/>\nuser_reviews<\/p>\n<p>0<\/p>\n<p>WP_Post Object<\/p>\n<p>1559<br \/>\n6<br \/>\n2021-05-12 11:58:02<br \/>\n2021-05-12 03:58:02<\/p>\n<p>Diane Miller &#8211; Exceeded our needs<\/p>\n<p>diane-miller-exceeded-our-needs<\/p>\n<p>2021-08-08 17:07:22<br \/>\n2021-08-08 09:07:22<\/p>\n<p>0<br \/>\n=user_reviews&amp;p=1559<br \/>\n0<br \/>\nuser_reviews<\/p>\n<p>0<\/p>\n<p>WP_Post Object<\/p>\n<p>1550<br \/>\n6<br \/>\n2021-05-12 11:55:35<br \/>\n2021-05-12 03:55:35<\/p>\n<p>Omar Bayat &#8211; Great experience<\/p>\n<p>omar-bayat-great-experience<\/p>\n<p>2022-11-25 16:48:35<br \/>\n2022-11-25 21:48:35<\/p>\n<p>0<br \/>\n=user_reviews&amp;p=1550<br \/>\n0<br \/>\nuser_reviews<\/p>\n<p>0<\/p>\n<p>WP_Post Object<\/p>\n<p>1554<br \/>\n6<br \/>\n2021-05-12 11:56:42<br \/>\n2021-05-12 03:56:42<\/p>\n<p>Matthew Ainge &#8211; Couldn&rsquo;t be easier<\/p>\n<p>matthew-ainge-couldnt-be-easier<\/p>\n<p>2021-05-12 11:56:42<br \/>\n2021-05-12 03:56:42<\/p>\n<p>0<br \/>\n=user_reviews&amp;p=1554<br \/>\n0<br \/>\nuser_reviews<\/p>\n<p>0<\/p>\n","protected":false},"excerpt":{"rendered":"<p>About Paychex Integrated human capital management solutions Paychex is a human-capital management service that handles payroll, employee benefits, human resources and insurance services. Manage employee records, streamline talent management, and access critical data to make informed business decisions with confidence. 18825 18825 Paychex Logo PaychexLogo. 4849 Int\u00e9gration du suivi du temps Paychex 22 paychexlogo-2 22437 [&hellip;]<\/p>\n","protected":false},"author":34,"featured_media":0,"parent":0,"menu_order":0,"comment_status":"closed","ping_status":"closed","template":"template-feature.php","meta":{"_acf_changed":false,"footnotes":""},"class_list":["post-22437","page","type-page","status-publish","hentry"],"acf":[],"yoast_head":"<!-- This site is optimized with the Yoast SEO Premium plugin v26.8 (Yoast SEO v26.8) - https:\/\/yoast.com\/product\/yoast-seo-premium-wordpress\/ -->\n<title>Suivi du temps Paychex 100 % GRATUIT | Jibble\u2122<\/title>\n<meta name=\"description\" content=\"Suivez le temps de travail, simplifiez la paie et obtenez des infos pr\u00e9cieuses gr\u00e2ce \u00e0 notre int\u00e9gration de suivi du temps Paychex. Gratuit.\" \/>\n<meta name=\"robots\" content=\"index, follow, max-snippet:-1, max-image-preview:large, max-video-preview:-1\" \/>\n<link rel=\"canonical\" href=\"https:\/\/www.jibble.io\/fr\/suivi-temps-paychex\" \/>\n<meta property=\"og:locale\" content=\"fr_FR\" \/>\n<meta property=\"og:type\" content=\"article\" \/>\n<meta property=\"og:title\" content=\"Suivi du temps Paychex 100 % GRATUIT | Jibble\u2122\" \/>\n<meta property=\"og:description\" content=\"Suivez le temps de travail, simplifiez la paie et obtenez des infos pr\u00e9cieuses gr\u00e2ce \u00e0 notre int\u00e9gration de suivi du temps Paychex. Gratuit.\" \/>\n<meta property=\"og:url\" content=\"https:\/\/www.jibble.io\/fr\/suivi-temps-paychex\" \/>\n<meta property=\"og:site_name\" content=\"Jibble\" \/>\n<meta property=\"article:modified_time\" content=\"2026-03-19T10:42:10+00:00\" \/>\n<meta name=\"twitter:card\" content=\"summary_large_image\" \/>\n<meta name=\"twitter:label1\" content=\"Dur\u00e9e de lecture estim\u00e9e\" \/>\n\t<meta name=\"twitter:data1\" content=\"10 minutes\" \/>\n<script type=\"application\/ld+json\" class=\"yoast-schema-graph\">{\"@context\":\"https:\/\/schema.org\",\"@graph\":[{\"@type\":\"WebPage\",\"@id\":\"https:\/\/www.jibble.io\/fr\/suivi-temps-paychex\",\"url\":\"https:\/\/www.jibble.io\/fr\/suivi-temps-paychex\",\"name\":\"Suivi du temps Paychex 100 % GRATUIT | Jibble\u2122\",\"isPartOf\":{\"@id\":\"https:\/\/www.jibble.io\/fr#website\"},\"datePublished\":\"2022-05-30T04:04:25+00:00\",\"dateModified\":\"2026-03-19T10:42:10+00:00\",\"description\":\"Suivez le temps de travail, simplifiez la paie et obtenez des infos pr\u00e9cieuses gr\u00e2ce \u00e0 notre int\u00e9gration de suivi du temps Paychex. Gratuit.\",\"inLanguage\":\"fr-FR\",\"potentialAction\":[{\"@type\":\"ReadAction\",\"target\":[\"https:\/\/www.jibble.io\/fr\/suivi-temps-paychex\"]}]},{\"@type\":\"WebSite\",\"@id\":\"https:\/\/www.jibble.io\/fr#website\",\"url\":\"https:\/\/www.jibble.io\/fr\",\"name\":\"Jibble\",\"description\":\"Meet the new standard in time tracking software\",\"publisher\":{\"@id\":\"https:\/\/www.jibble.io\/fr#organization\"},\"potentialAction\":[{\"@type\":\"SearchAction\",\"target\":{\"@type\":\"EntryPoint\",\"urlTemplate\":\"https:\/\/www.jibble.io\/fr?s={search_term_string}\"},\"query-input\":{\"@type\":\"PropertyValueSpecification\",\"valueRequired\":true,\"valueName\":\"search_term_string\"}}],\"inLanguage\":\"fr-FR\"},{\"@type\":\"Organization\",\"@id\":\"https:\/\/www.jibble.io\/fr#organization\",\"name\":\"Jibble\",\"url\":\"https:\/\/www.jibble.io\/fr\",\"logo\":{\"@type\":\"ImageObject\",\"inLanguage\":\"fr-FR\",\"@id\":\"https:\/\/www.jibble.io\/fr#\/schema\/logo\/image\/\",\"url\":\"https:\/\/www.jibble.io\/wp-content\/uploads\/2022\/05\/Original-copy-923x1024.png\",\"contentUrl\":\"https:\/\/www.jibble.io\/wp-content\/uploads\/2022\/05\/Original-copy-923x1024.png\",\"width\":\"923\",\"height\":\"1024\",\"caption\":\"Jibble\"},\"image\":{\"@id\":\"https:\/\/www.jibble.io\/fr#\/schema\/logo\/image\/\"},\"sameAs\":[\"https:\/\/www.linkedin.com\/company\/jibble\/\"]}]}<\/script>\n<!-- \/ Yoast SEO Premium plugin. -->","yoast_head_json":{"title":"Suivi du temps Paychex 100 % GRATUIT | Jibble\u2122","description":"Suivez le temps de travail, simplifiez la paie et obtenez des infos pr\u00e9cieuses gr\u00e2ce \u00e0 notre int\u00e9gration de suivi du temps Paychex. Gratuit.","robots":{"index":"index","follow":"follow","max-snippet":"max-snippet:-1","max-image-preview":"max-image-preview:large","max-video-preview":"max-video-preview:-1"},"canonical":"https:\/\/www.jibble.io\/fr\/suivi-temps-paychex","og_locale":"fr_FR","og_type":"article","og_title":"Suivi du temps Paychex 100 % GRATUIT | Jibble\u2122","og_description":"Suivez le temps de travail, simplifiez la paie et obtenez des infos pr\u00e9cieuses gr\u00e2ce \u00e0 notre int\u00e9gration de suivi du temps Paychex. Gratuit.","og_url":"https:\/\/www.jibble.io\/fr\/suivi-temps-paychex","og_site_name":"Jibble","article_modified_time":"2026-03-19T10:42:10+00:00","twitter_card":"summary_large_image","twitter_misc":{"Dur\u00e9e de lecture estim\u00e9e":"10 minutes"},"schema":{"@context":"https:\/\/schema.org","@graph":[{"@type":"WebPage","@id":"https:\/\/www.jibble.io\/fr\/suivi-temps-paychex","url":"https:\/\/www.jibble.io\/fr\/suivi-temps-paychex","name":"Suivi du temps Paychex 100 % GRATUIT | Jibble\u2122","isPartOf":{"@id":"https:\/\/www.jibble.io\/fr#website"},"datePublished":"2022-05-30T04:04:25+00:00","dateModified":"2026-03-19T10:42:10+00:00","description":"Suivez le temps de travail, simplifiez la paie et obtenez des infos pr\u00e9cieuses gr\u00e2ce \u00e0 notre int\u00e9gration de suivi du temps Paychex. Gratuit.","inLanguage":"fr-FR","potentialAction":[{"@type":"ReadAction","target":["https:\/\/www.jibble.io\/fr\/suivi-temps-paychex"]}]},{"@type":"WebSite","@id":"https:\/\/www.jibble.io\/fr#website","url":"https:\/\/www.jibble.io\/fr","name":"Jibble","description":"Meet the new standard in time tracking software","publisher":{"@id":"https:\/\/www.jibble.io\/fr#organization"},"potentialAction":[{"@type":"SearchAction","target":{"@type":"EntryPoint","urlTemplate":"https:\/\/www.jibble.io\/fr?s={search_term_string}"},"query-input":{"@type":"PropertyValueSpecification","valueRequired":true,"valueName":"search_term_string"}}],"inLanguage":"fr-FR"},{"@type":"Organization","@id":"https:\/\/www.jibble.io\/fr#organization","name":"Jibble","url":"https:\/\/www.jibble.io\/fr","logo":{"@type":"ImageObject","inLanguage":"fr-FR","@id":"https:\/\/www.jibble.io\/fr#\/schema\/logo\/image\/","url":"https:\/\/www.jibble.io\/wp-content\/uploads\/2022\/05\/Original-copy-923x1024.png","contentUrl":"https:\/\/www.jibble.io\/wp-content\/uploads\/2022\/05\/Original-copy-923x1024.png","width":"923","height":"1024","caption":"Jibble"},"image":{"@id":"https:\/\/www.jibble.io\/fr#\/schema\/logo\/image\/"},"sameAs":["https:\/\/www.linkedin.com\/company\/jibble\/"]}]}},"_links":{"self":[{"href":"https:\/\/www.jibble.io\/fr\/wp-json\/wp\/v2\/pages\/22437","targetHints":{"allow":["GET"]}}],"collection":[{"href":"https:\/\/www.jibble.io\/fr\/wp-json\/wp\/v2\/pages"}],"about":[{"href":"https:\/\/www.jibble.io\/fr\/wp-json\/wp\/v2\/types\/page"}],"author":[{"embeddable":true,"href":"https:\/\/www.jibble.io\/fr\/wp-json\/wp\/v2\/users\/34"}],"replies":[{"embeddable":true,"href":"https:\/\/www.jibble.io\/fr\/wp-json\/wp\/v2\/comments?post=22437"}],"version-history":[{"count":3,"href":"https:\/\/www.jibble.io\/fr\/wp-json\/wp\/v2\/pages\/22437\/revisions"}],"predecessor-version":[{"id":390404,"href":"https:\/\/www.jibble.io\/fr\/wp-json\/wp\/v2\/pages\/22437\/revisions\/390404"}],"wp:attachment":[{"href":"https:\/\/www.jibble.io\/fr\/wp-json\/wp\/v2\/media?parent=22437"}],"curies":[{"name":"wp","href":"https:\/\/api.w.org\/{rel}","templated":true}]}}