{"id":22433,"date":"2022-05-18T23:39:00","date_gmt":"2022-05-18T22:39:00","guid":{"rendered":"https:\/\/marketing.jibble.io\/notion-time-tracking"},"modified":"2026-03-06T10:43:21","modified_gmt":"2026-03-06T10:43:21","slug":"suivi-temps-notion","status":"publish","type":"page","link":"https:\/\/www.jibble.io\/fr\/suivi-temps-notion","title":{"rendered":"100% FREE Notion Time Tracking"},"content":{"rendered":"<p>About Notion<br \/>\nAll-in-one productivity tool<\/p>\n<p>Notion is an all-in-one workspace where you can think, write, plan, collaborate and get organized \u2013 it allows you to take notes, add tasks, manage projects and more<b>.<\/b> Connect your teams, projects, and docs and customize Notion to make it work the way you want it to.<\/p>\n<p>18623<br \/>\n18623<br \/>\nNotion Logo<br \/>\nGroup-19.<br \/>\n8692<\/p>\n<p>Int\u00e9gration de suivi du temps Notion<br \/>\n22<\/p>\n<p>group-19-2<\/p>\n<p>22424<br \/>\n2022-05-17 02:00:32<br \/>\n2023-04-05 20:13:11<br \/>\n0<\/p>\n<p>1019<br \/>\n534<\/p>\n<p>150<br \/>\n150<\/p>\n<p>300<br \/>\n157<\/p>\n<p>768<br \/>\n402<\/p>\n<p>768<br \/>\n402<\/p>\n<p>900<br \/>\n472<\/p>\n<p>900<br \/>\n472<\/p>\n<p>Notion + Jibble integration<br \/>\nHow it works<\/p>\n<p>Use Jibble\u2019s <a href=\"https:\/\/marketing.jibble.io\/\">time tracking software<\/a> to track hours worked on pages in Notion, so you can boost productivity and stay on top of your work.<\/p>\n<p>18598<br \/>\n18598<br \/>\nJibble Integrations<br \/>\nJibble_11_Integrations-with-different-platforms.<br \/>\n42268<\/p>\n<p>R\u00e9seau de gestion du temps et de la pr\u00e9sence<br \/>\n6<\/p>\n<p>jibble_11_integrations-with-different-platforms-2<\/p>\n<p>22428<br \/>\n2022-05-08 03:34:16<br \/>\n2023-04-05 20:24:11<br \/>\n0<\/p>\n<p>1200<br \/>\n720<\/p>\n<p>150<br \/>\n150<\/p>\n<p>300<br \/>\n180<\/p>\n<p>768<br \/>\n461<\/p>\n<p>768<br \/>\n461<\/p>\n<p>900<br \/>\n540<\/p>\n<p>900<br \/>\n540<\/p>\n<p>Tracking hours<br \/>\nSync pages for accurate time tracking<\/p>\n<p>Sync pages in Notion with activities or projects in Jibble with a simple click.\u00a0 Easily monitor time spent on pages in Notion with our time tracking solution for accurate reporting.<\/p>\n<p>17716<br \/>\n17716<br \/>\nWorkflow<br \/>\nWorkflow-e1676518073211.<br \/>\n148440<\/p>\n<p>6<\/p>\n<p>workflow-2<\/p>\n<p>22484<br \/>\n2021-03-29 19:54:50<br \/>\n2021-03-29 19:54:50<br \/>\n0<\/p>\n<p>1306<br \/>\n1005<\/p>\n<p>150<br \/>\n150<\/p>\n<p>300<br \/>\n231<\/p>\n<p>768<br \/>\n591<\/p>\n<p>768<br \/>\n591<\/p>\n<p>900<br \/>\n693<\/p>\n<p>900<br \/>\n693<\/p>\n<p>Smarter tracking from your Chrome Browser<br \/>\nNever lose track of time again<\/p>\n<p><span style=\"font-weight: 400;\">Track time directly in Notion without a hassle. With Jibble\u2019s Chrome Extension, your timer is just a click or keyboard shortcut away \u2013 no more switching between apps for work tracking!<\/span><\/p>\n<p>17316<br \/>\n17316<br \/>\nChrome Extension<br \/>\nGroup-2142.<br \/>\n79305<\/p>\n<p>22<\/p>\n<p>Tracking time on Jibble&rsquo;s chrome time tracking extension<br \/>\ngroup-2142-2<\/p>\n<p>22433<br \/>\n2023-02-16 03:19:24<br \/>\n2023-03-29 09:17:01<br \/>\n0<\/p>\n<p>1184<br \/>\n1015<\/p>\n<p>150<br \/>\n150<\/p>\n<p>300<br \/>\n257<\/p>\n<p>768<br \/>\n658<\/p>\n<p>768<br \/>\n658<\/p>\n<p>900<br \/>\n772<\/p>\n<p>900<br \/>\n772<\/p>\n<p>Powerful insights at your fingertips<br \/>\nReports and analytics all in one place<\/p>\n<p><span style=\"font-weight: 400;\">Drill down into visual charts or detailed reports to keep track of productivity and budget costs. Use our multiple filters to identify patterns, analyze time spent on projects, and improve time utilization.<\/span><\/p>\n<p>20826<br \/>\n20826<br \/>\nPowerful Analytics<br \/>\nPowerful-analytics.<br \/>\n41643<\/p>\n<p>22<\/p>\n<p>powerful-analytics-2<\/p>\n<p>22371<br \/>\n2023-01-12 01:32:25<br \/>\n2023-04-05 18:19:25<br \/>\n0<\/p>\n<p>950<br \/>\n713<\/p>\n<p>150<br \/>\n150<\/p>\n<p>300<br \/>\n225<\/p>\n<p>768<br \/>\n576<\/p>\n<p>768<br \/>\n576<\/p>\n<p>900<br \/>\n675<\/p>\n<p>900<br \/>\n675<\/p>\n<p>Get payroll-ready faster<br \/>\nTimesheets ready for payroll<\/p>\n<p><span style=\"font-weight: 400;\">With Jibble\u2019s payroll-ready timesheets, worked hours are instantly transformed into timesheet reports. Pay accurate salaries and easily get all the data you need, including overtime and billable hours.<\/span><\/p>\n<p>18465<br \/>\n18465<br \/>\nPayroll Ready Timesheets<br \/>\nPayroll-ready-timesheets.webp<br \/>\n395240<\/p>\n<p>6<\/p>\n<p>payroll-ready-timesheets-2<\/p>\n<p>22157<br \/>\n2022-04-29 14:24:43<br \/>\n2022-04-29 14:24:43<br \/>\n0<br \/>\n\/webp<\/p>\n<p>webp<\/p>\n<p>2540<br \/>\n1792<\/p>\n<p>150<br \/>\n150<\/p>\n<p>300<br \/>\n212<\/p>\n<p>768<br \/>\n542<\/p>\n<p>768<br \/>\n542<\/p>\n<p>900<br \/>\n635<\/p>\n<p>900<br \/>\n635<\/p>\n<p>Getting started is easy<br \/>\nIntegrate Jibble with Notion in minutes<\/p>\n<ol>\n<li>Create an account with Jibble. It\u2019s free forever for unlimited users.<\/li>\n<li>Go to Integrations in Jibble, and click on Notion.<\/li>\n<li>Connect your Jibble account to your Notion account via Zapier to power your integration.<\/li>\n<li>Choose and sort triggers and actions between Jibble and Notion.<\/li>\n<li>That\u2019s it!<\/li>\n<\/ol>\n<p>18467<br \/>\n18467<br \/>\nSoyez int\u00e9gr\u00e9 rapidement<br \/>\neasy-invite-e1652665504556.<br \/>\n75742<\/p>\n<p>Soyez int\u00e9gr\u00e9 rapidement<br \/>\n6<\/p>\n<p>Soyez int\u00e9gr\u00e9 rapidement<br \/>\neasy-invite-2<\/p>\n<p>22157<br \/>\n2022-04-29 14:56:42<br \/>\n2023-04-05 18:42:10<br \/>\n0<\/p>\n<p>1977<br \/>\n1670<\/p>\n<p>150<br \/>\n150<\/p>\n<p>300<br \/>\n253<\/p>\n<p>768<br \/>\n649<\/p>\n<p>768<br \/>\n649<\/p>\n<p>900<br \/>\n760<\/p>\n<p>900<br \/>\n760<\/p>\n<p>Yes<\/p>\n<p>18554<br \/>\n18554<br \/>\nSuivi du temps pour l&rsquo;entreprise<br \/>\napi-and-integrations-HR-e1652933683997.<br \/>\n67398<\/p>\n<p>Suivi du temps pour l&rsquo;entreprise<br \/>\n6<\/p>\n<p>api-and-integrations-hr-2<\/p>\n<p>22157<br \/>\n2022-05-08 01:18:10<br \/>\n2023-04-05 19:10:38<br \/>\n0<\/p>\n<p>1636<br \/>\n1416<\/p>\n<p>150<br \/>\n150<\/p>\n<p>300<br \/>\n260<\/p>\n<p>768<br \/>\n665<\/p>\n<p>768<br \/>\n665<\/p>\n<p>900<br \/>\n779<\/p>\n<p>900<br \/>\n779<\/p>\n<p>Yes<\/p>\n<p>WP_Post Object<\/p>\n<p>1547<br \/>\n6<br \/>\n2021-05-12 11:55:04<br \/>\n2021-05-12 03:55:04<\/p>\n<p>Shilles Steven Albert &#8211; Very user friendly<\/p>\n<p>shilles-steven-albert-very-user-friendly<\/p>\n<p>2022-11-25 07:12:29<br \/>\n2022-11-25 12:12:29<\/p>\n<p>0<br \/>\n=user_reviews&amp;p=1547<br \/>\n0<br \/>\nuser_reviews<\/p>\n<p>0<\/p>\n<p>WP_Post Object<\/p>\n<p>2271<br \/>\n6<br \/>\n2021-08-08 17:03:12<br \/>\n2021-08-08 09:03:12<\/p>\n<p>Sandra Hamnett &#8211; 10\/10<\/p>\n<p>sandra-hamnett-10-10<\/p>\n<p>2022-11-25 02:44:53<br \/>\n2022-11-25 07:44:53<\/p>\n<p>0<br \/>\n=user_reviews&amp;p=2271<br \/>\n0<br \/>\nuser_reviews<\/p>\n<p>0<\/p>\n<p>WP_Post Object<\/p>\n<p>2265<br \/>\n6<br \/>\n2021-08-08 16:53:13<br \/>\n2021-08-08 08:53:13<\/p>\n<p>Paul Andersen &#8211; Life-saving<\/p>\n<p>2265<\/p>\n<p>2021-08-08 16:53:36<br \/>\n2021-08-08 08:53:36<\/p>\n<p>0<br \/>\n=user_reviews&amp;p=2265<br \/>\n0<br \/>\nuser_reviews<\/p>\n<p>0<\/p>\n<p>WP_Post Object<\/p>\n<p>1539<br \/>\n6<br \/>\n2021-05-12 11:52:24<br \/>\n2021-05-12 03:52:24<\/p>\n<p>Ma. Louren Camballa &#8211; Jibble Rocks!<\/p>\n<p>ma-louren-camballa-jibble-rocks<\/p>\n<p>2021-05-12 11:52:24<br \/>\n2021-05-12 03:52:24<\/p>\n<p>0<br \/>\n=user_reviews&amp;p=1539<br \/>\n0<br \/>\nuser_reviews<\/p>\n<p>0<\/p>\n<p>WP_Post Object<\/p>\n<p>1554<br \/>\n6<br \/>\n2021-05-12 11:56:42<br \/>\n2021-05-12 03:56:42<\/p>\n<p>Matthew Ainge &#8211; Couldn&rsquo;t be easier<\/p>\n<p>matthew-ainge-couldnt-be-easier<\/p>\n<p>2021-05-12 11:56:42<br \/>\n2021-05-12 03:56:42<\/p>\n<p>0<br \/>\n=user_reviews&amp;p=1554<br \/>\n0<br \/>\nuser_reviews<\/p>\n<p>0<\/p>\n<p>WP_Post Object<\/p>\n<p>1550<br \/>\n6<br \/>\n2021-05-12 11:55:35<br \/>\n2021-05-12 03:55:35<\/p>\n<p>Omar Bayat &#8211; Great experience<\/p>\n<p>omar-bayat-great-experience<\/p>\n<p>2022-11-25 16:48:35<br \/>\n2022-11-25 21:48:35<\/p>\n<p>0<br \/>\n=user_reviews&amp;p=1550<br \/>\n0<br \/>\nuser_reviews<\/p>\n<p>0<\/p>\n<p>WP_Post Object<\/p>\n<p>1532<br \/>\n6<br \/>\n2021-05-12 11:50:39<br \/>\n2021-05-12 03:50:39<\/p>\n<p>Wasim Islam &#8211; Simple and intuitive<\/p>\n<p>wasim-islam-simple-and-intuitive<\/p>\n<p>2021-05-12 11:50:39<br \/>\n2021-05-12 03:50:39<\/p>\n<p>0<br \/>\n=user_reviews&amp;p=1532<br \/>\n0<br \/>\nuser_reviews<\/p>\n<p>0<\/p>\n<p>WP_Post Object<\/p>\n<p>1541<br \/>\n6<br \/>\n2021-05-12 11:53:01<br \/>\n2021-05-12 03:53:01<\/p>\n<p>Vitor Barroso &#8211; Easy to use, very accurate<\/p>\n<p>vitor-barroso-easy-to-use-very-accurate<\/p>\n<p>2022-11-25 07:05:06<br \/>\n2022-11-25 12:05:06<\/p>\n<p>0<br \/>\n=user_reviews&amp;p=1541<br \/>\n0<br \/>\nuser_reviews<\/p>\n<p>0<\/p>\n","protected":false},"excerpt":{"rendered":"<p>About Notion All-in-one productivity tool Notion is an all-in-one workspace where you can think, write, plan, collaborate and get organized \u2013 it allows you to take notes, add tasks, manage projects and more. Connect your teams, projects, and docs and customize Notion to make it work the way you want it to. 18623 18623 Notion [&hellip;]<\/p>\n","protected":false},"author":34,"featured_media":0,"parent":0,"menu_order":0,"comment_status":"closed","ping_status":"closed","template":"template-feature.php","meta":{"_acf_changed":false,"footnotes":""},"class_list":["post-22433","page","type-page","status-publish","hentry"],"acf":[],"yoast_head":"<!-- This site is optimized with the Yoast SEO Premium plugin v26.8 (Yoast SEO v26.8) - https:\/\/yoast.com\/product\/yoast-seo-premium-wordpress\/ -->\n<title>Suivi du temps Notion 100 % GRATUIT | Jibble\u2122<\/title>\n<meta name=\"description\" content=\"Int\u00e9grez le suivi du temps \u00e0 Notion pour une gestion pr\u00e9cise et efficace des heures de travail. Nombre illimit\u00e9 d&#039;utilisateurs.\" \/>\n<meta name=\"robots\" content=\"index, follow, max-snippet:-1, max-image-preview:large, max-video-preview:-1\" \/>\n<link rel=\"canonical\" href=\"https:\/\/www.jibble.io\/fr\/suivi-temps-notion\" \/>\n<meta property=\"og:locale\" content=\"fr_FR\" \/>\n<meta property=\"og:type\" content=\"article\" \/>\n<meta property=\"og:title\" content=\"Suivi du temps Notion 100 % GRATUIT | Jibble\u2122\" \/>\n<meta property=\"og:description\" content=\"Int\u00e9grez le suivi du temps \u00e0 Notion pour une gestion pr\u00e9cise et efficace des heures de travail. Nombre illimit\u00e9 d&#039;utilisateurs.\" \/>\n<meta property=\"og:url\" content=\"https:\/\/www.jibble.io\/fr\/suivi-temps-notion\" \/>\n<meta property=\"og:site_name\" content=\"Jibble\" \/>\n<meta property=\"article:modified_time\" content=\"2026-03-06T10:43:21+00:00\" \/>\n<meta name=\"twitter:card\" content=\"summary_large_image\" \/>\n<meta name=\"twitter:label1\" content=\"Dur\u00e9e de lecture estim\u00e9e\" \/>\n\t<meta name=\"twitter:data1\" content=\"10 minutes\" \/>\n<script type=\"application\/ld+json\" class=\"yoast-schema-graph\">{\"@context\":\"https:\/\/schema.org\",\"@graph\":[{\"@type\":\"WebPage\",\"@id\":\"https:\/\/www.jibble.io\/fr\/suivi-temps-notion\",\"url\":\"https:\/\/www.jibble.io\/fr\/suivi-temps-notion\",\"name\":\"Suivi du temps Notion 100 % GRATUIT | Jibble\u2122\",\"isPartOf\":{\"@id\":\"https:\/\/www.jibble.io\/fr#website\"},\"datePublished\":\"2022-05-18T22:39:00+00:00\",\"dateModified\":\"2026-03-06T10:43:21+00:00\",\"description\":\"Int\u00e9grez le suivi du temps \u00e0 Notion pour une gestion pr\u00e9cise et efficace des heures de travail. Nombre illimit\u00e9 d'utilisateurs.\",\"inLanguage\":\"fr-FR\",\"potentialAction\":[{\"@type\":\"ReadAction\",\"target\":[\"https:\/\/www.jibble.io\/fr\/suivi-temps-notion\"]}]},{\"@type\":\"WebSite\",\"@id\":\"https:\/\/www.jibble.io\/fr#website\",\"url\":\"https:\/\/www.jibble.io\/fr\",\"name\":\"Jibble\",\"description\":\"Meet the new standard in time tracking software\",\"publisher\":{\"@id\":\"https:\/\/www.jibble.io\/fr#organization\"},\"potentialAction\":[{\"@type\":\"SearchAction\",\"target\":{\"@type\":\"EntryPoint\",\"urlTemplate\":\"https:\/\/www.jibble.io\/fr?s={search_term_string}\"},\"query-input\":{\"@type\":\"PropertyValueSpecification\",\"valueRequired\":true,\"valueName\":\"search_term_string\"}}],\"inLanguage\":\"fr-FR\"},{\"@type\":\"Organization\",\"@id\":\"https:\/\/www.jibble.io\/fr#organization\",\"name\":\"Jibble\",\"url\":\"https:\/\/www.jibble.io\/fr\",\"logo\":{\"@type\":\"ImageObject\",\"inLanguage\":\"fr-FR\",\"@id\":\"https:\/\/www.jibble.io\/fr#\/schema\/logo\/image\/\",\"url\":\"https:\/\/www.jibble.io\/wp-content\/uploads\/2022\/05\/Original-copy-923x1024.png\",\"contentUrl\":\"https:\/\/www.jibble.io\/wp-content\/uploads\/2022\/05\/Original-copy-923x1024.png\",\"width\":\"923\",\"height\":\"1024\",\"caption\":\"Jibble\"},\"image\":{\"@id\":\"https:\/\/www.jibble.io\/fr#\/schema\/logo\/image\/\"},\"sameAs\":[\"https:\/\/www.linkedin.com\/company\/jibble\/\"]}]}<\/script>\n<!-- \/ Yoast SEO Premium plugin. -->","yoast_head_json":{"title":"Suivi du temps Notion 100 % GRATUIT | Jibble\u2122","description":"Int\u00e9grez le suivi du temps \u00e0 Notion pour une gestion pr\u00e9cise et efficace des heures de travail. Nombre illimit\u00e9 d'utilisateurs.","robots":{"index":"index","follow":"follow","max-snippet":"max-snippet:-1","max-image-preview":"max-image-preview:large","max-video-preview":"max-video-preview:-1"},"canonical":"https:\/\/www.jibble.io\/fr\/suivi-temps-notion","og_locale":"fr_FR","og_type":"article","og_title":"Suivi du temps Notion 100 % GRATUIT | Jibble\u2122","og_description":"Int\u00e9grez le suivi du temps \u00e0 Notion pour une gestion pr\u00e9cise et efficace des heures de travail. Nombre illimit\u00e9 d'utilisateurs.","og_url":"https:\/\/www.jibble.io\/fr\/suivi-temps-notion","og_site_name":"Jibble","article_modified_time":"2026-03-06T10:43:21+00:00","twitter_card":"summary_large_image","twitter_misc":{"Dur\u00e9e de lecture estim\u00e9e":"10 minutes"},"schema":{"@context":"https:\/\/schema.org","@graph":[{"@type":"WebPage","@id":"https:\/\/www.jibble.io\/fr\/suivi-temps-notion","url":"https:\/\/www.jibble.io\/fr\/suivi-temps-notion","name":"Suivi du temps Notion 100 % GRATUIT | Jibble\u2122","isPartOf":{"@id":"https:\/\/www.jibble.io\/fr#website"},"datePublished":"2022-05-18T22:39:00+00:00","dateModified":"2026-03-06T10:43:21+00:00","description":"Int\u00e9grez le suivi du temps \u00e0 Notion pour une gestion pr\u00e9cise et efficace des heures de travail. Nombre illimit\u00e9 d'utilisateurs.","inLanguage":"fr-FR","potentialAction":[{"@type":"ReadAction","target":["https:\/\/www.jibble.io\/fr\/suivi-temps-notion"]}]},{"@type":"WebSite","@id":"https:\/\/www.jibble.io\/fr#website","url":"https:\/\/www.jibble.io\/fr","name":"Jibble","description":"Meet the new standard in time tracking software","publisher":{"@id":"https:\/\/www.jibble.io\/fr#organization"},"potentialAction":[{"@type":"SearchAction","target":{"@type":"EntryPoint","urlTemplate":"https:\/\/www.jibble.io\/fr?s={search_term_string}"},"query-input":{"@type":"PropertyValueSpecification","valueRequired":true,"valueName":"search_term_string"}}],"inLanguage":"fr-FR"},{"@type":"Organization","@id":"https:\/\/www.jibble.io\/fr#organization","name":"Jibble","url":"https:\/\/www.jibble.io\/fr","logo":{"@type":"ImageObject","inLanguage":"fr-FR","@id":"https:\/\/www.jibble.io\/fr#\/schema\/logo\/image\/","url":"https:\/\/www.jibble.io\/wp-content\/uploads\/2022\/05\/Original-copy-923x1024.png","contentUrl":"https:\/\/www.jibble.io\/wp-content\/uploads\/2022\/05\/Original-copy-923x1024.png","width":"923","height":"1024","caption":"Jibble"},"image":{"@id":"https:\/\/www.jibble.io\/fr#\/schema\/logo\/image\/"},"sameAs":["https:\/\/www.linkedin.com\/company\/jibble\/"]}]}},"_links":{"self":[{"href":"https:\/\/www.jibble.io\/fr\/wp-json\/wp\/v2\/pages\/22433","targetHints":{"allow":["GET"]}}],"collection":[{"href":"https:\/\/www.jibble.io\/fr\/wp-json\/wp\/v2\/pages"}],"about":[{"href":"https:\/\/www.jibble.io\/fr\/wp-json\/wp\/v2\/types\/page"}],"author":[{"embeddable":true,"href":"https:\/\/www.jibble.io\/fr\/wp-json\/wp\/v2\/users\/34"}],"replies":[{"embeddable":true,"href":"https:\/\/www.jibble.io\/fr\/wp-json\/wp\/v2\/comments?post=22433"}],"version-history":[{"count":3,"href":"https:\/\/www.jibble.io\/fr\/wp-json\/wp\/v2\/pages\/22433\/revisions"}],"predecessor-version":[{"id":387329,"href":"https:\/\/www.jibble.io\/fr\/wp-json\/wp\/v2\/pages\/22433\/revisions\/387329"}],"wp:attachment":[{"href":"https:\/\/www.jibble.io\/fr\/wp-json\/wp\/v2\/media?parent=22433"}],"curies":[{"name":"wp","href":"https:\/\/api.w.org\/{rel}","templated":true}]}}