{"id":22429,"date":"2022-05-17T20:00:00","date_gmt":"2022-05-17T19:00:00","guid":{"rendered":"https:\/\/marketing.jibble.io\/microsoft-teams-time-tracking"},"modified":"2026-03-03T08:59:58","modified_gmt":"2026-03-03T08:59:58","slug":"suivi-du-temps-microsoft-teams","status":"publish","type":"page","link":"https:\/\/www.jibble.io\/fr\/suivi-du-temps-microsoft-teams","title":{"rendered":"Microsoft Teams Time Tracking"},"content":{"rendered":"<p>17904<br \/>\n17904<br \/>\nMS teams Notifications<br \/>\nmsteamsnotifications-e1652833497499.<br \/>\n41979<\/p>\n<p>6<\/p>\n<p>msteamsnotifications-2<\/p>\n<p>22429<br \/>\n2021-06-14 04:56:10<br \/>\n2021-06-14 04:56:10<br \/>\n0<\/p>\n<p>759<br \/>\n573<\/p>\n<p>150<br \/>\n150<\/p>\n<p>300<br \/>\n226<\/p>\n<p>768<br \/>\n669<\/p>\n<p>759<br \/>\n573<\/p>\n<p>759<br \/>\n573<\/p>\n<p>759<br \/>\n573<\/p>\n<p>The magic starts when you Jibble in!<br \/>\nJust type \u00ab\u00a0in\u00a0\u00bb to clock in!<\/p>\n<p>Simple slash commands for your team members to track time as soon as they log on to start their day.<\/p>\n<p>Using Jibble in Microsoft Teams<\/p>\n<blockquote class=\"wp-embedded-content\" data-secret=\"Vg3NouP9Pk\"><p><a href=\"https:\/\/www.jibble.io\/help\/integrations\/using-jibble-in-microsoft-teams\">Using Jibble in Microsoft Teams<\/a><\/p><\/blockquote>\n<p><iframe class=\"wp-embedded-content\" sandbox=\"allow-scripts\" security=\"restricted\" style=\"position: absolute; clip: rect(1px, 1px, 1px, 1px);\" title=\"&#8220;Using Jibble in Microsoft Teams&#8221; &#8212; Jibble\" src=\"https:\/\/www.jibble.io\/help\/integrations\/using-jibble-in-microsoft-teams\/embed#?secret=BzhpFqEhPo#?secret=Vg3NouP9Pk\" data-secret=\"Vg3NouP9Pk\" width=\"600\" height=\"338\" frameborder=\"0\" marginwidth=\"0\" marginheight=\"0\" scrolling=\"no\"><\/iframe><\/p>\n<p>17900<br \/>\n17900<br \/>\nMS Teams In and Out<br \/>\nMSteamsinout.<br \/>\n24199<\/p>\n<p>6<\/p>\n<p>msteamsinout-2<\/p>\n<p>22429<br \/>\n2021-06-14 04:55:09<br \/>\n2021-06-14 04:55:09<br \/>\n0<\/p>\n<p>904<br \/>\n486<\/p>\n<p>150<br \/>\n150<\/p>\n<p>300<br \/>\n161<\/p>\n<p>768<br \/>\n413<\/p>\n<p>768<br \/>\n413<\/p>\n<p>900<br \/>\n484<\/p>\n<p>900<br \/>\n484<\/p>\n<p>Simplified timesheet data in MS Teams<\/p>\n<p>View daily summaries, weekly timesheets and logs without leaving Microsoft Teams. Or view it all in Jibble\u2019s timesheet software.<\/p>\n<p>17902<br \/>\n17902<br \/>\nMS Teams Timesheets<br \/>\nmsteamstimesheets.<br \/>\n28308<\/p>\n<p>6<\/p>\n<p>msteamstimesheets-2<\/p>\n<p>22429<br \/>\n2021-06-14 04:55:51<br \/>\n2021-06-14 04:55:51<br \/>\n0<\/p>\n<p>904<br \/>\n446<\/p>\n<p>150<br \/>\n150<\/p>\n<p>300<br \/>\n148<\/p>\n<p>768<br \/>\n379<\/p>\n<p>768<br \/>\n379<\/p>\n<p>900<br \/>\n444<\/p>\n<p>900<br \/>\n444<\/p>\n<p>Notifications sent to where you&rsquo;re working<br \/>\n&#8230;right in MS Teams<\/p>\n<p>Stay on top of your daily entries, tracked hours and payroll hours through customizable notifications.<\/p>\n<p>17904<br \/>\n17904<br \/>\nMS teams Notifications<br \/>\nmsteamsnotifications-e1652833497499.<br \/>\n41979<\/p>\n<p>6<\/p>\n<p>msteamsnotifications-2<\/p>\n<p>22429<br \/>\n2021-06-14 04:56:10<br \/>\n2021-06-14 04:56:10<br \/>\n0<\/p>\n<p>759<br \/>\n573<\/p>\n<p>150<br \/>\n150<\/p>\n<p>300<br \/>\n226<\/p>\n<p>768<br \/>\n669<\/p>\n<p>759<br \/>\n573<\/p>\n<p>759<br \/>\n573<\/p>\n<p>759<br \/>\n573<\/p>\n<p>What have you been working on?<br \/>\nJust type in \u00ab\u00a0log\u00a0\u00bb<\/p>\n<p>By making time tracking and data so accessible within MS Teams, making your team actually use MS Teams becomes so much easier.<\/p>\n<p>18663<br \/>\n18663<br \/>\nMicrosoft Teams View Timesheets<br \/>\napps.43130.0c64a8cc-5282-450c-934b-b81002a599e5.a53f2d0a-e0f0-4620-a909-ff721f7b1464.92ea4649-4b2a-467b-ba1a-80f23ca15461-e1652831009972.jpeg<br \/>\n15513<\/p>\n<p>6<\/p>\n<p>apps-43130-0c64a8cc-5282-450c-934b-b81002a599e5-a53f2d0a-e0f0-4620-a909-ff721f7b1464-92ea4649-4b2a-467b-ba1a-80f23ca15461-2<\/p>\n<p>22429<br \/>\n2022-05-17 23:42:06<br \/>\n2022-05-17 23:42:06<br \/>\n0<br \/>\n\/jpeg<\/p>\n<p>jpeg<\/p>\n<p>795<br \/>\n399<\/p>\n<p>150<br \/>\n150<\/p>\n<p>300<br \/>\n151<\/p>\n<p>768<br \/>\n385<\/p>\n<p>768<br \/>\n432<\/p>\n<p>795<br \/>\n399<\/p>\n<p>795<br \/>\n399<\/p>\n<p>So who&rsquo;s working today?<br \/>\nJust type in \u00ab\u00a0all\u00a0\u00bb<\/p>\n<p>\u2026and you\u2019ll know who\u2019s in, who\u2019s not, and what everyone is working on. A great way to keep the team connected.<\/p>\n<p>18667<br \/>\n18667<br \/>\nMicrosoft Teams Attendance<br \/>\napps.48003.0c64a8cc-5282-450c-934b-b81002a599e5.a53f2d0a-e0f0-4620-a909-ff721f7b1464.a5d9c87c-2a9c-4e63-92a8-d9c607f475f7-e1652832359947.jpeg<br \/>\n18793<\/p>\n<p>6<\/p>\n<p>apps-48003-0c64a8cc-5282-450c-934b-b81002a599e5-a53f2d0a-e0f0-4620-a909-ff721f7b1464-a5d9c87c-2a9c-4e63-92a8-d9c607f475f7-2<\/p>\n<p>22429<br \/>\n2022-05-17 23:44:44<br \/>\n2022-05-17 23:44:44<br \/>\n0<br \/>\n\/jpeg<\/p>\n<p>jpeg<\/p>\n<p>770<br \/>\n400<\/p>\n<p>150<br \/>\n150<\/p>\n<p>300<br \/>\n156<\/p>\n<p>768<br \/>\n399<\/p>\n<p>768<br \/>\n432<\/p>\n<p>770<br \/>\n400<\/p>\n<p>770<br \/>\n400<\/p>\n<p>Get help the moment you need it<br \/>\nJust type \u00ab\u00a0help\u00a0\u00bb<\/p>\n<p>Find out how to talk to your MS Teams Jibble bot to get the most out of it by simply typing in \u201chelp\u201d.<\/p>\n<p>18661<br \/>\n18661<br \/>\nMicrosoft Teams Time Tracking Help<br \/>\napps.31324.0c64a8cc-5282-450c-934b-b81002a599e5.82c37e81-f8ab-487f-8e52-da0bc2b9f464.985290b2-5654-481b-a2bc-b0908792c36b-e1652832241478.<br \/>\n20746<\/p>\n<p>6<\/p>\n<p>apps-31324-0c64a8cc-5282-450c-934b-b81002a599e5-82c37e81-f8ab-487f-8e52-da0bc2b9f464-985290b2-5654-481b-a2bc-b0908792c36b-2<\/p>\n<p>22429<br \/>\n2022-05-17 23:37:43<br \/>\n2022-05-17 23:37:43<br \/>\n0<\/p>\n<p>903<br \/>\n705<\/p>\n<p>150<br \/>\n150<\/p>\n<p>300<br \/>\n234<\/p>\n<p>768<br \/>\n600<\/p>\n<p>768<br \/>\n432<\/p>\n<p>900<br \/>\n703<\/p>\n<p>900<br \/>\n703<\/p>\n<p>Getting started is easy<br \/>\nHave your teams Jibbling in and out in minutes<\/p>\n<ol>\n<li>Create an account with Jibble. It\u2019s free forever for unlimited users.<\/li>\n<li>Go to Integrations in Jibble, and click on Microsoft Teams. Connect your Teams account with Jibble.<\/li>\n<li>Invite your team members via Jibble. Make sure their email address in MS Teams matches the email address you invited them to Jibble with.<\/li>\n<li>That\u2019s it!<\/li>\n<\/ol>\n<p>18467<br \/>\n18467<br \/>\nSoyez int\u00e9gr\u00e9 rapidement<br \/>\neasy-invite-e1652665504556.<br \/>\n75742<\/p>\n<p>Soyez int\u00e9gr\u00e9 rapidement<br \/>\n6<\/p>\n<p>Soyez int\u00e9gr\u00e9 rapidement<br \/>\neasy-invite-2<\/p>\n<p>22157<br \/>\n2022-04-29 14:56:42<br \/>\n2023-04-05 18:42:10<br \/>\n0<\/p>\n<p>1977<br \/>\n1670<\/p>\n<p>150<br \/>\n150<\/p>\n<p>300<br \/>\n253<\/p>\n<p>768<br \/>\n649<\/p>\n<p>768<br \/>\n649<\/p>\n<p>900<br \/>\n760<\/p>\n<p>900<br \/>\n760<\/p>\n<p>WP_Post Object<\/p>\n<p>1590<br \/>\n6<br \/>\n2021-05-12 17:13:28<br \/>\n2021-05-12 09:13:28<\/p>\n<p>Icon Chat<\/p>\n<p>icon-chat-2<\/p>\n<p>2021-05-12 17:13:28<br \/>\n2021-05-12 09:13:28<\/p>\n<p>0<br \/>\n=icons&amp;p=1590<br \/>\n0<br \/>\nicons<\/p>\n<p>0<\/p>\n<p>17754<br \/>\n17754<br \/>\nPlus de fonctionnalit\u00e9s<br \/>\nmore-features.svg<br \/>\n46311<\/p>\n<p>Suivi du temps depuis le mobile<br \/>\n6<\/p>\n<p>more-features-2-2<\/p>\n<p>22429<br \/>\n2021-04-25 15:49:12<br \/>\n2023-04-05 19:24:04<br \/>\n0<br \/>\n\/svg+xml<\/p>\n<p>svg+xml<\/p>\n<p>0<br \/>\n0<\/p>\n<p>1<br \/>\n1<\/p>\n<p>1<br \/>\n1<\/p>\n<p>1<br \/>\n1<\/p>\n<p>1<br \/>\n1<\/p>\n<p>1<br \/>\n1<\/p>\n<p>1<br \/>\n1<\/p>\n<p>Yes<\/p>\n<p>Yes<\/p>\n<p>WP_Post Object<\/p>\n<p>4733<br \/>\n22<br \/>\n2022-05-17 20:57:23<br \/>\n2022-05-18 00:57:23<\/p>\n<p>Tarek A &#8211; Jibble is a very important tool &#8211; MS Teams<\/p>\n<p>tarek-a-jibble-is-a-very-important-tool-ms-teams<\/p>\n<p>2022-05-17 20:57:23<br \/>\n2022-05-18 00:57:23<\/p>\n<p>0<br \/>\n=user_reviews&amp;p=4733<br \/>\n0<br \/>\nuser_reviews<\/p>\n<p>0<\/p>\n<p>WP_Post Object<\/p>\n<p>4729<br \/>\n22<br \/>\n2022-05-17 20:52:41<br \/>\n2022-05-18 00:52:41<\/p>\n<p>Roshan Raj &#8211; Highly recommend Jibble to everyone! &#8211; MS Teams<\/p>\n<p>roshan-raj-highly-recommend-jibble-to-everyone-ms-teams<\/p>\n<p>2022-05-17 20:52:41<br \/>\n2022-05-18 00:52:41<\/p>\n<p>0<br \/>\n=user_reviews&amp;p=4729<br \/>\n0<br \/>\nuser_reviews<\/p>\n<p>0<\/p>\n<p>WP_Post Object<\/p>\n<p>4731<br \/>\n22<br \/>\n2022-05-17 20:55:56<br \/>\n2022-05-18 00:55:56<\/p>\n<p>Peter W &#8211; Jibble has become a verb &#8211; MS Teams<\/p>\n<p>peter-w-jibble-has-become-a-verb-ms-teams<\/p>\n<p>2022-05-17 20:55:56<br \/>\n2022-05-18 00:55:56<\/p>\n<p>0<br \/>\n=user_reviews&amp;p=4731<br \/>\n0<br \/>\nuser_reviews<\/p>\n<p>0<\/p>\n<p>WP_Post Object<\/p>\n<p>4735<br \/>\n22<br \/>\n2022-05-17 21:02:13<br \/>\n2022-05-18 01:02:13<\/p>\n<p>Asem A &#8211; Jibble has incredible integration with MS Teams &#8211; MS Teams<\/p>\n<p>asem-a-jibble-has-incredible-integration-with-ms-teams-ms-teams<\/p>\n<p>2022-05-17 21:02:13<br \/>\n2022-05-18 01:02:13<\/p>\n<p>0<br \/>\n=user_reviews&amp;p=4735<br \/>\n0<br \/>\nuser_reviews<\/p>\n<p>0<\/p>\n<p>WP_Post Object<\/p>\n<p>4727<br \/>\n22<br \/>\n2022-05-17 20:49:44<br \/>\n2022-05-18 00:49:44<\/p>\n<p>Amit M &#8211; Jibble has loads of features &#8211; MS Teams<\/p>\n<p>amit-m-jibble-has-loads-of-features-ms-teams<\/p>\n<p>2022-09-29 17:20:44<br \/>\n2022-09-29 21:20:44<\/p>\n<p>0<br \/>\n=user_reviews&amp;p=4727<br \/>\n0<br \/>\nuser_reviews<\/p>\n<p>0<\/p>\n<p>WP_Post Object<\/p>\n<p>4351<br \/>\n6<br \/>\n2022-05-07 07:20:39<br \/>\n2022-05-07 11:20:39<\/p>\n<p>Ayish A &#8211; Jibble to the rescue! &#8211; Time Clock App<\/p>\n<p>ayish-a-jibble-to-the-rescue-time-clock-app<\/p>\n<p>2022-05-07 07:20:39<br \/>\n2022-05-07 11:20:39<\/p>\n<p>0<br \/>\n=user_reviews&amp;p=4351<br \/>\n0<br \/>\nuser_reviews<\/p>\n<p>0<\/p>\n<p>WP_Post Object<\/p>\n<p>4327<br \/>\n6<br \/>\n2022-05-07 06:05:35<br \/>\n2022-05-07 10:05:35<\/p>\n<p>Mara F &#8211; Love Jibble &#8211; href: work time calculator<\/p>\n<p>mara-f-love-jibble-timecard-calculator<\/p>\n<p>2022-11-25 04:21:08<br \/>\n2022-11-25 09:21:08<\/p>\n<p>0<br \/>\n=user_reviews&amp;p=4327<br \/>\n0<br \/>\nuser_reviews<\/p>\n<p>0<\/p>\n<p>WP_Post Object<\/p>\n<p>1559<br \/>\n6<br \/>\n2021-05-12 11:58:02<br \/>\n2021-05-12 03:58:02<\/p>\n<p>Diane Miller &#8211; Exceeded our needs<\/p>\n<p>diane-miller-exceeded-our-needs<\/p>\n<p>2021-08-08 17:07:22<br \/>\n2021-08-08 09:07:22<\/p>\n<p>0<br \/>\n=user_reviews&amp;p=1559<br \/>\n0<br \/>\nuser_reviews<\/p>\n<p>0<\/p>\n","protected":false},"excerpt":{"rendered":"<p>17904 17904 MS teams Notifications msteamsnotifications-e1652833497499. 41979 6 msteamsnotifications-2 22429 2021-06-14 04:56:10 2021-06-14 04:56:10 0 759 573 150 150 300 226 768 669 759 573 759 573 759 573 The magic starts when you Jibble in! Just type \u00ab\u00a0in\u00a0\u00bb to clock in! Simple slash commands for your team members to track time as soon as [&hellip;]<\/p>\n","protected":false},"author":34,"featured_media":0,"parent":0,"menu_order":0,"comment_status":"closed","ping_status":"closed","template":"template-feature-new-youtube.php","meta":{"_acf_changed":false,"footnotes":""},"class_list":["post-22429","page","type-page","status-publish","hentry"],"acf":[],"yoast_head":"<!-- This site is optimized with the Yoast SEO Premium plugin v26.8 (Yoast SEO v26.8) - https:\/\/yoast.com\/product\/yoast-seo-premium-wordpress\/ -->\n<title>Suivi du temps Microsoft Teams 100 % GRATUIT | Jibble\u2122<\/title>\n<meta name=\"description\" content=\"Utilisez les commandes bot dans MS Teams pour suivre le temps et g\u00e9rer vos \u00e9quipes : notifications, feuilles de temps, suivi des pr\u00e9sences.\" \/>\n<meta name=\"robots\" content=\"index, follow, max-snippet:-1, max-image-preview:large, max-video-preview:-1\" \/>\n<link rel=\"canonical\" href=\"https:\/\/www.jibble.io\/fr\/suivi-du-temps-microsoft-teams\" \/>\n<meta property=\"og:locale\" content=\"fr_FR\" \/>\n<meta property=\"og:type\" content=\"article\" \/>\n<meta property=\"og:title\" content=\"Suivi du temps Microsoft Teams 100 % GRATUIT | Jibble\u2122\" \/>\n<meta property=\"og:description\" content=\"Utilisez les commandes bot dans MS Teams pour suivre le temps et g\u00e9rer vos \u00e9quipes : notifications, feuilles de temps, suivi des pr\u00e9sences.\" \/>\n<meta property=\"og:url\" content=\"https:\/\/www.jibble.io\/fr\/suivi-du-temps-microsoft-teams\" \/>\n<meta property=\"og:site_name\" content=\"Jibble\" \/>\n<meta property=\"article:modified_time\" content=\"2026-03-03T08:59:58+00:00\" \/>\n<meta name=\"twitter:card\" content=\"summary_large_image\" \/>\n<meta name=\"twitter:label1\" content=\"Dur\u00e9e de lecture estim\u00e9e\" \/>\n\t<meta name=\"twitter:data1\" content=\"9 minutes\" \/>\n<script type=\"application\/ld+json\" class=\"yoast-schema-graph\">{\"@context\":\"https:\/\/schema.org\",\"@graph\":[{\"@type\":\"WebPage\",\"@id\":\"https:\/\/www.jibble.io\/fr\/suivi-du-temps-microsoft-teams\",\"url\":\"https:\/\/www.jibble.io\/fr\/suivi-du-temps-microsoft-teams\",\"name\":\"Suivi du temps Microsoft Teams 100 % GRATUIT | Jibble\u2122\",\"isPartOf\":{\"@id\":\"https:\/\/www.jibble.io\/fr#website\"},\"datePublished\":\"2022-05-17T19:00:00+00:00\",\"dateModified\":\"2026-03-03T08:59:58+00:00\",\"description\":\"Utilisez les commandes bot dans MS Teams pour suivre le temps et g\u00e9rer vos \u00e9quipes : notifications, feuilles de temps, suivi des pr\u00e9sences.\",\"inLanguage\":\"fr-FR\",\"potentialAction\":[{\"@type\":\"ReadAction\",\"target\":[\"https:\/\/www.jibble.io\/fr\/suivi-du-temps-microsoft-teams\"]}]},{\"@type\":\"WebSite\",\"@id\":\"https:\/\/www.jibble.io\/fr#website\",\"url\":\"https:\/\/www.jibble.io\/fr\",\"name\":\"Jibble\",\"description\":\"Meet the new standard in time tracking software\",\"publisher\":{\"@id\":\"https:\/\/www.jibble.io\/fr#organization\"},\"potentialAction\":[{\"@type\":\"SearchAction\",\"target\":{\"@type\":\"EntryPoint\",\"urlTemplate\":\"https:\/\/www.jibble.io\/fr?s={search_term_string}\"},\"query-input\":{\"@type\":\"PropertyValueSpecification\",\"valueRequired\":true,\"valueName\":\"search_term_string\"}}],\"inLanguage\":\"fr-FR\"},{\"@type\":\"Organization\",\"@id\":\"https:\/\/www.jibble.io\/fr#organization\",\"name\":\"Jibble\",\"url\":\"https:\/\/www.jibble.io\/fr\",\"logo\":{\"@type\":\"ImageObject\",\"inLanguage\":\"fr-FR\",\"@id\":\"https:\/\/www.jibble.io\/fr#\/schema\/logo\/image\/\",\"url\":\"https:\/\/www.jibble.io\/wp-content\/uploads\/2022\/05\/Original-copy-923x1024.png\",\"contentUrl\":\"https:\/\/www.jibble.io\/wp-content\/uploads\/2022\/05\/Original-copy-923x1024.png\",\"width\":\"923\",\"height\":\"1024\",\"caption\":\"Jibble\"},\"image\":{\"@id\":\"https:\/\/www.jibble.io\/fr#\/schema\/logo\/image\/\"},\"sameAs\":[\"https:\/\/www.linkedin.com\/company\/jibble\/\"]}]}<\/script>\n<!-- \/ Yoast SEO Premium plugin. -->","yoast_head_json":{"title":"Suivi du temps Microsoft Teams 100 % GRATUIT | Jibble\u2122","description":"Utilisez les commandes bot dans MS Teams pour suivre le temps et g\u00e9rer vos \u00e9quipes : notifications, feuilles de temps, suivi des pr\u00e9sences.","robots":{"index":"index","follow":"follow","max-snippet":"max-snippet:-1","max-image-preview":"max-image-preview:large","max-video-preview":"max-video-preview:-1"},"canonical":"https:\/\/www.jibble.io\/fr\/suivi-du-temps-microsoft-teams","og_locale":"fr_FR","og_type":"article","og_title":"Suivi du temps Microsoft Teams 100 % GRATUIT | Jibble\u2122","og_description":"Utilisez les commandes bot dans MS Teams pour suivre le temps et g\u00e9rer vos \u00e9quipes : notifications, feuilles de temps, suivi des pr\u00e9sences.","og_url":"https:\/\/www.jibble.io\/fr\/suivi-du-temps-microsoft-teams","og_site_name":"Jibble","article_modified_time":"2026-03-03T08:59:58+00:00","twitter_card":"summary_large_image","twitter_misc":{"Dur\u00e9e de lecture estim\u00e9e":"9 minutes"},"schema":{"@context":"https:\/\/schema.org","@graph":[{"@type":"WebPage","@id":"https:\/\/www.jibble.io\/fr\/suivi-du-temps-microsoft-teams","url":"https:\/\/www.jibble.io\/fr\/suivi-du-temps-microsoft-teams","name":"Suivi du temps Microsoft Teams 100 % GRATUIT | Jibble\u2122","isPartOf":{"@id":"https:\/\/www.jibble.io\/fr#website"},"datePublished":"2022-05-17T19:00:00+00:00","dateModified":"2026-03-03T08:59:58+00:00","description":"Utilisez les commandes bot dans MS Teams pour suivre le temps et g\u00e9rer vos \u00e9quipes : notifications, feuilles de temps, suivi des pr\u00e9sences.","inLanguage":"fr-FR","potentialAction":[{"@type":"ReadAction","target":["https:\/\/www.jibble.io\/fr\/suivi-du-temps-microsoft-teams"]}]},{"@type":"WebSite","@id":"https:\/\/www.jibble.io\/fr#website","url":"https:\/\/www.jibble.io\/fr","name":"Jibble","description":"Meet the new standard in time tracking software","publisher":{"@id":"https:\/\/www.jibble.io\/fr#organization"},"potentialAction":[{"@type":"SearchAction","target":{"@type":"EntryPoint","urlTemplate":"https:\/\/www.jibble.io\/fr?s={search_term_string}"},"query-input":{"@type":"PropertyValueSpecification","valueRequired":true,"valueName":"search_term_string"}}],"inLanguage":"fr-FR"},{"@type":"Organization","@id":"https:\/\/www.jibble.io\/fr#organization","name":"Jibble","url":"https:\/\/www.jibble.io\/fr","logo":{"@type":"ImageObject","inLanguage":"fr-FR","@id":"https:\/\/www.jibble.io\/fr#\/schema\/logo\/image\/","url":"https:\/\/www.jibble.io\/wp-content\/uploads\/2022\/05\/Original-copy-923x1024.png","contentUrl":"https:\/\/www.jibble.io\/wp-content\/uploads\/2022\/05\/Original-copy-923x1024.png","width":"923","height":"1024","caption":"Jibble"},"image":{"@id":"https:\/\/www.jibble.io\/fr#\/schema\/logo\/image\/"},"sameAs":["https:\/\/www.linkedin.com\/company\/jibble\/"]}]}},"_links":{"self":[{"href":"https:\/\/www.jibble.io\/fr\/wp-json\/wp\/v2\/pages\/22429","targetHints":{"allow":["GET"]}}],"collection":[{"href":"https:\/\/www.jibble.io\/fr\/wp-json\/wp\/v2\/pages"}],"about":[{"href":"https:\/\/www.jibble.io\/fr\/wp-json\/wp\/v2\/types\/page"}],"author":[{"embeddable":true,"href":"https:\/\/www.jibble.io\/fr\/wp-json\/wp\/v2\/users\/34"}],"replies":[{"embeddable":true,"href":"https:\/\/www.jibble.io\/fr\/wp-json\/wp\/v2\/comments?post=22429"}],"version-history":[{"count":3,"href":"https:\/\/www.jibble.io\/fr\/wp-json\/wp\/v2\/pages\/22429\/revisions"}],"predecessor-version":[{"id":386420,"href":"https:\/\/www.jibble.io\/fr\/wp-json\/wp\/v2\/pages\/22429\/revisions\/386420"}],"wp:attachment":[{"href":"https:\/\/www.jibble.io\/fr\/wp-json\/wp\/v2\/media?parent=22429"}],"curies":[{"name":"wp","href":"https:\/\/api.w.org\/{rel}","templated":true}]}}