{"id":22428,"date":"2022-08-10T04:56:31","date_gmt":"2022-08-10T03:56:31","guid":{"rendered":"https:\/\/marketing.jibble.io\/microsoft-office-365-time-tracking"},"modified":"2026-02-27T16:56:24","modified_gmt":"2026-02-27T16:56:24","slug":"suivi-temps-microsoft-office","status":"publish","type":"page","link":"https:\/\/www.jibble.io\/fr\/suivi-temps-microsoft-office","title":{"rendered":"Suivi du temps Microsoft Office 365"},"content":{"rendered":"<p>Microsoft Office 365<br \/>\nCollaborate effortlessly<\/p>\n<p>Microsoft Office 365 is a suite of cloud-based productivity and collaboration applications that integrates all Microsoft\u2019s existing online applications to meet your organization\u2019s needs for robust security, reliability, and user productivity.<\/p>\n<p>19027<br \/>\n19027<br \/>\nMicrosoft Office 365 Logo<br \/>\nOffice365Logo.<br \/>\n91730<\/p>\n<p>Int\u00e9gration du suivi du temps de Microsoft office 365<br \/>\n22<\/p>\n<p>office365logo-2<\/p>\n<p>22428<br \/>\n2022-07-26 00:50:01<br \/>\n2023-04-05 20:12:03<br \/>\n0<\/p>\n<p>4076<br \/>\n2136<\/p>\n<p>150<br \/>\n150<\/p>\n<p>300<br \/>\n157<\/p>\n<p>768<br \/>\n402<\/p>\n<p>768<br \/>\n403<\/p>\n<p>900<br \/>\n472<\/p>\n<p>900<br \/>\n472<\/p>\n<p>Microsoft Office 365 + Jibble integration<br \/>\nHow it works<\/p>\n<p>Sync contacts between Jibble and Microsoft Office 365, use Jibble to track time when a calendar event starts and create calendar events from activities and projects in Jibble so you can stay on top of your work.<\/p>\n<p>18598<br \/>\n18598<br \/>\nJibble Integrations<br \/>\nJibble_11_Integrations-with-different-platforms.<br \/>\n42268<\/p>\n<p>R\u00e9seau de gestion du temps et de la pr\u00e9sence<br \/>\n6<\/p>\n<p>jibble_11_integrations-with-different-platforms-2<\/p>\n<p>22428<br \/>\n2022-05-08 03:34:16<br \/>\n2023-04-05 20:24:11<br \/>\n0<\/p>\n<p>1200<br \/>\n720<\/p>\n<p>150<br \/>\n150<\/p>\n<p>300<br \/>\n180<\/p>\n<p>768<br \/>\n461<\/p>\n<p>768<br \/>\n461<\/p>\n<p>900<br \/>\n540<\/p>\n<p>900<br \/>\n540<\/p>\n<p>Tracking hours<br \/>\nSync events for accurate time tracking<\/p>\n<p>Sync events in Microsoft Office 365 with Jibble to start tracking time with a simple click. Easily monitor time spent on various events or meetings with our time tracking solution. Jibble\u2019s timesheets are available on your mobile, tablet or desktop so you can track time everywhere.<\/p>\n<p>18397<br \/>\n18397<br \/>\nTimesheet with Mobile<br \/>\ntime-clock-app-and-timesheet.webp<br \/>\n93624<\/p>\n<p>6<\/p>\n<p>time-clock-app-and-timesheet-3-2<\/p>\n<p>22470<br \/>\n2022-04-27 08:25:00<br \/>\n2022-04-27 08:25:00<br \/>\n0<br \/>\n\/webp<\/p>\n<p>webp<\/p>\n<p>900<br \/>\n710<\/p>\n<p>150<br \/>\n150<\/p>\n<p>300<br \/>\n237<\/p>\n<p>768<br \/>\n606<\/p>\n<p>768<br \/>\n606<\/p>\n<p>900<br \/>\n710<\/p>\n<p>900<br \/>\n710<\/p>\n<p>Get insights together<br \/>\nSync activities and projects for accurate reporting<\/p>\n<p>Easily create calendar events in Microsoft Office 365 from activities and projects in Jibble. Know who\u2019s working on what activity, project, or client with real-time dashboards. Then, use Jibble\u2019s advanced reports to give you insights you\u2019ll wonder how you managed without.<\/p>\n<p>18909<br \/>\n18909<br \/>\nReport-Activities<br \/>\nReport-Activities.<br \/>\n214710<\/p>\n<p>6<\/p>\n<p>report-activities-2-2<\/p>\n<p>22369<br \/>\n2022-06-02 06:45:32<br \/>\n2022-06-02 06:45:32<br \/>\n0<\/p>\n<p>1254<br \/>\n1116<\/p>\n<p>150<br \/>\n150<\/p>\n<p>300<br \/>\n267<\/p>\n<p>768<br \/>\n683<\/p>\n<p>768<br \/>\n683<\/p>\n<p>900<br \/>\n801<\/p>\n<p>900<br \/>\n801<\/p>\n<p>Detailed analytics &amp; feedback<br \/>\nPowerful analytics<\/p>\n<p>Generate daily, weekly, and monthly timesheets, saving you time and money. Use our multiple filters to identify patterns, analyze time spent on your events and projects, and improve time utilization.<\/p>\n<p>18437<br \/>\n18437<br \/>\nTimesheet Software and Payroll Reports<br \/>\ntimesheet-software-and-payroll-reports.webp<br \/>\n98612<\/p>\n<p>6<\/p>\n<p>Timesheet software and payroll reports<br \/>\ntimesheet-software-and-payroll-reports-2<\/p>\n<p>22476<br \/>\n2022-04-28 00:46:29<br \/>\n2022-04-28 00:46:29<br \/>\n0<br \/>\n\/webp<\/p>\n<p>webp<\/p>\n<p>1024<br \/>\n740<\/p>\n<p>150<br \/>\n150<\/p>\n<p>300<br \/>\n217<\/p>\n<p>768<br \/>\n555<\/p>\n<p>768<br \/>\n555<\/p>\n<p>900<br \/>\n650<\/p>\n<p>900<br \/>\n650<\/p>\n<p>Getting started is easy<br \/>\nIntegrate Jibble with Microsoft Office 365 in minutes<\/p>\n<ol>\n<li>Create an account with Jibble. It\u2019s free forever for unlimited users.<\/li>\n<li>Go to Integrations in Jibble, and click on Microsoft Office 365.<\/li>\n<li>Connect your Jibble account to your Microsoft account via Zapier to power your integration.<\/li>\n<li>Choose and sort triggers and actions between Jibble and Microsoft Office 365.<\/li>\n<li>That\u2019s it!<\/li>\n<\/ol>\n<p>18467<br \/>\n18467<br \/>\nSoyez int\u00e9gr\u00e9 rapidement<br \/>\neasy-invite-e1652665504556.<br \/>\n75742<\/p>\n<p>Soyez int\u00e9gr\u00e9 rapidement<br \/>\n6<\/p>\n<p>Soyez int\u00e9gr\u00e9 rapidement<br \/>\neasy-invite-2<\/p>\n<p>22157<br \/>\n2022-04-29 14:56:42<br \/>\n2023-04-05 18:42:10<br \/>\n0<\/p>\n<p>1977<br \/>\n1670<\/p>\n<p>150<br \/>\n150<\/p>\n<p>300<br \/>\n253<\/p>\n<p>768<br \/>\n649<\/p>\n<p>768<br \/>\n649<\/p>\n<p>900<br \/>\n760<\/p>\n<p>900<br \/>\n760<\/p>\n<p>Yes<\/p>\n<p>17918<br \/>\n17918<br \/>\nTime Tracking Activities<br \/>\nHero-home.<br \/>\n318132<\/p>\n<p>6<\/p>\n<p>hero-home-3-2<\/p>\n<p>22395<br \/>\n2021-06-15 08:55:44<br \/>\n2021-06-15 08:55:44<br \/>\n0<\/p>\n<p>1608<br \/>\n1120<\/p>\n<p>150<br \/>\n150<\/p>\n<p>300<br \/>\n209<\/p>\n<p>768<br \/>\n535<\/p>\n<p>768<br \/>\n535<\/p>\n<p>900<br \/>\n627<\/p>\n<p>900<br \/>\n627<\/p>\n<p>Yes<\/p>\n<p>WP_Post Object<\/p>\n<p>1547<br \/>\n6<br \/>\n2021-05-12 11:55:04<br \/>\n2021-05-12 03:55:04<\/p>\n<p>Shilles Steven Albert &#8211; Very user friendly<\/p>\n<p>shilles-steven-albert-very-user-friendly<\/p>\n<p>2022-11-25 07:12:29<br \/>\n2022-11-25 12:12:29<\/p>\n<p>0<br \/>\n=user_reviews&amp;p=1547<br \/>\n0<br \/>\nuser_reviews<\/p>\n<p>0<\/p>\n<p>WP_Post Object<\/p>\n<p>2271<br \/>\n6<br \/>\n2021-08-08 17:03:12<br \/>\n2021-08-08 09:03:12<\/p>\n<p>Sandra Hamnett &#8211; 10\/10<\/p>\n<p>sandra-hamnett-10-10<\/p>\n<p>2022-11-25 02:44:53<br \/>\n2022-11-25 07:44:53<\/p>\n<p>0<br \/>\n=user_reviews&amp;p=2271<br \/>\n0<br \/>\nuser_reviews<\/p>\n<p>0<\/p>\n<p>WP_Post Object<\/p>\n<p>2265<br \/>\n6<br \/>\n2021-08-08 16:53:13<br \/>\n2021-08-08 08:53:13<\/p>\n<p>Paul Andersen &#8211; Life-saving<\/p>\n<p>2265<\/p>\n<p>2021-08-08 16:53:36<br \/>\n2021-08-08 08:53:36<\/p>\n<p>0<br \/>\n=user_reviews&amp;p=2265<br \/>\n0<br \/>\nuser_reviews<\/p>\n<p>0<\/p>\n<p>WP_Post Object<\/p>\n<p>1539<br \/>\n6<br \/>\n2021-05-12 11:52:24<br \/>\n2021-05-12 03:52:24<\/p>\n<p>Ma. Louren Camballa &#8211; Jibble Rocks!<\/p>\n<p>ma-louren-camballa-jibble-rocks<\/p>\n<p>2021-05-12 11:52:24<br \/>\n2021-05-12 03:52:24<\/p>\n<p>0<br \/>\n=user_reviews&amp;p=1539<br \/>\n0<br \/>\nuser_reviews<\/p>\n<p>0<\/p>\n<p>WP_Post Object<\/p>\n<p>1554<br \/>\n6<br \/>\n2021-05-12 11:56:42<br \/>\n2021-05-12 03:56:42<\/p>\n<p>Matthew Ainge &#8211; Couldn&rsquo;t be easier<\/p>\n<p>matthew-ainge-couldnt-be-easier<\/p>\n<p>2021-05-12 11:56:42<br \/>\n2021-05-12 03:56:42<\/p>\n<p>0<br \/>\n=user_reviews&amp;p=1554<br \/>\n0<br \/>\nuser_reviews<\/p>\n<p>0<\/p>\n<p>WP_Post Object<\/p>\n<p>1550<br \/>\n6<br \/>\n2021-05-12 11:55:35<br \/>\n2021-05-12 03:55:35<\/p>\n<p>Omar Bayat &#8211; Great experience<\/p>\n<p>omar-bayat-great-experience<\/p>\n<p>2022-11-25 16:48:35<br \/>\n2022-11-25 21:48:35<\/p>\n<p>0<br \/>\n=user_reviews&amp;p=1550<br \/>\n0<br \/>\nuser_reviews<\/p>\n<p>0<\/p>\n<p>WP_Post Object<\/p>\n<p>1532<br \/>\n6<br \/>\n2021-05-12 11:50:39<br \/>\n2021-05-12 03:50:39<\/p>\n<p>Wasim Islam &#8211; Simple and intuitive<\/p>\n<p>wasim-islam-simple-and-intuitive<\/p>\n<p>2021-05-12 11:50:39<br \/>\n2021-05-12 03:50:39<\/p>\n<p>0<br \/>\n=user_reviews&amp;p=1532<br \/>\n0<br \/>\nuser_reviews<\/p>\n<p>0<\/p>\n<p>WP_Post Object<\/p>\n<p>1541<br \/>\n6<br \/>\n2021-05-12 11:53:01<br \/>\n2021-05-12 03:53:01<\/p>\n<p>Vitor Barroso &#8211; Easy to use, very accurate<\/p>\n<p>vitor-barroso-easy-to-use-very-accurate<\/p>\n<p>2022-11-25 07:05:06<br \/>\n2022-11-25 12:05:06<\/p>\n<p>0<br \/>\n=user_reviews&amp;p=1541<br \/>\n0<br \/>\nuser_reviews<\/p>\n<p>0<\/p>\n","protected":false},"excerpt":{"rendered":"<p>Microsoft Office 365 Collaborate effortlessly Microsoft Office 365 is a suite of cloud-based productivity and collaboration applications that integrates all Microsoft\u2019s existing online applications to meet your organization\u2019s needs for robust security, reliability, and user productivity. 19027 19027 Microsoft Office 365 Logo Office365Logo. 91730 Int\u00e9gration du suivi du temps de Microsoft office 365 22 office365logo-2 [&hellip;]<\/p>\n","protected":false},"author":34,"featured_media":0,"parent":0,"menu_order":0,"comment_status":"closed","ping_status":"closed","template":"template-feature.php","meta":{"_acf_changed":false,"footnotes":""},"class_list":["post-22428","page","type-page","status-publish","hentry"],"acf":[],"yoast_head":"<!-- This site is optimized with the Yoast SEO Premium plugin v26.8 (Yoast SEO v26.8) - https:\/\/yoast.com\/product\/yoast-seo-premium-wordpress\/ -->\n<title>Suivi du temps Microsoft Office 100 % GRATUIT | Jibble\u2122<\/title>\n<meta name=\"description\" content=\"Suivi du temps Microsoft Office pour des heures pr\u00e9cises et une efficacit\u00e9 accrue sur n&#039;importe quel appareil, utilisateurs illimit\u00e9s.\" \/>\n<meta name=\"robots\" content=\"index, follow, max-snippet:-1, max-image-preview:large, max-video-preview:-1\" \/>\n<link rel=\"canonical\" href=\"https:\/\/www.jibble.io\/fr\/suivi-temps-microsoft-office\" \/>\n<meta property=\"og:locale\" content=\"fr_FR\" \/>\n<meta property=\"og:type\" content=\"article\" \/>\n<meta property=\"og:title\" content=\"Suivi du temps Microsoft Office 100 % GRATUIT | Jibble\u2122\" \/>\n<meta property=\"og:description\" content=\"Suivi du temps Microsoft Office pour des heures pr\u00e9cises et une efficacit\u00e9 accrue sur n&#039;importe quel appareil, utilisateurs illimit\u00e9s.\" \/>\n<meta property=\"og:url\" content=\"https:\/\/www.jibble.io\/fr\/suivi-temps-microsoft-office\" \/>\n<meta property=\"og:site_name\" content=\"Jibble\" \/>\n<meta property=\"article:modified_time\" content=\"2026-02-27T16:56:24+00:00\" \/>\n<meta name=\"twitter:card\" content=\"summary_large_image\" \/>\n<meta name=\"twitter:label1\" content=\"Dur\u00e9e de lecture estim\u00e9e\" \/>\n\t<meta name=\"twitter:data1\" content=\"9 minutes\" \/>\n<script type=\"application\/ld+json\" class=\"yoast-schema-graph\">{\"@context\":\"https:\/\/schema.org\",\"@graph\":[{\"@type\":\"WebPage\",\"@id\":\"https:\/\/www.jibble.io\/fr\/suivi-temps-microsoft-office\",\"url\":\"https:\/\/www.jibble.io\/fr\/suivi-temps-microsoft-office\",\"name\":\"Suivi du temps Microsoft Office 100 % GRATUIT | Jibble\u2122\",\"isPartOf\":{\"@id\":\"https:\/\/www.jibble.io\/fr#website\"},\"datePublished\":\"2022-08-10T03:56:31+00:00\",\"dateModified\":\"2026-02-27T16:56:24+00:00\",\"description\":\"Suivi du temps Microsoft Office pour des heures pr\u00e9cises et une efficacit\u00e9 accrue sur n'importe quel appareil, utilisateurs illimit\u00e9s.\",\"inLanguage\":\"fr-FR\",\"potentialAction\":[{\"@type\":\"ReadAction\",\"target\":[\"https:\/\/www.jibble.io\/fr\/suivi-temps-microsoft-office\"]}]},{\"@type\":\"WebSite\",\"@id\":\"https:\/\/www.jibble.io\/fr#website\",\"url\":\"https:\/\/www.jibble.io\/fr\",\"name\":\"Jibble\",\"description\":\"Meet the new standard in time tracking software\",\"publisher\":{\"@id\":\"https:\/\/www.jibble.io\/fr#organization\"},\"potentialAction\":[{\"@type\":\"SearchAction\",\"target\":{\"@type\":\"EntryPoint\",\"urlTemplate\":\"https:\/\/www.jibble.io\/fr?s={search_term_string}\"},\"query-input\":{\"@type\":\"PropertyValueSpecification\",\"valueRequired\":true,\"valueName\":\"search_term_string\"}}],\"inLanguage\":\"fr-FR\"},{\"@type\":\"Organization\",\"@id\":\"https:\/\/www.jibble.io\/fr#organization\",\"name\":\"Jibble\",\"url\":\"https:\/\/www.jibble.io\/fr\",\"logo\":{\"@type\":\"ImageObject\",\"inLanguage\":\"fr-FR\",\"@id\":\"https:\/\/www.jibble.io\/fr#\/schema\/logo\/image\/\",\"url\":\"https:\/\/www.jibble.io\/wp-content\/uploads\/2022\/05\/Original-copy-923x1024.png\",\"contentUrl\":\"https:\/\/www.jibble.io\/wp-content\/uploads\/2022\/05\/Original-copy-923x1024.png\",\"width\":\"923\",\"height\":\"1024\",\"caption\":\"Jibble\"},\"image\":{\"@id\":\"https:\/\/www.jibble.io\/fr#\/schema\/logo\/image\/\"},\"sameAs\":[\"https:\/\/www.linkedin.com\/company\/jibble\/\"]}]}<\/script>\n<!-- \/ Yoast SEO Premium plugin. -->","yoast_head_json":{"title":"Suivi du temps Microsoft Office 100 % GRATUIT | Jibble\u2122","description":"Suivi du temps Microsoft Office pour des heures pr\u00e9cises et une efficacit\u00e9 accrue sur n'importe quel appareil, utilisateurs illimit\u00e9s.","robots":{"index":"index","follow":"follow","max-snippet":"max-snippet:-1","max-image-preview":"max-image-preview:large","max-video-preview":"max-video-preview:-1"},"canonical":"https:\/\/www.jibble.io\/fr\/suivi-temps-microsoft-office","og_locale":"fr_FR","og_type":"article","og_title":"Suivi du temps Microsoft Office 100 % GRATUIT | Jibble\u2122","og_description":"Suivi du temps Microsoft Office pour des heures pr\u00e9cises et une efficacit\u00e9 accrue sur n'importe quel appareil, utilisateurs illimit\u00e9s.","og_url":"https:\/\/www.jibble.io\/fr\/suivi-temps-microsoft-office","og_site_name":"Jibble","article_modified_time":"2026-02-27T16:56:24+00:00","twitter_card":"summary_large_image","twitter_misc":{"Dur\u00e9e de lecture estim\u00e9e":"9 minutes"},"schema":{"@context":"https:\/\/schema.org","@graph":[{"@type":"WebPage","@id":"https:\/\/www.jibble.io\/fr\/suivi-temps-microsoft-office","url":"https:\/\/www.jibble.io\/fr\/suivi-temps-microsoft-office","name":"Suivi du temps Microsoft Office 100 % GRATUIT | Jibble\u2122","isPartOf":{"@id":"https:\/\/www.jibble.io\/fr#website"},"datePublished":"2022-08-10T03:56:31+00:00","dateModified":"2026-02-27T16:56:24+00:00","description":"Suivi du temps Microsoft Office pour des heures pr\u00e9cises et une efficacit\u00e9 accrue sur n'importe quel appareil, utilisateurs illimit\u00e9s.","inLanguage":"fr-FR","potentialAction":[{"@type":"ReadAction","target":["https:\/\/www.jibble.io\/fr\/suivi-temps-microsoft-office"]}]},{"@type":"WebSite","@id":"https:\/\/www.jibble.io\/fr#website","url":"https:\/\/www.jibble.io\/fr","name":"Jibble","description":"Meet the new standard in time tracking software","publisher":{"@id":"https:\/\/www.jibble.io\/fr#organization"},"potentialAction":[{"@type":"SearchAction","target":{"@type":"EntryPoint","urlTemplate":"https:\/\/www.jibble.io\/fr?s={search_term_string}"},"query-input":{"@type":"PropertyValueSpecification","valueRequired":true,"valueName":"search_term_string"}}],"inLanguage":"fr-FR"},{"@type":"Organization","@id":"https:\/\/www.jibble.io\/fr#organization","name":"Jibble","url":"https:\/\/www.jibble.io\/fr","logo":{"@type":"ImageObject","inLanguage":"fr-FR","@id":"https:\/\/www.jibble.io\/fr#\/schema\/logo\/image\/","url":"https:\/\/www.jibble.io\/wp-content\/uploads\/2022\/05\/Original-copy-923x1024.png","contentUrl":"https:\/\/www.jibble.io\/wp-content\/uploads\/2022\/05\/Original-copy-923x1024.png","width":"923","height":"1024","caption":"Jibble"},"image":{"@id":"https:\/\/www.jibble.io\/fr#\/schema\/logo\/image\/"},"sameAs":["https:\/\/www.linkedin.com\/company\/jibble\/"]}]}},"_links":{"self":[{"href":"https:\/\/www.jibble.io\/fr\/wp-json\/wp\/v2\/pages\/22428","targetHints":{"allow":["GET"]}}],"collection":[{"href":"https:\/\/www.jibble.io\/fr\/wp-json\/wp\/v2\/pages"}],"about":[{"href":"https:\/\/www.jibble.io\/fr\/wp-json\/wp\/v2\/types\/page"}],"author":[{"embeddable":true,"href":"https:\/\/www.jibble.io\/fr\/wp-json\/wp\/v2\/users\/34"}],"replies":[{"embeddable":true,"href":"https:\/\/www.jibble.io\/fr\/wp-json\/wp\/v2\/comments?post=22428"}],"version-history":[{"count":3,"href":"https:\/\/www.jibble.io\/fr\/wp-json\/wp\/v2\/pages\/22428\/revisions"}],"predecessor-version":[{"id":385684,"href":"https:\/\/www.jibble.io\/fr\/wp-json\/wp\/v2\/pages\/22428\/revisions\/385684"}],"wp:attachment":[{"href":"https:\/\/www.jibble.io\/fr\/wp-json\/wp\/v2\/media?parent=22428"}],"curies":[{"name":"wp","href":"https:\/\/api.w.org\/{rel}","templated":true}]}}