{"id":22426,"date":"2022-05-18T23:38:41","date_gmt":"2022-05-18T22:38:41","guid":{"rendered":"https:\/\/marketing.jibble.io\/jira-time-tracking"},"modified":"2026-02-25T16:20:08","modified_gmt":"2026-02-25T16:20:08","slug":"suivi-temps-jira","status":"publish","type":"page","link":"https:\/\/www.jibble.io\/fr\/suivi-temps-jira","title":{"rendered":"Jira Time Tracking"},"content":{"rendered":"<p>About Jira<br \/>\nTrack issues and manage projects<\/p>\n<p>Jira is a software application used for issue tracking and project management. Jira\u00a0helps teams plan, assign, track, report, and manage work and brings teams together for everything from agile software development and customer support to start-ups and enterprises.<\/p>\n<p>18659<br \/>\n18659<br \/>\nJira<br \/>\nGroup-38.<br \/>\n5427<\/p>\n<p>Int\u00e9gration du suivi du temps Jira<br \/>\n22<\/p>\n<p>group-38-2<\/p>\n<p>22424<br \/>\n2022-05-17 08:48:43<br \/>\n2023-04-05 20:11:11<br \/>\n0<\/p>\n<p>1019<br \/>\n534<\/p>\n<p>150<br \/>\n150<\/p>\n<p>300<br \/>\n157<\/p>\n<p>768<br \/>\n402<\/p>\n<p>768<br \/>\n402<\/p>\n<p>900<br \/>\n472<\/p>\n<p>900<br \/>\n472<\/p>\n<p>Jira + Jibble integration<br \/>\nHow it works<\/p>\n<p>Use Jibble to track hours worked on issues in Jira, so you can boost productivity and focus on what matters most: your business.<\/p>\n<p>18598<br \/>\n18598<br \/>\nJibble Integrations<br \/>\nJibble_11_Integrations-with-different-platforms.<br \/>\n42268<\/p>\n<p>R\u00e9seau de gestion du temps et de la pr\u00e9sence<br \/>\n6<\/p>\n<p>jibble_11_integrations-with-different-platforms-2<\/p>\n<p>22428<br \/>\n2022-05-08 03:34:16<br \/>\n2023-04-05 20:24:11<br \/>\n0<\/p>\n<p>1200<br \/>\n720<\/p>\n<p>150<br \/>\n150<\/p>\n<p>300<br \/>\n180<\/p>\n<p>768<br \/>\n461<\/p>\n<p>768<br \/>\n461<\/p>\n<p>900<br \/>\n540<\/p>\n<p>900<br \/>\n540<\/p>\n<p>Tracking hours<br \/>\nSync issues for accurate time tracking<\/p>\n<p>Sync issues in Jira with activities in Jibble with a simple click.\u00a0 Easily monitor time spent on issues with our time tracking solution for accurate reporting.<\/p>\n<p>17716<br \/>\n17716<br \/>\nWorkflow<br \/>\nWorkflow-e1676518073211.<br \/>\n148440<\/p>\n<p>6<\/p>\n<p>workflow-2<\/p>\n<p>22484<br \/>\n2021-03-29 19:54:50<br \/>\n2021-03-29 19:54:50<br \/>\n0<\/p>\n<p>1306<br \/>\n1005<\/p>\n<p>150<br \/>\n150<\/p>\n<p>300<br \/>\n231<\/p>\n<p>768<br \/>\n591<\/p>\n<p>768<br \/>\n591<\/p>\n<p>900<br \/>\n693<\/p>\n<p>900<br \/>\n693<\/p>\n<p>Smarter tracking with the push of a button<br \/>\nProductivity at its best<\/p>\n<p><span style=\"font-weight: 400;\">Track time directly in Jira without a hassle. With Jibble\u2019s Chrome Extension, you don\u2019t have to switch between apps anymore \u2013 your timer is just a click or keyboard shortcut away!<\/span><span style=\"font-weight: 400;\"><br \/>\n<\/span><\/p>\n<p>17316<br \/>\n17316<br \/>\nChrome Extension<br \/>\nGroup-2142.<br \/>\n79305<\/p>\n<p>22<\/p>\n<p>Tracking time on Jibble&rsquo;s chrome time tracking extension<br \/>\ngroup-2142-2<\/p>\n<p>22433<br \/>\n2023-02-16 03:19:24<br \/>\n2023-03-29 09:17:01<br \/>\n0<\/p>\n<p>1184<br \/>\n1015<\/p>\n<p>150<br \/>\n150<\/p>\n<p>300<br \/>\n257<\/p>\n<p>768<br \/>\n658<\/p>\n<p>768<br \/>\n658<\/p>\n<p>900<br \/>\n772<\/p>\n<p>900<br \/>\n772<\/p>\n<p>Powerful insights at your fingertips<br \/>\nAnalytics you never knew you needed<\/p>\n<p><span style=\"font-weight: 400;\">Obtain detailed reports of tracked time to help you manage productivity, or budget costs. Use our multiple filters to identify patterns, analyze time spent on issues, and improve time utilization.<\/span><\/p>\n<p>20826<br \/>\n20826<br \/>\nPowerful Analytics<br \/>\nPowerful-analytics.<br \/>\n41643<\/p>\n<p>22<\/p>\n<p>powerful-analytics-2<\/p>\n<p>22371<br \/>\n2023-01-12 01:32:25<br \/>\n2023-04-05 18:19:25<br \/>\n0<\/p>\n<p>950<br \/>\n713<\/p>\n<p>150<br \/>\n150<\/p>\n<p>300<br \/>\n225<\/p>\n<p>768<br \/>\n576<\/p>\n<p>768<br \/>\n576<\/p>\n<p>900<br \/>\n675<\/p>\n<p>900<br \/>\n675<\/p>\n<p>Payroll-ready timesheets for your business<br \/>\nTime tracking software your business needs<\/p>\n<p><span style=\"font-weight: 400;\">With Jibble\u2019s payroll-ready timesheets, worked hours are instantly transformed into timesheet reports. Pay accurate salaries and easily get all the data you need, including overtime and billable hours.<\/span><\/p>\n<p>18465<br \/>\n18465<br \/>\nPayroll Ready Timesheets<br \/>\nPayroll-ready-timesheets.webp<br \/>\n395240<\/p>\n<p>6<\/p>\n<p>payroll-ready-timesheets-2<\/p>\n<p>22157<br \/>\n2022-04-29 14:24:43<br \/>\n2022-04-29 14:24:43<br \/>\n0<br \/>\n\/webp<\/p>\n<p>webp<\/p>\n<p>2540<br \/>\n1792<\/p>\n<p>150<br \/>\n150<\/p>\n<p>300<br \/>\n212<\/p>\n<p>768<br \/>\n542<\/p>\n<p>768<br \/>\n542<\/p>\n<p>900<br \/>\n635<\/p>\n<p>900<br \/>\n635<\/p>\n<p>Getting started is easy<br \/>\nIntegrate Jibble with Jira in minutes<\/p>\n<ol>\n<li>Create an account with Jibble. It\u2019s free forever for unlimited users.<\/li>\n<li>Go to Integrations in Jibble, and click on Jira.<\/li>\n<li>Connect your Jibble account to your Jira account via Zapier to power your integration.<\/li>\n<li>Choose and sort triggers and actions between Jibble and Jira.<\/li>\n<li>That\u2019s it!<\/li>\n<\/ol>\n<p>18467<br \/>\n18467<br \/>\nSoyez int\u00e9gr\u00e9 rapidement<br \/>\neasy-invite-e1652665504556.<br \/>\n75742<\/p>\n<p>Soyez int\u00e9gr\u00e9 rapidement<br \/>\n6<\/p>\n<p>Soyez int\u00e9gr\u00e9 rapidement<br \/>\neasy-invite-2<\/p>\n<p>22157<br \/>\n2022-04-29 14:56:42<br \/>\n2023-04-05 18:42:10<br \/>\n0<\/p>\n<p>1977<br \/>\n1670<\/p>\n<p>150<br \/>\n150<\/p>\n<p>300<br \/>\n253<\/p>\n<p>768<br \/>\n649<\/p>\n<p>768<br \/>\n649<\/p>\n<p>900<br \/>\n760<\/p>\n<p>900<br \/>\n760<\/p>\n<p>Yes<\/p>\n<p>18554<br \/>\n18554<br \/>\nSuivi du temps pour l&rsquo;entreprise<br \/>\napi-and-integrations-HR-e1652933683997.<br \/>\n67398<\/p>\n<p>Suivi du temps pour l&rsquo;entreprise<br \/>\n6<\/p>\n<p>api-and-integrations-hr-2<\/p>\n<p>22157<br \/>\n2022-05-08 01:18:10<br \/>\n2023-04-05 19:10:38<br \/>\n0<\/p>\n<p>1636<br \/>\n1416<\/p>\n<p>150<br \/>\n150<\/p>\n<p>300<br \/>\n260<\/p>\n<p>768<br \/>\n665<\/p>\n<p>768<br \/>\n665<\/p>\n<p>900<br \/>\n779<\/p>\n<p>900<br \/>\n779<\/p>\n<p>Yes<\/p>\n<p>WP_Post Object<\/p>\n<p>1547<br \/>\n6<br \/>\n2021-05-12 11:55:04<br \/>\n2021-05-12 03:55:04<\/p>\n<p>Shilles Steven Albert &#8211; Very user friendly<\/p>\n<p>shilles-steven-albert-very-user-friendly<\/p>\n<p>2022-11-25 07:12:29<br \/>\n2022-11-25 12:12:29<\/p>\n<p>0<br \/>\n=user_reviews&amp;p=1547<br \/>\n0<br \/>\nuser_reviews<\/p>\n<p>0<\/p>\n<p>WP_Post Object<\/p>\n<p>2271<br \/>\n6<br \/>\n2021-08-08 17:03:12<br \/>\n2021-08-08 09:03:12<\/p>\n<p>Sandra Hamnett &#8211; 10\/10<\/p>\n<p>sandra-hamnett-10-10<\/p>\n<p>2022-11-25 02:44:53<br \/>\n2022-11-25 07:44:53<\/p>\n<p>0<br \/>\n=user_reviews&amp;p=2271<br \/>\n0<br \/>\nuser_reviews<\/p>\n<p>0<\/p>\n<p>WP_Post Object<\/p>\n<p>2265<br \/>\n6<br \/>\n2021-08-08 16:53:13<br \/>\n2021-08-08 08:53:13<\/p>\n<p>Paul Andersen &#8211; Life-saving<\/p>\n<p>2265<\/p>\n<p>2021-08-08 16:53:36<br \/>\n2021-08-08 08:53:36<\/p>\n<p>0<br \/>\n=user_reviews&amp;p=2265<br \/>\n0<br \/>\nuser_reviews<\/p>\n<p>0<\/p>\n<p>WP_Post Object<\/p>\n<p>1539<br \/>\n6<br \/>\n2021-05-12 11:52:24<br \/>\n2021-05-12 03:52:24<\/p>\n<p>Ma. Louren Camballa &#8211; Jibble Rocks!<\/p>\n<p>ma-louren-camballa-jibble-rocks<\/p>\n<p>2021-05-12 11:52:24<br \/>\n2021-05-12 03:52:24<\/p>\n<p>0<br \/>\n=user_reviews&amp;p=1539<br \/>\n0<br \/>\nuser_reviews<\/p>\n<p>0<\/p>\n<p>WP_Post Object<\/p>\n<p>1554<br \/>\n6<br \/>\n2021-05-12 11:56:42<br \/>\n2021-05-12 03:56:42<\/p>\n<p>Matthew Ainge &#8211; Couldn&rsquo;t be easier<\/p>\n<p>matthew-ainge-couldnt-be-easier<\/p>\n<p>2021-05-12 11:56:42<br \/>\n2021-05-12 03:56:42<\/p>\n<p>0<br \/>\n=user_reviews&amp;p=1554<br \/>\n0<br \/>\nuser_reviews<\/p>\n<p>0<\/p>\n<p>WP_Post Object<\/p>\n<p>1550<br \/>\n6<br \/>\n2021-05-12 11:55:35<br \/>\n2021-05-12 03:55:35<\/p>\n<p>Omar Bayat &#8211; Great experience<\/p>\n<p>omar-bayat-great-experience<\/p>\n<p>2022-11-25 16:48:35<br \/>\n2022-11-25 21:48:35<\/p>\n<p>0<br \/>\n=user_reviews&amp;p=1550<br \/>\n0<br \/>\nuser_reviews<\/p>\n<p>0<\/p>\n<p>WP_Post Object<\/p>\n<p>1532<br \/>\n6<br \/>\n2021-05-12 11:50:39<br \/>\n2021-05-12 03:50:39<\/p>\n<p>Wasim Islam &#8211; Simple and intuitive<\/p>\n<p>wasim-islam-simple-and-intuitive<\/p>\n<p>2021-05-12 11:50:39<br \/>\n2021-05-12 03:50:39<\/p>\n<p>0<br \/>\n=user_reviews&amp;p=1532<br \/>\n0<br \/>\nuser_reviews<\/p>\n<p>0<\/p>\n<p>WP_Post Object<\/p>\n<p>1541<br \/>\n6<br \/>\n2021-05-12 11:53:01<br \/>\n2021-05-12 03:53:01<\/p>\n<p>Vitor Barroso &#8211; Easy to use, very accurate<\/p>\n<p>vitor-barroso-easy-to-use-very-accurate<\/p>\n<p>2022-11-25 07:05:06<br \/>\n2022-11-25 12:05:06<\/p>\n<p>0<br \/>\n=user_reviews&amp;p=1541<br \/>\n0<br \/>\nuser_reviews<\/p>\n<p>0<\/p>\n","protected":false},"excerpt":{"rendered":"<p>About Jira Track issues and manage projects Jira is a software application used for issue tracking and project management. Jira\u00a0helps teams plan, assign, track, report, and manage work and brings teams together for everything from agile software development and customer support to start-ups and enterprises. 18659 18659 Jira Group-38. 5427 Int\u00e9gration du suivi du temps [&hellip;]<\/p>\n","protected":false},"author":34,"featured_media":0,"parent":0,"menu_order":0,"comment_status":"closed","ping_status":"closed","template":"template-feature.php","meta":{"_acf_changed":false,"footnotes":""},"class_list":["post-22426","page","type-page","status-publish","hentry"],"acf":[],"yoast_head":"<!-- This site is optimized with the Yoast SEO Premium plugin v26.8 (Yoast SEO v26.8) - https:\/\/yoast.com\/product\/yoast-seo-premium-wordpress\/ -->\n<title>Suivi du temps Jira 100 % GRATUIT | Jibble\u2122<\/title>\n<meta name=\"description\" content=\"Suivez et g\u00e9rez le temps en toute simplicit\u00e9 dans Jira, en am\u00e9liorant la pr\u00e9cision et l&#039;efficacit\u00e9. Nombre illimit\u00e9 d&#039;utilisateurs.\" \/>\n<meta name=\"robots\" content=\"index, follow, max-snippet:-1, max-image-preview:large, max-video-preview:-1\" \/>\n<link rel=\"canonical\" href=\"https:\/\/www.jibble.io\/fr\/suivi-temps-jira\" \/>\n<meta property=\"og:locale\" content=\"fr_FR\" \/>\n<meta property=\"og:type\" content=\"article\" \/>\n<meta property=\"og:title\" content=\"Suivi du temps Jira 100 % GRATUIT | Jibble\u2122\" \/>\n<meta property=\"og:description\" content=\"Suivez et g\u00e9rez le temps en toute simplicit\u00e9 dans Jira, en am\u00e9liorant la pr\u00e9cision et l&#039;efficacit\u00e9. Nombre illimit\u00e9 d&#039;utilisateurs.\" \/>\n<meta property=\"og:url\" content=\"https:\/\/www.jibble.io\/fr\/suivi-temps-jira\" \/>\n<meta property=\"og:site_name\" content=\"Jibble\" \/>\n<meta property=\"article:modified_time\" content=\"2026-02-25T16:20:08+00:00\" \/>\n<meta name=\"twitter:card\" content=\"summary_large_image\" \/>\n<meta name=\"twitter:label1\" content=\"Dur\u00e9e de lecture estim\u00e9e\" \/>\n\t<meta name=\"twitter:data1\" content=\"10 minutes\" \/>\n<script type=\"application\/ld+json\" class=\"yoast-schema-graph\">{\"@context\":\"https:\/\/schema.org\",\"@graph\":[{\"@type\":\"WebPage\",\"@id\":\"https:\/\/www.jibble.io\/fr\/suivi-temps-jira\",\"url\":\"https:\/\/www.jibble.io\/fr\/suivi-temps-jira\",\"name\":\"Suivi du temps Jira 100 % GRATUIT | Jibble\u2122\",\"isPartOf\":{\"@id\":\"https:\/\/www.jibble.io\/fr#website\"},\"datePublished\":\"2022-05-18T22:38:41+00:00\",\"dateModified\":\"2026-02-25T16:20:08+00:00\",\"description\":\"Suivez et g\u00e9rez le temps en toute simplicit\u00e9 dans Jira, en am\u00e9liorant la pr\u00e9cision et l'efficacit\u00e9. Nombre illimit\u00e9 d'utilisateurs.\",\"inLanguage\":\"fr-FR\",\"potentialAction\":[{\"@type\":\"ReadAction\",\"target\":[\"https:\/\/www.jibble.io\/fr\/suivi-temps-jira\"]}]},{\"@type\":\"WebSite\",\"@id\":\"https:\/\/www.jibble.io\/fr#website\",\"url\":\"https:\/\/www.jibble.io\/fr\",\"name\":\"Jibble\",\"description\":\"Meet the new standard in time tracking software\",\"publisher\":{\"@id\":\"https:\/\/www.jibble.io\/fr#organization\"},\"potentialAction\":[{\"@type\":\"SearchAction\",\"target\":{\"@type\":\"EntryPoint\",\"urlTemplate\":\"https:\/\/www.jibble.io\/fr?s={search_term_string}\"},\"query-input\":{\"@type\":\"PropertyValueSpecification\",\"valueRequired\":true,\"valueName\":\"search_term_string\"}}],\"inLanguage\":\"fr-FR\"},{\"@type\":\"Organization\",\"@id\":\"https:\/\/www.jibble.io\/fr#organization\",\"name\":\"Jibble\",\"url\":\"https:\/\/www.jibble.io\/fr\",\"logo\":{\"@type\":\"ImageObject\",\"inLanguage\":\"fr-FR\",\"@id\":\"https:\/\/www.jibble.io\/fr#\/schema\/logo\/image\/\",\"url\":\"https:\/\/www.jibble.io\/wp-content\/uploads\/2022\/05\/Original-copy-923x1024.png\",\"contentUrl\":\"https:\/\/www.jibble.io\/wp-content\/uploads\/2022\/05\/Original-copy-923x1024.png\",\"width\":\"923\",\"height\":\"1024\",\"caption\":\"Jibble\"},\"image\":{\"@id\":\"https:\/\/www.jibble.io\/fr#\/schema\/logo\/image\/\"},\"sameAs\":[\"https:\/\/www.linkedin.com\/company\/jibble\/\"]}]}<\/script>\n<!-- \/ Yoast SEO Premium plugin. -->","yoast_head_json":{"title":"Suivi du temps Jira 100 % GRATUIT | Jibble\u2122","description":"Suivez et g\u00e9rez le temps en toute simplicit\u00e9 dans Jira, en am\u00e9liorant la pr\u00e9cision et l'efficacit\u00e9. Nombre illimit\u00e9 d'utilisateurs.","robots":{"index":"index","follow":"follow","max-snippet":"max-snippet:-1","max-image-preview":"max-image-preview:large","max-video-preview":"max-video-preview:-1"},"canonical":"https:\/\/www.jibble.io\/fr\/suivi-temps-jira","og_locale":"fr_FR","og_type":"article","og_title":"Suivi du temps Jira 100 % GRATUIT | Jibble\u2122","og_description":"Suivez et g\u00e9rez le temps en toute simplicit\u00e9 dans Jira, en am\u00e9liorant la pr\u00e9cision et l'efficacit\u00e9. Nombre illimit\u00e9 d'utilisateurs.","og_url":"https:\/\/www.jibble.io\/fr\/suivi-temps-jira","og_site_name":"Jibble","article_modified_time":"2026-02-25T16:20:08+00:00","twitter_card":"summary_large_image","twitter_misc":{"Dur\u00e9e de lecture estim\u00e9e":"10 minutes"},"schema":{"@context":"https:\/\/schema.org","@graph":[{"@type":"WebPage","@id":"https:\/\/www.jibble.io\/fr\/suivi-temps-jira","url":"https:\/\/www.jibble.io\/fr\/suivi-temps-jira","name":"Suivi du temps Jira 100 % GRATUIT | Jibble\u2122","isPartOf":{"@id":"https:\/\/www.jibble.io\/fr#website"},"datePublished":"2022-05-18T22:38:41+00:00","dateModified":"2026-02-25T16:20:08+00:00","description":"Suivez et g\u00e9rez le temps en toute simplicit\u00e9 dans Jira, en am\u00e9liorant la pr\u00e9cision et l'efficacit\u00e9. Nombre illimit\u00e9 d'utilisateurs.","inLanguage":"fr-FR","potentialAction":[{"@type":"ReadAction","target":["https:\/\/www.jibble.io\/fr\/suivi-temps-jira"]}]},{"@type":"WebSite","@id":"https:\/\/www.jibble.io\/fr#website","url":"https:\/\/www.jibble.io\/fr","name":"Jibble","description":"Meet the new standard in time tracking software","publisher":{"@id":"https:\/\/www.jibble.io\/fr#organization"},"potentialAction":[{"@type":"SearchAction","target":{"@type":"EntryPoint","urlTemplate":"https:\/\/www.jibble.io\/fr?s={search_term_string}"},"query-input":{"@type":"PropertyValueSpecification","valueRequired":true,"valueName":"search_term_string"}}],"inLanguage":"fr-FR"},{"@type":"Organization","@id":"https:\/\/www.jibble.io\/fr#organization","name":"Jibble","url":"https:\/\/www.jibble.io\/fr","logo":{"@type":"ImageObject","inLanguage":"fr-FR","@id":"https:\/\/www.jibble.io\/fr#\/schema\/logo\/image\/","url":"https:\/\/www.jibble.io\/wp-content\/uploads\/2022\/05\/Original-copy-923x1024.png","contentUrl":"https:\/\/www.jibble.io\/wp-content\/uploads\/2022\/05\/Original-copy-923x1024.png","width":"923","height":"1024","caption":"Jibble"},"image":{"@id":"https:\/\/www.jibble.io\/fr#\/schema\/logo\/image\/"},"sameAs":["https:\/\/www.linkedin.com\/company\/jibble\/"]}]}},"_links":{"self":[{"href":"https:\/\/www.jibble.io\/fr\/wp-json\/wp\/v2\/pages\/22426","targetHints":{"allow":["GET"]}}],"collection":[{"href":"https:\/\/www.jibble.io\/fr\/wp-json\/wp\/v2\/pages"}],"about":[{"href":"https:\/\/www.jibble.io\/fr\/wp-json\/wp\/v2\/types\/page"}],"author":[{"embeddable":true,"href":"https:\/\/www.jibble.io\/fr\/wp-json\/wp\/v2\/users\/34"}],"replies":[{"embeddable":true,"href":"https:\/\/www.jibble.io\/fr\/wp-json\/wp\/v2\/comments?post=22426"}],"version-history":[{"count":3,"href":"https:\/\/www.jibble.io\/fr\/wp-json\/wp\/v2\/pages\/22426\/revisions"}],"predecessor-version":[{"id":384993,"href":"https:\/\/www.jibble.io\/fr\/wp-json\/wp\/v2\/pages\/22426\/revisions\/384993"}],"wp:attachment":[{"href":"https:\/\/www.jibble.io\/fr\/wp-json\/wp\/v2\/media?parent=22426"}],"curies":[{"name":"wp","href":"https:\/\/api.w.org\/{rel}","templated":true}]}}