{"id":22425,"date":"2022-05-30T00:32:59","date_gmt":"2022-05-29T23:32:59","guid":{"rendered":"https:\/\/marketing.jibble.io\/iphone-time-tracking"},"modified":"2026-03-12T11:15:53","modified_gmt":"2026-03-12T11:15:53","slug":"suivi-temps-iphone","status":"publish","type":"page","link":"https:\/\/www.jibble.io\/fr\/suivi-temps-iphone","title":{"rendered":"iPhone Time Tracking"},"content":{"rendered":"<p>Get insightful reports<br \/>\n&#8230;from your iPhone<\/p>\n<p>See who\u2019s in and out, get reports on activities, projects and hours worked and track upcoming holidays, all from your iPhone.<\/p>\n<p>18877<br \/>\n18877<br \/>\nData About Tracked Time<br \/>\nunamed.<br \/>\n20473<\/p>\n<p>6<\/p>\n<p>unamed-2<\/p>\n<p>22372<br \/>\n2022-05-31 08:18:43<br \/>\n2022-05-31 08:18:43<br \/>\n0<\/p>\n<p>750<br \/>\n605<\/p>\n<p>150<br \/>\n150<\/p>\n<p>300<br \/>\n242<\/p>\n<p>750<br \/>\n605<\/p>\n<p>750<br \/>\n605<\/p>\n<p>750<br \/>\n605<\/p>\n<p>750<br \/>\n605<\/p>\n<p>Face Recognition<br \/>\nSecure clock-ins<\/p>\n<p>Use technology to ensure accurate employee attendance on employee mobile. Rest easy knowing that your team is at the right place at the right time.<\/p>\n<p>Face recognition attendance software<br \/>\nhttps:\/\/marketing.jibble.io\/fr?page_id=22405<\/p>\n<p>18385<br \/>\n18385<br \/>\nTime Clock with Face Recognition<br \/>\ntime-clock-app-with-face-recognition.<br \/>\n140990<\/p>\n<p>Horloge mobile avec reconnaissance faciale<br \/>\n6<\/p>\n<p>time-clock-app-with-face-recognition-2<\/p>\n<p>22470<br \/>\n2022-04-27 07:12:29<br \/>\n2023-04-05 19:27:02<br \/>\n0<\/p>\n<p>1148<br \/>\n1028<\/p>\n<p>150<br \/>\n150<\/p>\n<p>300<br \/>\n269<\/p>\n<p>768<br \/>\n688<\/p>\n<p>768<br \/>\n688<\/p>\n<p>900<br \/>\n806<\/p>\n<p>900<br \/>\n806<\/p>\n<p>If your staff forget Jibble reminds<br \/>\nTime clock app with reminders<\/p>\n<p>Jibble is packed with reminders and notification features. Whether it\u2019s time-based or location-based reminders, auto-clock outs, with Jibble\u2019s <a href=\"https:\/\/marketing.jibble.io\/time-clock-software\">time clock software<\/a> those time entries will happen.<\/p>\n<p>18466<br \/>\n18466<br \/>\nPlusieurs notifications et rappels<br \/>\nauto-clock-out-and-reminders.<br \/>\n76656<\/p>\n<p>Plusieurs notifications et rappels<br \/>\n6<\/p>\n<p>Plusieurs notifications et rappels<br \/>\nauto-clock-out-and-reminders-2<\/p>\n<p>22157<br \/>\n2022-04-29 14:56:31<br \/>\n2023-04-05 19:31:21<br \/>\n0<\/p>\n<p>2061<br \/>\n1743<\/p>\n<p>150<br \/>\n150<\/p>\n<p>300<br \/>\n254<\/p>\n<p>768<br \/>\n650<\/p>\n<p>768<br \/>\n650<\/p>\n<p>900<br \/>\n761<\/p>\n<p>900<br \/>\n761<\/p>\n<p>No internet?<br \/>\nNo problem<\/p>\n<p>With Jibble staff can jibble in and out even when they\u2019re not connected to the internet. It just syncs up when the iPhone is back online.<\/p>\n<p>18551<br \/>\n18551<br \/>\nOffline Employee GPS Tracking<br \/>\noffline-clock-in-and-out.<br \/>\n28062<\/p>\n<p>Suivi gps hors ligne des employ\u00e9s\/suivi de localisation sans connexion<br \/>\n6<\/p>\n<p>offline-clock-in-and-out-2<\/p>\n<p>22414<br \/>\n2022-05-07 23:39:16<br \/>\n2023-04-05 19:44:33<br \/>\n0<\/p>\n<p>800<br \/>\n640<\/p>\n<p>150<br \/>\n150<\/p>\n<p>300<br \/>\n240<\/p>\n<p>768<br \/>\n614<\/p>\n<p>768<br \/>\n614<\/p>\n<p>800<br \/>\n640<\/p>\n<p>800<br \/>\n640<\/p>\n<p>Restrict staff from clocking in at the workplace<br \/>\nUsing GPS-based geofences<\/p>\n<p>Use our <a href=\"https:\/\/marketing.jibble.io\/employee-gps-tracking\">geolocation attendance<\/a> to ensure your team are in the right place at the right time. Make your geofences as large as you want, and clock ins work even without an internet connection.<\/p>\n<p>Employee GPS tracking<br \/>\nhttps:\/\/marketing.jibble.io\/fr?page_id=22414<\/p>\n<p>18564<br \/>\n18564<br \/>\nAlerte GPS sur le mobile<br \/>\nlocation-alert-chicago-HR-e1651989914801.<br \/>\n38110<\/p>\n<p>Alerte GPS sur le mobile<br \/>\n6<\/p>\n<p>location-alert-chicago-hr-2<\/p>\n<p>6309<br \/>\n2022-05-08 01:18:40<br \/>\n2023-04-05 19:51:39<br \/>\n0<\/p>\n<p>700<br \/>\n560<\/p>\n<p>150<br \/>\n150<\/p>\n<p>300<br \/>\n240<\/p>\n<p>768<br \/>\n614<\/p>\n<p>768<br \/>\n614<\/p>\n<p>900<br \/>\n720<\/p>\n<p>700<br \/>\n560<\/p>\n<p>Get your staff onboarded in minutes<br \/>\nInvite them by SMS, email or send them a link<\/p>\n<p>Onboarding is quick, your staff will find Jibble really easy to use, and if you\u2019re ever stuck our customer support is legendary.<\/p>\n<p>Start onboarding your team now, Jibble is FREE!<\/p>\n<p>https:\/\/apps.apple.com\/my\/app\/jibble-2\/id1541142980<\/p>\n<p>18562<br \/>\n18562<br \/>\nEasy Attendance Onboarding<br \/>\neasy-onboarding-HR-e1652654123771.<br \/>\n127798<\/p>\n<p>6<\/p>\n<p>easy-onboarding-hr-2<\/p>\n<p>22443<br \/>\n2022-05-08 01:18:34<br \/>\n2022-05-08 01:18:34<br \/>\n0<\/p>\n<p>1920<br \/>\n1200<\/p>\n<p>150<br \/>\n150<\/p>\n<p>300<br \/>\n188<\/p>\n<p>768<br \/>\n480<\/p>\n<p>768<br \/>\n480<\/p>\n<p>900<br \/>\n563<\/p>\n<p>900<br \/>\n563<\/p>\n<p>Time data straight into timesheets<br \/>\n&#8230;and have access to them on the move.<\/p>\n<p>Jibble\u2019s timesheet app makes timesheets easy to understand, easy to customize, fully calculated, and available on your iPhone.<\/p>\n<p>Timesheet software<\/p>\n<blockquote class=\"wp-embedded-content\" data-secret=\"U03OY8av0c\"><p><a href=\"https:\/\/www.jibble.io\/fr\">Home<\/a><\/p><\/blockquote>\n<p><iframe class=\"wp-embedded-content\" sandbox=\"allow-scripts\" security=\"restricted\" style=\"position: absolute; clip: rect(1px, 1px, 1px, 1px);\" title=\"\u00ab\u00a0Home\u00a0\u00bb &#8212; Jibble\" src=\"https:\/\/www.jibble.io\/fr\/embed#?secret=v1Y0nUR0fi#?secret=U03OY8av0c\" data-secret=\"U03OY8av0c\" width=\"600\" height=\"338\" frameborder=\"0\" marginwidth=\"0\" marginheight=\"0\" scrolling=\"no\"><\/iframe><\/p>\n<p>18815<br \/>\n18815<br \/>\nTimesheet On Phone.<br \/>\nfile-3.<br \/>\n111126<\/p>\n<p>6<\/p>\n<p>file-3-2<\/p>\n<p>22425<br \/>\n2022-05-30 03:06:23<br \/>\n2022-05-30 03:06:23<br \/>\n0<\/p>\n<p>2211<br \/>\n2194<\/p>\n<p>150<br \/>\n150<\/p>\n<p>300<br \/>\n298<\/p>\n<p>768<br \/>\n762<\/p>\n<p>768<br \/>\n762<\/p>\n<p>900<br \/>\n893<\/p>\n<p>900<br \/>\n893<\/p>\n<p>Advanced clock-in restrictions<br \/>\n&#8230;and highly customizable<\/p>\n<p>Jibble gives three standard restriction settings, Strict, Moderate and Easy, but if these don\u2019t suit you customize them in a way that suits your organization.<\/p>\n<p>18811<br \/>\n18811<br \/>\nCustomise Restriction Mobile.<br \/>\nFile-modified-1.<br \/>\n180562<\/p>\n<p>6<\/p>\n<p>file-modified-2-2<\/p>\n<p>22425<br \/>\n2022-05-30 02:45:46<br \/>\n2022-05-30 02:45:46<br \/>\n0<\/p>\n<p>2268<br \/>\n1885<\/p>\n<p>150<br \/>\n150<\/p>\n<p>300<br \/>\n249<\/p>\n<p>768<br \/>\n638<\/p>\n<p>768<br \/>\n638<\/p>\n<p>900<br \/>\n748<\/p>\n<p>900<br \/>\n748<\/p>\n<p>Jibble is the complete time tracking software<br \/>\nFrom time and activity tracking to attendance<\/p>\n<p>Use Jibble on android, tablet or the web. Jibble is the complete time tracking software you\u2019ll wonder how you did without it.<\/p>\n<p>Enterprise time and attendance software<br \/>\nhttps:\/\/marketing.jibble.io\/fr?page_id=22401<\/p>\n<p>18487<br \/>\n18487<br \/>\nEnterprise Time Tracking<br \/>\ntime-tracking-software-enterprise.<br \/>\n123590<\/p>\n<p>6<\/p>\n<p>time-tracking-software-enterprise-2<\/p>\n<p>22157<br \/>\n2022-04-30 01:44:03<br \/>\n2022-04-30 01:44:03<br \/>\n0<\/p>\n<p>1608<br \/>\n1120<\/p>\n<p>150<br \/>\n150<\/p>\n<p>300<br \/>\n209<\/p>\n<p>768<br \/>\n535<\/p>\n<p>768<br \/>\n535<\/p>\n<p>900<br \/>\n627<\/p>\n<p>900<br \/>\n627<\/p>\n<p>WP_Post Object<\/p>\n<p>3204<br \/>\n6<br \/>\n2022-02-10 11:30:40<br \/>\n2022-02-10 03:30:40<\/p>\n<p>Capterra &#8211; Best Ease of Use 2021<\/p>\n<p>capterra-best-ease-of-use-2021<\/p>\n<p>2022-02-10 11:30:40<br \/>\n2022-02-10 03:30:40<\/p>\n<p>0<br \/>\n=prizes&amp;p=3204<br \/>\n0<br \/>\nprizes<\/p>\n<p>0<\/p>\n<p>WP_Post Object<\/p>\n<p>3205<br \/>\n6<br \/>\n2022-02-10 11:30:54<br \/>\n2022-02-10 03:30:54<\/p>\n<p>Capterra &#8211; Best Value 2021<\/p>\n<p>capterra-best-value-2021<\/p>\n<p>2022-02-10 11:30:54<br \/>\n2022-02-10 03:30:54<\/p>\n<p>0<br \/>\n=prizes&amp;p=3205<br \/>\n0<br \/>\nprizes<\/p>\n<p>0<\/p>\n<p>WP_Post Object<\/p>\n<p>2249<br \/>\n6<br \/>\n2021-08-03 22:31:07<br \/>\n2021-08-03 14:31:07<\/p>\n<p>Crozdesk Quality Choice 2021<\/p>\n<p>crozdesk-quality-choice-2021<\/p>\n<p>2022-02-02 21:22:04<br \/>\n2022-02-02 13:22:04<\/p>\n<p>0<br \/>\n=prizes&amp;p=2249<br \/>\n0<br \/>\nprizes<\/p>\n<p>0<\/p>\n<p>WP_Post Object<\/p>\n<p>1734<br \/>\n6<br \/>\n2021-06-01 10:17:35<br \/>\n2021-06-01 02:17:35<\/p>\n<p>Digital Best Attendance Tracking Software<\/p>\n<p>digital-best-attendance-tracking-software<\/p>\n<p>2022-02-02 21:23:18<br \/>\n2022-02-02 13:23:18<\/p>\n<p>0<br \/>\n=prizes&amp;p=1734<br \/>\n0<br \/>\nprizes<\/p>\n<p>0<\/p>\n<p>WP_Post Object<\/p>\n<p>3203<br \/>\n6<br \/>\n2022-02-10 11:30:12<br \/>\n2022-02-10 03:30:12<\/p>\n<p>Software Advice &#8211; Customer Support 2021<\/p>\n<p>software-advice-customer-support-2021<\/p>\n<p>2022-02-10 11:30:12<br \/>\n2022-02-10 03:30:12<\/p>\n<p>0<br \/>\n=prizes&amp;p=3203<br \/>\n0<br \/>\nprizes<\/p>\n<p>0<\/p>\n<p>WP_Post Object<\/p>\n<p>3202<br \/>\n6<br \/>\n2022-02-10 11:29:40<br \/>\n2022-02-10 03:29:40<\/p>\n<p>Software Advice &#8211; Most Recommended 2021<\/p>\n<p>software-advice-most-recommended-2021<\/p>\n<p>2022-02-10 11:29:40<br \/>\n2022-02-10 03:29:40<\/p>\n<p>0<br \/>\n=prizes&amp;p=3202<br \/>\n0<br \/>\nprizes<\/p>\n<p>0<\/p>\n<p>WP_Post Object<\/p>\n<p>1731<br \/>\n6<br \/>\n2021-06-01 10:16:20<br \/>\n2021-06-01 02:16:20<\/p>\n<p>Top Rate Time Tracking Software<\/p>\n<p>top-rate-time-tracking-software<\/p>\n<p>2022-02-02 21:23:29<br \/>\n2022-02-02 13:23:29<\/p>\n<p>0<br \/>\n=prizes&amp;p=1731<br \/>\n0<br \/>\nprizes<\/p>\n<p>0<\/p>\n<p>WP_Post Object<\/p>\n<p>1728<br \/>\n6<br \/>\n2021-06-01 10:11:52<br \/>\n2021-06-01 02:11:52<\/p>\n<p>Leader 2021<\/p>\n<p>leader-2020<\/p>\n<p>2022-02-02 21:23:38<br \/>\n2022-02-02 13:23:38<\/p>\n<p>0<br \/>\n=prizes&amp;p=1728<br \/>\n0<br \/>\nprizes<\/p>\n<p>0<\/p>\n<p>WP_Post Object<\/p>\n<p>1721<br \/>\n6<br \/>\n2021-06-01 10:07:53<br \/>\n2021-06-01 02:07:53<\/p>\n<p>Happiest Users 2021<\/p>\n<p>happiest-users-2020<\/p>\n<p>2022-02-02 21:23:55<br \/>\n2022-02-02 13:23:55<\/p>\n<p>0<br \/>\n=prizes&amp;p=1721<br \/>\n0<br \/>\nprizes<\/p>\n<p>0<\/p>\n<p>WP_Post Object<\/p>\n<p>3254<br \/>\n6<br \/>\n2022-02-11 10:57:39<br \/>\n2022-02-11 02:57:39<\/p>\n<p>Software Suggest &#8211; Fastest Implementation 2021<\/p>\n<p>software-suggest-fastest-implementation-2021<\/p>\n<p>2022-02-11 10:57:39<br \/>\n2022-02-11 02:57:39<\/p>\n<p>0<br \/>\n=prizes&amp;p=3254<br \/>\n0<br \/>\nprizes<\/p>\n<p>0<\/p>\n<p>WP_Post Object<\/p>\n<p>1725<br \/>\n6<br \/>\n2021-06-01 10:10:00<br \/>\n2021-06-01 02:10:00<\/p>\n<p>High Performer Winter &#8211; 2021<\/p>\n<p>high-performer-winter-2021<\/p>\n<p>2022-02-02 21:23:46<br \/>\n2022-02-02 13:23:46<\/p>\n<p>0<br \/>\n=prizes&amp;p=1725<br \/>\n0<br \/>\nprizes<\/p>\n<p>0<\/p>\n<p>Yes<\/p>\n<p>Yes<\/p>\n<p>18958<br \/>\n18958<br \/>\nFacial Recogntion Time Entry<br \/>\nGPSFR-New-York-833&#215;1024-1.<br \/>\n820937<\/p>\n<p>6<\/p>\n<p>gpsfr-new-york-833&#215;1024-2<\/p>\n<p>22425<br \/>\n2022-06-13 06:40:44<br \/>\n2022-06-13 06:40:44<br \/>\n0<\/p>\n<p>1134<br \/>\n932<\/p>\n<p>150<br \/>\n150<\/p>\n<p>300<br \/>\n247<\/p>\n<p>768<br \/>\n631<\/p>\n<p>768<br \/>\n632<\/p>\n<p>900<br \/>\n740<\/p>\n<p>900<br \/>\n740<\/p>\n<p>WP_Post Object<\/p>\n<p>4248<br \/>\n6<br \/>\n2022-05-04 23:58:08<br \/>\n2022-05-05 03:58:08<\/p>\n<p>Tesla<\/p>\n<p>tesla-logo<\/p>\n<p>2022-05-30 21:08:49<br \/>\n2022-05-31 01:08:49<\/p>\n<p>0<br \/>\n=brands&amp;p=4248<br \/>\n0<br \/>\nbrands<\/p>\n<p>0<\/p>\n<p>WP_Post Object<\/p>\n<p>1483<br \/>\n6<br \/>\n2021-05-10 10:08:13<br \/>\n2021-05-10 02:08:13<\/p>\n<p>Accenture<\/p>\n<p>accenture<\/p>\n<p>2022-06-12 21:59:40<br \/>\n2022-06-13 01:59:40<\/p>\n<p>0<br \/>\n=brands&amp;p=1483<br \/>\n0<br \/>\nbrands<\/p>\n<p>0<\/p>\n<p>WP_Post Object<\/p>\n<p>2479<br \/>\n6<br \/>\n2021-09-17 08:51:51<br \/>\n2021-09-17 00:51:51<\/p>\n<p>Pizza Hut<\/p>\n<p>pizza-hut<\/p>\n<p>2022-05-30 21:37:05<br \/>\n2022-05-31 01:37:05<\/p>\n<p>0<br \/>\n=brands&amp;p=2479<br \/>\n0<br \/>\nbrands<\/p>\n<p>0<\/p>\n<p>WP_Post Object<\/p>\n<p>1997<br \/>\n6<br \/>\n2021-06-22 12:12:00<br \/>\n2021-06-22 04:12:00<br \/>\n<span style=\"font-weight: 400;\">The fifth largest construction company in the world, with projects including <\/span><span style=\"font-weight: 400;\">United Head Nations, Royal London Hospital and New York City Subway. <\/span><span style=\"font-weight: 400;\">Skanska operates in 11 countries with around 34,000 employees.<\/span><br \/>\nSkanska<\/p>\n<p>skanska<\/p>\n<p>2022-06-12 22:02:02<br \/>\n2022-06-13 02:02:02<\/p>\n<p>0<br \/>\n=brands&amp;p=1997<br \/>\n0<br \/>\nbrands<\/p>\n<p>0<\/p>\n<p>WP_Post Object<\/p>\n<p>1063<br \/>\n6<br \/>\n2021-03-17 02:29:36<br \/>\n2021-03-16 18:29:36<\/p>\n<p>Airbus<\/p>\n<p>airbus<\/p>\n<p>2022-05-30 21:32:55<br \/>\n2022-05-31 01:32:55<\/p>\n<p>0<br \/>\n=brands&amp;p=1063<br \/>\n0<br \/>\nbrands<\/p>\n<p>0<\/p>\n<p>WP_Post Object<\/p>\n<p>1480<br \/>\n6<br \/>\n2021-05-10 10:07:43<br \/>\n2021-05-10 02:07:43<\/p>\n<p>Hyundai<\/p>\n<p>hyundai<\/p>\n<p>2022-05-05 01:26:54<br \/>\n2022-05-05 05:26:54<\/p>\n<p>0<br \/>\n=brands&amp;p=1480<br \/>\n0<br \/>\nbrands<\/p>\n<p>0<\/p>\n<p>WP_Post Object<\/p>\n<p>2260<br \/>\n6<br \/>\n2021-08-08 16:29:15<br \/>\n2021-08-08 08:29:15<\/p>\n<p>Alain Azzam &#8211; Jibble got it right<\/p>\n<p>2260<\/p>\n<p>2022-11-25 02:45:27<br \/>\n2022-11-25 07:45:27<\/p>\n<p>0<br \/>\n=user_reviews&amp;p=2260<br \/>\n0<br \/>\nuser_reviews<\/p>\n<p>0<\/p>\n<p>WP_Post Object<\/p>\n<p>1564<br \/>\n6<br \/>\n2021-05-12 12:18:34<br \/>\n2021-05-12 04:18:34<\/p>\n<p>Bradley Taylor &#8211; Seamless, easy to use<\/p>\n<p>bradley-taylor-seamless-easy-to-use<\/p>\n<p>2021-05-12 12:18:34<br \/>\n2021-05-12 04:18:34<\/p>\n<p>0<br \/>\n=user_reviews&amp;p=1564<br \/>\n0<br \/>\nuser_reviews<\/p>\n<p>0<\/p>\n<p>WP_Post Object<\/p>\n<p>4307<br \/>\n6<br \/>\n2022-05-07 05:22:14<br \/>\n2022-05-07 09:22:14<\/p>\n<p>Jackielyne D &#8211; The best time tracking app I have used so far &#8211; Timesheet Software<\/p>\n<p>jackielyne-d-the-best-time-tracking-app-i-have-used-so-far-time-tracking-software<\/p>\n<p>2022-09-14 13:56:30<br \/>\n2022-09-14 17:56:30<\/p>\n<p>0<br \/>\n=user_reviews&amp;p=4307<br \/>\n0<br \/>\nuser_reviews<\/p>\n<p>0<\/p>\n<p>WP_Post Object<\/p>\n<p>4649<br \/>\n6<br \/>\n2022-05-17 01:42:15<br \/>\n2022-05-17 05:42:15<\/p>\n<p>Jennifer Love S &#8211; Fabulous app&#8230; our client billing is much more accurate with Jibble timesheets<\/p>\n<p>jeniffer-love-s-fabulous-app-our-client-billing-is-much-more-accurate-with-jibble-timesheets-time-billing-software<\/p>\n<p>2022-11-25 02:33:44<br \/>\n2022-11-25 07:33:44<\/p>\n<p>0<br \/>\n=user_reviews&amp;p=4649<br \/>\n0<br \/>\nuser_reviews<\/p>\n<p>0<\/p>\n<p>WP_Post Object<\/p>\n<p>2595<br \/>\n6<br \/>\n2021-10-19 15:10:37<br \/>\n2021-10-19 07:10:37<\/p>\n<p>Must use app &#8211; Aswin Subramanian<\/p>\n<p>must-use-app-aswin-subramanian<\/p>\n<p>2021-10-19 15:10:37<br \/>\n2021-10-19 07:10:37<\/p>\n<p>0<br \/>\n=user_reviews&amp;p=2595<br \/>\n0<br \/>\nuser_reviews<\/p>\n<p>0<\/p>\n<p>WP_Post Object<\/p>\n<p>4331<br \/>\n6<br \/>\n2022-05-07 06:13:50<br \/>\n2022-05-07 10:13:50<\/p>\n<p>Saad A &#8211; Best attendance app ever &#8211; Attendance App<\/p>\n<p>saad-a-best-attendance-app-ever-attendance-app<\/p>\n<p>2022-05-07 06:16:54<br \/>\n2022-05-07 10:16:54<\/p>\n<p>0<br \/>\n=user_reviews&amp;p=4331<br \/>\n0<br \/>\nuser_reviews<\/p>\n<p>0<\/p>\n<p>WP_Post Object<\/p>\n<p>4325<br \/>\n6<br \/>\n2022-05-07 06:00:55<br \/>\n2022-05-07 10:00:55<\/p>\n<p>Robert U &#8211; Amazing attendance tracker &#8211; Attendance App<\/p>\n<p>robert-u-amazing-attendance-tracker-attendance-app<\/p>\n<p>2022-05-07 06:02:22<br \/>\n2022-05-07 10:02:22<\/p>\n<p>0<br \/>\n=user_reviews&amp;p=4325<br \/>\n0<br \/>\nuser_reviews<\/p>\n<p>0<\/p>\n<p>WP_Post Object<\/p>\n<p>2276<br \/>\n6<br \/>\n2021-08-08 17:14:30<br \/>\n2021-08-08 09:14:30<\/p>\n<p>Andrew Desrochers &#8211; Happy I found Jibble &#8211; href: time tracking employees<\/p>\n<p>andrew-desrochers-happy-i-found-jibble<\/p>\n<p>2022-09-23 07:11:59<br \/>\n2022-09-23 11:11:59<\/p>\n<p>0<br \/>\n=user_reviews&amp;p=2276<br \/>\n0<br \/>\nuser_reviews<\/p>\n<p>0<\/p>\n","protected":false},"excerpt":{"rendered":"<p>Get insightful reports &#8230;from your iPhone See who\u2019s in and out, get reports on activities, projects and hours worked and track upcoming holidays, all from your iPhone. 18877 18877 Data About Tracked Time unamed. 20473 6 unamed-2 22372 2022-05-31 08:18:43 2022-05-31 08:18:43 0 750 605 150 150 300 242 750 605 750 605 750 605 [&hellip;]<\/p>\n","protected":false},"author":6,"featured_media":0,"parent":0,"menu_order":0,"comment_status":"closed","ping_status":"closed","template":"template-feature-new-youtube.php","meta":{"_acf_changed":false,"footnotes":""},"class_list":["post-22425","page","type-page","status-publish","hentry"],"acf":[],"yoast_head":"<!-- This site is optimized with the Yoast SEO Premium plugin v26.8 (Yoast SEO v26.8) - https:\/\/yoast.com\/product\/yoast-seo-premium-wordpress\/ -->\n<title>App de suivi du temps 100 % GRATUITE sur iPhone | Jibble\u2122<\/title>\n<meta name=\"description\" content=\"App iOS de suivi du temps et des pr\u00e9sences pour suivre les heures des employ\u00e9s en mati\u00e8re de gestion de paie et de facturation.\" \/>\n<meta name=\"robots\" content=\"index, follow, max-snippet:-1, max-image-preview:large, max-video-preview:-1\" \/>\n<link rel=\"canonical\" href=\"https:\/\/www.jibble.io\/fr\/suivi-temps-iphone\" \/>\n<meta property=\"og:locale\" content=\"fr_FR\" \/>\n<meta property=\"og:type\" content=\"article\" \/>\n<meta property=\"og:title\" content=\"App de suivi du temps 100 % GRATUITE sur iPhone | Jibble\u2122\" \/>\n<meta property=\"og:description\" content=\"App iOS de suivi du temps et des pr\u00e9sences pour suivre les heures des employ\u00e9s en mati\u00e8re de gestion de paie et de facturation.\" \/>\n<meta property=\"og:url\" content=\"https:\/\/www.jibble.io\/fr\/suivi-temps-iphone\" \/>\n<meta property=\"og:site_name\" content=\"Jibble\" \/>\n<meta property=\"article:modified_time\" content=\"2026-03-12T11:15:53+00:00\" \/>\n<meta name=\"twitter:card\" content=\"summary_large_image\" \/>\n<meta name=\"twitter:label1\" content=\"Dur\u00e9e de lecture estim\u00e9e\" \/>\n\t<meta name=\"twitter:data1\" content=\"14 minutes\" \/>\n<script type=\"application\/ld+json\" class=\"yoast-schema-graph\">{\"@context\":\"https:\/\/schema.org\",\"@graph\":[{\"@type\":\"WebPage\",\"@id\":\"https:\/\/www.jibble.io\/fr\/suivi-temps-iphone\",\"url\":\"https:\/\/www.jibble.io\/fr\/suivi-temps-iphone\",\"name\":\"App de suivi du temps 100 % GRATUITE sur iPhone | Jibble\u2122\",\"isPartOf\":{\"@id\":\"https:\/\/www.jibble.io\/fr#website\"},\"datePublished\":\"2022-05-29T23:32:59+00:00\",\"dateModified\":\"2026-03-12T11:15:53+00:00\",\"description\":\"App iOS de suivi du temps et des pr\u00e9sences pour suivre les heures des employ\u00e9s en mati\u00e8re de gestion de paie et de facturation.\",\"inLanguage\":\"fr-FR\",\"potentialAction\":[{\"@type\":\"ReadAction\",\"target\":[\"https:\/\/www.jibble.io\/fr\/suivi-temps-iphone\"]}]},{\"@type\":\"WebSite\",\"@id\":\"https:\/\/www.jibble.io\/fr#website\",\"url\":\"https:\/\/www.jibble.io\/fr\",\"name\":\"Jibble\",\"description\":\"Meet the new standard in time tracking software\",\"publisher\":{\"@id\":\"https:\/\/www.jibble.io\/fr#organization\"},\"potentialAction\":[{\"@type\":\"SearchAction\",\"target\":{\"@type\":\"EntryPoint\",\"urlTemplate\":\"https:\/\/www.jibble.io\/fr?s={search_term_string}\"},\"query-input\":{\"@type\":\"PropertyValueSpecification\",\"valueRequired\":true,\"valueName\":\"search_term_string\"}}],\"inLanguage\":\"fr-FR\"},{\"@type\":\"Organization\",\"@id\":\"https:\/\/www.jibble.io\/fr#organization\",\"name\":\"Jibble\",\"url\":\"https:\/\/www.jibble.io\/fr\",\"logo\":{\"@type\":\"ImageObject\",\"inLanguage\":\"fr-FR\",\"@id\":\"https:\/\/www.jibble.io\/fr#\/schema\/logo\/image\/\",\"url\":\"https:\/\/www.jibble.io\/wp-content\/uploads\/2022\/05\/Original-copy-923x1024.png\",\"contentUrl\":\"https:\/\/www.jibble.io\/wp-content\/uploads\/2022\/05\/Original-copy-923x1024.png\",\"width\":\"923\",\"height\":\"1024\",\"caption\":\"Jibble\"},\"image\":{\"@id\":\"https:\/\/www.jibble.io\/fr#\/schema\/logo\/image\/\"},\"sameAs\":[\"https:\/\/www.linkedin.com\/company\/jibble\/\"]}]}<\/script>\n<!-- \/ Yoast SEO Premium plugin. -->","yoast_head_json":{"title":"App de suivi du temps 100 % GRATUITE sur iPhone | Jibble\u2122","description":"App iOS de suivi du temps et des pr\u00e9sences pour suivre les heures des employ\u00e9s en mati\u00e8re de gestion de paie et de facturation.","robots":{"index":"index","follow":"follow","max-snippet":"max-snippet:-1","max-image-preview":"max-image-preview:large","max-video-preview":"max-video-preview:-1"},"canonical":"https:\/\/www.jibble.io\/fr\/suivi-temps-iphone","og_locale":"fr_FR","og_type":"article","og_title":"App de suivi du temps 100 % GRATUITE sur iPhone | Jibble\u2122","og_description":"App iOS de suivi du temps et des pr\u00e9sences pour suivre les heures des employ\u00e9s en mati\u00e8re de gestion de paie et de facturation.","og_url":"https:\/\/www.jibble.io\/fr\/suivi-temps-iphone","og_site_name":"Jibble","article_modified_time":"2026-03-12T11:15:53+00:00","twitter_card":"summary_large_image","twitter_misc":{"Dur\u00e9e de lecture estim\u00e9e":"14 minutes"},"schema":{"@context":"https:\/\/schema.org","@graph":[{"@type":"WebPage","@id":"https:\/\/www.jibble.io\/fr\/suivi-temps-iphone","url":"https:\/\/www.jibble.io\/fr\/suivi-temps-iphone","name":"App de suivi du temps 100 % GRATUITE sur iPhone | Jibble\u2122","isPartOf":{"@id":"https:\/\/www.jibble.io\/fr#website"},"datePublished":"2022-05-29T23:32:59+00:00","dateModified":"2026-03-12T11:15:53+00:00","description":"App iOS de suivi du temps et des pr\u00e9sences pour suivre les heures des employ\u00e9s en mati\u00e8re de gestion de paie et de facturation.","inLanguage":"fr-FR","potentialAction":[{"@type":"ReadAction","target":["https:\/\/www.jibble.io\/fr\/suivi-temps-iphone"]}]},{"@type":"WebSite","@id":"https:\/\/www.jibble.io\/fr#website","url":"https:\/\/www.jibble.io\/fr","name":"Jibble","description":"Meet the new standard in time tracking software","publisher":{"@id":"https:\/\/www.jibble.io\/fr#organization"},"potentialAction":[{"@type":"SearchAction","target":{"@type":"EntryPoint","urlTemplate":"https:\/\/www.jibble.io\/fr?s={search_term_string}"},"query-input":{"@type":"PropertyValueSpecification","valueRequired":true,"valueName":"search_term_string"}}],"inLanguage":"fr-FR"},{"@type":"Organization","@id":"https:\/\/www.jibble.io\/fr#organization","name":"Jibble","url":"https:\/\/www.jibble.io\/fr","logo":{"@type":"ImageObject","inLanguage":"fr-FR","@id":"https:\/\/www.jibble.io\/fr#\/schema\/logo\/image\/","url":"https:\/\/www.jibble.io\/wp-content\/uploads\/2022\/05\/Original-copy-923x1024.png","contentUrl":"https:\/\/www.jibble.io\/wp-content\/uploads\/2022\/05\/Original-copy-923x1024.png","width":"923","height":"1024","caption":"Jibble"},"image":{"@id":"https:\/\/www.jibble.io\/fr#\/schema\/logo\/image\/"},"sameAs":["https:\/\/www.linkedin.com\/company\/jibble\/"]}]}},"_links":{"self":[{"href":"https:\/\/www.jibble.io\/fr\/wp-json\/wp\/v2\/pages\/22425","targetHints":{"allow":["GET"]}}],"collection":[{"href":"https:\/\/www.jibble.io\/fr\/wp-json\/wp\/v2\/pages"}],"about":[{"href":"https:\/\/www.jibble.io\/fr\/wp-json\/wp\/v2\/types\/page"}],"author":[{"embeddable":true,"href":"https:\/\/www.jibble.io\/fr\/wp-json\/wp\/v2\/users\/6"}],"replies":[{"embeddable":true,"href":"https:\/\/www.jibble.io\/fr\/wp-json\/wp\/v2\/comments?post=22425"}],"version-history":[{"count":3,"href":"https:\/\/www.jibble.io\/fr\/wp-json\/wp\/v2\/pages\/22425\/revisions"}],"predecessor-version":[{"id":388576,"href":"https:\/\/www.jibble.io\/fr\/wp-json\/wp\/v2\/pages\/22425\/revisions\/388576"}],"wp:attachment":[{"href":"https:\/\/www.jibble.io\/fr\/wp-json\/wp\/v2\/media?parent=22425"}],"curies":[{"name":"wp","href":"https:\/\/api.w.org\/{rel}","templated":true}]}}