{"id":22418,"date":"2022-11-19T03:02:26","date_gmt":"2022-11-19T03:02:26","guid":{"rendered":"https:\/\/marketing.jibble.io\/help"},"modified":"2025-09-22T11:44:44","modified_gmt":"2025-09-22T10:44:44","slug":"aide","status":"publish","type":"page","link":"https:\/\/www.jibble.io\/fr\/aide","title":{"rendered":"Centre d&rsquo;aide"},"content":{"rendered":"","protected":false},"excerpt":{"rendered":"","protected":false},"author":6,"featured_media":0,"parent":0,"menu_order":0,"comment_status":"closed","ping_status":"closed","template":"page-help-center.php","meta":{"_acf_changed":false,"footnotes":""},"class_list":["post-22418","page","type-page","status-publish","hentry"],"acf":[],"yoast_head":"<!-- This site is optimized with the Yoast SEO Premium plugin v26.8 (Yoast SEO v26.8) - https:\/\/yoast.com\/product\/yoast-seo-premium-wordpress\/ -->\n<title>Centre d\u2019aide de Jibble | Solutions compl\u00e8tes &amp; FAQ<\/title>\n<meta name=\"description\" content=\"Explorez le Centre d\u2019aide de Jibble pour trouver des r\u00e9ponses \u00e0 vos questions, des solutions compl\u00e8tes, des guides de d\u00e9pannage et des FAQ.\" \/>\n<meta name=\"robots\" content=\"index, follow, max-snippet:-1, max-image-preview:large, max-video-preview:-1\" \/>\n<link rel=\"canonical\" href=\"https:\/\/www.jibble.io\/fr\/aide\" \/>\n<meta property=\"og:locale\" content=\"fr_FR\" \/>\n<meta property=\"og:type\" content=\"article\" \/>\n<meta property=\"og:title\" content=\"Centre d\u2019aide de Jibble | Solutions compl\u00e8tes &amp; FAQ\" \/>\n<meta property=\"og:description\" content=\"Explorez le Centre d\u2019aide de Jibble pour trouver des r\u00e9ponses \u00e0 vos questions, des solutions compl\u00e8tes, des guides de d\u00e9pannage et des FAQ.\" \/>\n<meta property=\"og:url\" content=\"https:\/\/www.jibble.io\/fr\/aide\" \/>\n<meta property=\"og:site_name\" content=\"Jibble\" \/>\n<meta property=\"article:modified_time\" content=\"2025-09-22T10:44:44+00:00\" \/>\n<meta name=\"twitter:card\" content=\"summary_large_image\" \/>\n<meta name=\"twitter:label1\" content=\"Dur\u00e9e de lecture estim\u00e9e\" \/>\n\t<meta name=\"twitter:data1\" content=\"1 minute\" \/>\n<script type=\"application\/ld+json\" class=\"yoast-schema-graph\">{\"@context\":\"https:\/\/schema.org\",\"@graph\":[{\"@type\":\"WebPage\",\"@id\":\"https:\/\/www.jibble.io\/fr\/aide\",\"url\":\"https:\/\/www.jibble.io\/fr\/aide\",\"name\":\"Centre d\u2019aide de Jibble | Solutions compl\u00e8tes & FAQ\",\"isPartOf\":{\"@id\":\"https:\/\/www.jibble.io\/fr#website\"},\"datePublished\":\"2022-11-19T03:02:26+00:00\",\"dateModified\":\"2025-09-22T10:44:44+00:00\",\"description\":\"Explorez le Centre d\u2019aide de Jibble pour trouver des r\u00e9ponses \u00e0 vos questions, des solutions compl\u00e8tes, des guides de d\u00e9pannage et des FAQ.\",\"inLanguage\":\"fr-FR\",\"potentialAction\":[{\"@type\":\"ReadAction\",\"target\":[\"https:\/\/www.jibble.io\/fr\/aide\"]}]},{\"@type\":\"WebSite\",\"@id\":\"https:\/\/www.jibble.io\/fr#website\",\"url\":\"https:\/\/www.jibble.io\/fr\",\"name\":\"Jibble\",\"description\":\"Meet the new standard in time tracking software\",\"publisher\":{\"@id\":\"https:\/\/www.jibble.io\/fr#organization\"},\"potentialAction\":[{\"@type\":\"SearchAction\",\"target\":{\"@type\":\"EntryPoint\",\"urlTemplate\":\"https:\/\/www.jibble.io\/fr?s={search_term_string}\"},\"query-input\":{\"@type\":\"PropertyValueSpecification\",\"valueRequired\":true,\"valueName\":\"search_term_string\"}}],\"inLanguage\":\"fr-FR\"},{\"@type\":\"Organization\",\"@id\":\"https:\/\/www.jibble.io\/fr#organization\",\"name\":\"Jibble\",\"url\":\"https:\/\/www.jibble.io\/fr\",\"logo\":{\"@type\":\"ImageObject\",\"inLanguage\":\"fr-FR\",\"@id\":\"https:\/\/www.jibble.io\/fr#\/schema\/logo\/image\/\",\"url\":\"https:\/\/www.jibble.io\/wp-content\/uploads\/2022\/05\/Original-copy-923x1024.png\",\"contentUrl\":\"https:\/\/www.jibble.io\/wp-content\/uploads\/2022\/05\/Original-copy-923x1024.png\",\"width\":\"923\",\"height\":\"1024\",\"caption\":\"Jibble\"},\"image\":{\"@id\":\"https:\/\/www.jibble.io\/fr#\/schema\/logo\/image\/\"},\"sameAs\":[\"https:\/\/www.linkedin.com\/company\/jibble\/\"]}]}<\/script>\n<!-- \/ Yoast SEO Premium plugin. -->","yoast_head_json":{"title":"Centre d\u2019aide de Jibble | Solutions compl\u00e8tes & FAQ","description":"Explorez le Centre d\u2019aide de Jibble pour trouver des r\u00e9ponses \u00e0 vos questions, des solutions compl\u00e8tes, des guides de d\u00e9pannage et des FAQ.","robots":{"index":"index","follow":"follow","max-snippet":"max-snippet:-1","max-image-preview":"max-image-preview:large","max-video-preview":"max-video-preview:-1"},"canonical":"https:\/\/www.jibble.io\/fr\/aide","og_locale":"fr_FR","og_type":"article","og_title":"Centre d\u2019aide de Jibble | Solutions compl\u00e8tes & FAQ","og_description":"Explorez le Centre d\u2019aide de Jibble pour trouver des r\u00e9ponses \u00e0 vos questions, des solutions compl\u00e8tes, des guides de d\u00e9pannage et des FAQ.","og_url":"https:\/\/www.jibble.io\/fr\/aide","og_site_name":"Jibble","article_modified_time":"2025-09-22T10:44:44+00:00","twitter_card":"summary_large_image","twitter_misc":{"Dur\u00e9e de lecture estim\u00e9e":"1 minute"},"schema":{"@context":"https:\/\/schema.org","@graph":[{"@type":"WebPage","@id":"https:\/\/www.jibble.io\/fr\/aide","url":"https:\/\/www.jibble.io\/fr\/aide","name":"Centre d\u2019aide de Jibble | Solutions compl\u00e8tes & FAQ","isPartOf":{"@id":"https:\/\/www.jibble.io\/fr#website"},"datePublished":"2022-11-19T03:02:26+00:00","dateModified":"2025-09-22T10:44:44+00:00","description":"Explorez le Centre d\u2019aide de Jibble pour trouver des r\u00e9ponses \u00e0 vos questions, des solutions compl\u00e8tes, des guides de d\u00e9pannage et des FAQ.","inLanguage":"fr-FR","potentialAction":[{"@type":"ReadAction","target":["https:\/\/www.jibble.io\/fr\/aide"]}]},{"@type":"WebSite","@id":"https:\/\/www.jibble.io\/fr#website","url":"https:\/\/www.jibble.io\/fr","name":"Jibble","description":"Meet the new standard in time tracking software","publisher":{"@id":"https:\/\/www.jibble.io\/fr#organization"},"potentialAction":[{"@type":"SearchAction","target":{"@type":"EntryPoint","urlTemplate":"https:\/\/www.jibble.io\/fr?s={search_term_string}"},"query-input":{"@type":"PropertyValueSpecification","valueRequired":true,"valueName":"search_term_string"}}],"inLanguage":"fr-FR"},{"@type":"Organization","@id":"https:\/\/www.jibble.io\/fr#organization","name":"Jibble","url":"https:\/\/www.jibble.io\/fr","logo":{"@type":"ImageObject","inLanguage":"fr-FR","@id":"https:\/\/www.jibble.io\/fr#\/schema\/logo\/image\/","url":"https:\/\/www.jibble.io\/wp-content\/uploads\/2022\/05\/Original-copy-923x1024.png","contentUrl":"https:\/\/www.jibble.io\/wp-content\/uploads\/2022\/05\/Original-copy-923x1024.png","width":"923","height":"1024","caption":"Jibble"},"image":{"@id":"https:\/\/www.jibble.io\/fr#\/schema\/logo\/image\/"},"sameAs":["https:\/\/www.linkedin.com\/company\/jibble\/"]}]}},"_links":{"self":[{"href":"https:\/\/www.jibble.io\/fr\/wp-json\/wp\/v2\/pages\/22418","targetHints":{"allow":["GET"]}}],"collection":[{"href":"https:\/\/www.jibble.io\/fr\/wp-json\/wp\/v2\/pages"}],"about":[{"href":"https:\/\/www.jibble.io\/fr\/wp-json\/wp\/v2\/types\/page"}],"author":[{"embeddable":true,"href":"https:\/\/www.jibble.io\/fr\/wp-json\/wp\/v2\/users\/6"}],"replies":[{"embeddable":true,"href":"https:\/\/www.jibble.io\/fr\/wp-json\/wp\/v2\/comments?post=22418"}],"version-history":[{"count":3,"href":"https:\/\/www.jibble.io\/fr\/wp-json\/wp\/v2\/pages\/22418\/revisions"}],"predecessor-version":[{"id":326920,"href":"https:\/\/www.jibble.io\/fr\/wp-json\/wp\/v2\/pages\/22418\/revisions\/326920"}],"wp:attachment":[{"href":"https:\/\/www.jibble.io\/fr\/wp-json\/wp\/v2\/media?parent=22418"}],"curies":[{"name":"wp","href":"https:\/\/api.w.org\/{rel}","templated":true}]}}