{"id":181413,"date":"2024-08-01T04:14:35","date_gmt":"2024-08-01T03:14:35","guid":{"rendered":"https:\/\/www.jibble.io\/time-tracking-freelancers-solo-users"},"modified":"2025-08-14T16:49:45","modified_gmt":"2025-08-14T15:49:45","slug":"suivi-temps-freelances-independants","status":"publish","type":"page","link":"https:\/\/www.jibble.io\/fr\/suivi-temps-freelances-independants","title":{"rendered":"Time Tracking for Freelancers &#038; Solo Users"},"content":{"rendered":"","protected":false},"excerpt":{"rendered":"","protected":false},"author":56,"featured_media":0,"parent":0,"menu_order":0,"comment_status":"closed","ping_status":"closed","template":"template-feature-new-youtube.php","meta":{"_acf_changed":false,"footnotes":""},"class_list":["post-181413","page","type-page","status-publish","hentry"],"acf":[],"yoast_head":"<!-- This site is optimized with the Yoast SEO Premium plugin v26.8 (Yoast SEO v26.8) - https:\/\/yoast.com\/product\/yoast-seo-premium-wordpress\/ -->\n<title>Suivi du temps GRATUIT pour freelances et auto-entrepreneurs<\/title>\n<meta name=\"description\" content=\"Suivez le temps sans effort GRATUITEMENT gr\u00e2ce \u00e0 Jibble pour les freelances et auto-entrepreneurs. G\u00e9rez les projets et la productivit\u00e9.\" \/>\n<meta name=\"robots\" content=\"index, follow, max-snippet:-1, max-image-preview:large, max-video-preview:-1\" \/>\n<link rel=\"canonical\" href=\"https:\/\/www.jibble.io\/fr\/suivi-temps-freelances-independants\" \/>\n<meta property=\"og:locale\" content=\"fr_FR\" \/>\n<meta property=\"og:type\" content=\"article\" \/>\n<meta property=\"og:title\" content=\"Suivi du temps GRATUIT pour freelances et auto-entrepreneurs\" \/>\n<meta property=\"og:description\" content=\"Suivez le temps sans effort GRATUITEMENT gr\u00e2ce \u00e0 Jibble pour les freelances et auto-entrepreneurs. G\u00e9rez les projets et la productivit\u00e9.\" \/>\n<meta property=\"og:url\" content=\"https:\/\/www.jibble.io\/fr\/suivi-temps-freelances-independants\" \/>\n<meta property=\"og:site_name\" content=\"Jibble\" \/>\n<meta property=\"article:modified_time\" content=\"2025-08-14T15:49:45+00:00\" \/>\n<meta name=\"twitter:card\" content=\"summary_large_image\" \/>\n<meta name=\"twitter:label1\" content=\"Dur\u00e9e de lecture estim\u00e9e\" \/>\n\t<meta name=\"twitter:data1\" content=\"6 minutes\" \/>\n<script type=\"application\/ld+json\" class=\"yoast-schema-graph\">{\"@context\":\"https:\/\/schema.org\",\"@graph\":[{\"@type\":\"WebPage\",\"@id\":\"https:\/\/www.jibble.io\/fr\/suivi-temps-freelances-independants\",\"url\":\"https:\/\/www.jibble.io\/fr\/suivi-temps-freelances-independants\",\"name\":\"Suivi du temps GRATUIT pour freelances et auto-entrepreneurs\",\"isPartOf\":{\"@id\":\"https:\/\/www.jibble.io\/fr#website\"},\"datePublished\":\"2024-08-01T03:14:35+00:00\",\"dateModified\":\"2025-08-14T15:49:45+00:00\",\"description\":\"Suivez le temps sans effort GRATUITEMENT gr\u00e2ce \u00e0 Jibble pour les freelances et auto-entrepreneurs. G\u00e9rez les projets et la productivit\u00e9.\",\"inLanguage\":\"fr-FR\",\"potentialAction\":[{\"@type\":\"ReadAction\",\"target\":[\"https:\/\/www.jibble.io\/fr\/suivi-temps-freelances-independants\"]}]},{\"@type\":\"WebSite\",\"@id\":\"https:\/\/www.jibble.io\/fr#website\",\"url\":\"https:\/\/www.jibble.io\/fr\",\"name\":\"Jibble\",\"description\":\"Meet the new standard in time tracking software\",\"publisher\":{\"@id\":\"https:\/\/www.jibble.io\/fr#organization\"},\"potentialAction\":[{\"@type\":\"SearchAction\",\"target\":{\"@type\":\"EntryPoint\",\"urlTemplate\":\"https:\/\/www.jibble.io\/fr?s={search_term_string}\"},\"query-input\":{\"@type\":\"PropertyValueSpecification\",\"valueRequired\":true,\"valueName\":\"search_term_string\"}}],\"inLanguage\":\"fr-FR\"},{\"@type\":\"Organization\",\"@id\":\"https:\/\/www.jibble.io\/fr#organization\",\"name\":\"Jibble\",\"url\":\"https:\/\/www.jibble.io\/fr\",\"logo\":{\"@type\":\"ImageObject\",\"inLanguage\":\"fr-FR\",\"@id\":\"https:\/\/www.jibble.io\/fr#\/schema\/logo\/image\/\",\"url\":\"https:\/\/www.jibble.io\/wp-content\/uploads\/2022\/05\/Original-copy-923x1024.png\",\"contentUrl\":\"https:\/\/www.jibble.io\/wp-content\/uploads\/2022\/05\/Original-copy-923x1024.png\",\"width\":\"923\",\"height\":\"1024\",\"caption\":\"Jibble\"},\"image\":{\"@id\":\"https:\/\/www.jibble.io\/fr#\/schema\/logo\/image\/\"},\"sameAs\":[\"https:\/\/www.linkedin.com\/company\/jibble\/\"]}]}<\/script>\n<!-- \/ Yoast SEO Premium plugin. -->","yoast_head_json":{"title":"Suivi du temps GRATUIT pour freelances et auto-entrepreneurs","description":"Suivez le temps sans effort GRATUITEMENT gr\u00e2ce \u00e0 Jibble pour les freelances et auto-entrepreneurs. G\u00e9rez les projets et la productivit\u00e9.","robots":{"index":"index","follow":"follow","max-snippet":"max-snippet:-1","max-image-preview":"max-image-preview:large","max-video-preview":"max-video-preview:-1"},"canonical":"https:\/\/www.jibble.io\/fr\/suivi-temps-freelances-independants","og_locale":"fr_FR","og_type":"article","og_title":"Suivi du temps GRATUIT pour freelances et auto-entrepreneurs","og_description":"Suivez le temps sans effort GRATUITEMENT gr\u00e2ce \u00e0 Jibble pour les freelances et auto-entrepreneurs. G\u00e9rez les projets et la productivit\u00e9.","og_url":"https:\/\/www.jibble.io\/fr\/suivi-temps-freelances-independants","og_site_name":"Jibble","article_modified_time":"2025-08-14T15:49:45+00:00","twitter_card":"summary_large_image","twitter_misc":{"Dur\u00e9e de lecture estim\u00e9e":"6 minutes"},"schema":{"@context":"https:\/\/schema.org","@graph":[{"@type":"WebPage","@id":"https:\/\/www.jibble.io\/fr\/suivi-temps-freelances-independants","url":"https:\/\/www.jibble.io\/fr\/suivi-temps-freelances-independants","name":"Suivi du temps GRATUIT pour freelances et auto-entrepreneurs","isPartOf":{"@id":"https:\/\/www.jibble.io\/fr#website"},"datePublished":"2024-08-01T03:14:35+00:00","dateModified":"2025-08-14T15:49:45+00:00","description":"Suivez le temps sans effort GRATUITEMENT gr\u00e2ce \u00e0 Jibble pour les freelances et auto-entrepreneurs. G\u00e9rez les projets et la productivit\u00e9.","inLanguage":"fr-FR","potentialAction":[{"@type":"ReadAction","target":["https:\/\/www.jibble.io\/fr\/suivi-temps-freelances-independants"]}]},{"@type":"WebSite","@id":"https:\/\/www.jibble.io\/fr#website","url":"https:\/\/www.jibble.io\/fr","name":"Jibble","description":"Meet the new standard in time tracking software","publisher":{"@id":"https:\/\/www.jibble.io\/fr#organization"},"potentialAction":[{"@type":"SearchAction","target":{"@type":"EntryPoint","urlTemplate":"https:\/\/www.jibble.io\/fr?s={search_term_string}"},"query-input":{"@type":"PropertyValueSpecification","valueRequired":true,"valueName":"search_term_string"}}],"inLanguage":"fr-FR"},{"@type":"Organization","@id":"https:\/\/www.jibble.io\/fr#organization","name":"Jibble","url":"https:\/\/www.jibble.io\/fr","logo":{"@type":"ImageObject","inLanguage":"fr-FR","@id":"https:\/\/www.jibble.io\/fr#\/schema\/logo\/image\/","url":"https:\/\/www.jibble.io\/wp-content\/uploads\/2022\/05\/Original-copy-923x1024.png","contentUrl":"https:\/\/www.jibble.io\/wp-content\/uploads\/2022\/05\/Original-copy-923x1024.png","width":"923","height":"1024","caption":"Jibble"},"image":{"@id":"https:\/\/www.jibble.io\/fr#\/schema\/logo\/image\/"},"sameAs":["https:\/\/www.linkedin.com\/company\/jibble\/"]}]}},"_links":{"self":[{"href":"https:\/\/www.jibble.io\/fr\/wp-json\/wp\/v2\/pages\/181413","targetHints":{"allow":["GET"]}}],"collection":[{"href":"https:\/\/www.jibble.io\/fr\/wp-json\/wp\/v2\/pages"}],"about":[{"href":"https:\/\/www.jibble.io\/fr\/wp-json\/wp\/v2\/types\/page"}],"author":[{"embeddable":true,"href":"https:\/\/www.jibble.io\/fr\/wp-json\/wp\/v2\/users\/56"}],"replies":[{"embeddable":true,"href":"https:\/\/www.jibble.io\/fr\/wp-json\/wp\/v2\/comments?post=181413"}],"version-history":[{"count":3,"href":"https:\/\/www.jibble.io\/fr\/wp-json\/wp\/v2\/pages\/181413\/revisions"}],"predecessor-version":[{"id":310866,"href":"https:\/\/www.jibble.io\/fr\/wp-json\/wp\/v2\/pages\/181413\/revisions\/310866"}],"wp:attachment":[{"href":"https:\/\/www.jibble.io\/fr\/wp-json\/wp\/v2\/media?parent=181413"}],"curies":[{"name":"wp","href":"https:\/\/api.w.org\/{rel}","templated":true}]}}