{"id":118209,"date":"2024-05-06T10:50:02","date_gmt":"2024-05-06T09:50:02","guid":{"rendered":"https:\/\/www.jibble.io\/face-recognition-camera-attendance"},"modified":"2025-08-15T09:11:48","modified_gmt":"2025-08-15T08:11:48","slug":"presence-reconnaissance-faciale-photo","status":"publish","type":"page","link":"https:\/\/www.jibble.io\/fr\/presence-reconnaissance-faciale-photo","title":{"rendered":"Face Recognition Camera Attendance System"},"content":{"rendered":"","protected":false},"excerpt":{"rendered":"","protected":false},"author":56,"featured_media":0,"parent":0,"menu_order":0,"comment_status":"closed","ping_status":"closed","template":"template-feature-new-youtube.php","meta":{"_acf_changed":false,"footnotes":""},"class_list":["post-118209","page","type-page","status-publish","hentry"],"acf":[],"yoast_head":"<!-- This site is optimized with the Yoast SEO Premium plugin v26.8 (Yoast SEO v26.8) - https:\/\/yoast.com\/product\/yoast-seo-premium-wordpress\/ -->\n<title>Pr\u00e9sences via reconnaissance faciale par photo 100% GRATUITE<\/title>\n<meta name=\"description\" content=\"Enregistrez les pr\u00e9sences avec pr\u00e9cision gr\u00e2ce \u00e0 notre syst\u00e8me de reconnaissance faciale par photo. 100 % gratuit, sans limite d\u2019utilisateurs.\" \/>\n<meta name=\"robots\" content=\"index, follow, max-snippet:-1, max-image-preview:large, max-video-preview:-1\" \/>\n<link rel=\"canonical\" href=\"https:\/\/www.jibble.io\/fr\/presence-reconnaissance-faciale-photo\" \/>\n<meta property=\"og:locale\" content=\"fr_FR\" \/>\n<meta property=\"og:type\" content=\"article\" \/>\n<meta property=\"og:title\" content=\"Pr\u00e9sences via reconnaissance faciale par photo 100% GRATUITE\" \/>\n<meta property=\"og:description\" content=\"Enregistrez les pr\u00e9sences avec pr\u00e9cision gr\u00e2ce \u00e0 notre syst\u00e8me de reconnaissance faciale par photo. 100 % gratuit, sans limite d\u2019utilisateurs.\" \/>\n<meta property=\"og:url\" content=\"https:\/\/www.jibble.io\/fr\/presence-reconnaissance-faciale-photo\" \/>\n<meta property=\"og:site_name\" content=\"Jibble\" \/>\n<meta property=\"article:modified_time\" content=\"2025-08-15T08:11:48+00:00\" \/>\n<meta name=\"twitter:card\" content=\"summary_large_image\" \/>\n<meta name=\"twitter:label1\" content=\"Dur\u00e9e de lecture estim\u00e9e\" \/>\n\t<meta name=\"twitter:data1\" content=\"8 minutes\" \/>\n<script type=\"application\/ld+json\" class=\"yoast-schema-graph\">{\"@context\":\"https:\/\/schema.org\",\"@graph\":[{\"@type\":\"WebPage\",\"@id\":\"https:\/\/www.jibble.io\/fr\/presence-reconnaissance-faciale-photo\",\"url\":\"https:\/\/www.jibble.io\/fr\/presence-reconnaissance-faciale-photo\",\"name\":\"Pr\u00e9sences via reconnaissance faciale par photo 100% GRATUITE\",\"isPartOf\":{\"@id\":\"https:\/\/www.jibble.io\/fr#website\"},\"datePublished\":\"2024-05-06T09:50:02+00:00\",\"dateModified\":\"2025-08-15T08:11:48+00:00\",\"description\":\"Enregistrez les pr\u00e9sences avec pr\u00e9cision gr\u00e2ce \u00e0 notre syst\u00e8me de reconnaissance faciale par photo. 100 % gratuit, sans limite d\u2019utilisateurs.\",\"inLanguage\":\"fr-FR\",\"potentialAction\":[{\"@type\":\"ReadAction\",\"target\":[\"https:\/\/www.jibble.io\/fr\/presence-reconnaissance-faciale-photo\"]}]},{\"@type\":\"WebSite\",\"@id\":\"https:\/\/www.jibble.io\/fr#website\",\"url\":\"https:\/\/www.jibble.io\/fr\",\"name\":\"Jibble\",\"description\":\"Meet the new standard in time tracking software\",\"publisher\":{\"@id\":\"https:\/\/www.jibble.io\/fr#organization\"},\"potentialAction\":[{\"@type\":\"SearchAction\",\"target\":{\"@type\":\"EntryPoint\",\"urlTemplate\":\"https:\/\/www.jibble.io\/fr?s={search_term_string}\"},\"query-input\":{\"@type\":\"PropertyValueSpecification\",\"valueRequired\":true,\"valueName\":\"search_term_string\"}}],\"inLanguage\":\"fr-FR\"},{\"@type\":\"Organization\",\"@id\":\"https:\/\/www.jibble.io\/fr#organization\",\"name\":\"Jibble\",\"url\":\"https:\/\/www.jibble.io\/fr\",\"logo\":{\"@type\":\"ImageObject\",\"inLanguage\":\"fr-FR\",\"@id\":\"https:\/\/www.jibble.io\/fr#\/schema\/logo\/image\/\",\"url\":\"https:\/\/www.jibble.io\/wp-content\/uploads\/2022\/05\/Original-copy-923x1024.png\",\"contentUrl\":\"https:\/\/www.jibble.io\/wp-content\/uploads\/2022\/05\/Original-copy-923x1024.png\",\"width\":\"923\",\"height\":\"1024\",\"caption\":\"Jibble\"},\"image\":{\"@id\":\"https:\/\/www.jibble.io\/fr#\/schema\/logo\/image\/\"},\"sameAs\":[\"https:\/\/www.linkedin.com\/company\/jibble\/\"]}]}<\/script>\n<!-- \/ Yoast SEO Premium plugin. -->","yoast_head_json":{"title":"Pr\u00e9sences via reconnaissance faciale par photo 100% GRATUITE","description":"Enregistrez les pr\u00e9sences avec pr\u00e9cision gr\u00e2ce \u00e0 notre syst\u00e8me de reconnaissance faciale par photo. 100 % gratuit, sans limite d\u2019utilisateurs.","robots":{"index":"index","follow":"follow","max-snippet":"max-snippet:-1","max-image-preview":"max-image-preview:large","max-video-preview":"max-video-preview:-1"},"canonical":"https:\/\/www.jibble.io\/fr\/presence-reconnaissance-faciale-photo","og_locale":"fr_FR","og_type":"article","og_title":"Pr\u00e9sences via reconnaissance faciale par photo 100% GRATUITE","og_description":"Enregistrez les pr\u00e9sences avec pr\u00e9cision gr\u00e2ce \u00e0 notre syst\u00e8me de reconnaissance faciale par photo. 100 % gratuit, sans limite d\u2019utilisateurs.","og_url":"https:\/\/www.jibble.io\/fr\/presence-reconnaissance-faciale-photo","og_site_name":"Jibble","article_modified_time":"2025-08-15T08:11:48+00:00","twitter_card":"summary_large_image","twitter_misc":{"Dur\u00e9e de lecture estim\u00e9e":"8 minutes"},"schema":{"@context":"https:\/\/schema.org","@graph":[{"@type":"WebPage","@id":"https:\/\/www.jibble.io\/fr\/presence-reconnaissance-faciale-photo","url":"https:\/\/www.jibble.io\/fr\/presence-reconnaissance-faciale-photo","name":"Pr\u00e9sences via reconnaissance faciale par photo 100% GRATUITE","isPartOf":{"@id":"https:\/\/www.jibble.io\/fr#website"},"datePublished":"2024-05-06T09:50:02+00:00","dateModified":"2025-08-15T08:11:48+00:00","description":"Enregistrez les pr\u00e9sences avec pr\u00e9cision gr\u00e2ce \u00e0 notre syst\u00e8me de reconnaissance faciale par photo. 100 % gratuit, sans limite d\u2019utilisateurs.","inLanguage":"fr-FR","potentialAction":[{"@type":"ReadAction","target":["https:\/\/www.jibble.io\/fr\/presence-reconnaissance-faciale-photo"]}]},{"@type":"WebSite","@id":"https:\/\/www.jibble.io\/fr#website","url":"https:\/\/www.jibble.io\/fr","name":"Jibble","description":"Meet the new standard in time tracking software","publisher":{"@id":"https:\/\/www.jibble.io\/fr#organization"},"potentialAction":[{"@type":"SearchAction","target":{"@type":"EntryPoint","urlTemplate":"https:\/\/www.jibble.io\/fr?s={search_term_string}"},"query-input":{"@type":"PropertyValueSpecification","valueRequired":true,"valueName":"search_term_string"}}],"inLanguage":"fr-FR"},{"@type":"Organization","@id":"https:\/\/www.jibble.io\/fr#organization","name":"Jibble","url":"https:\/\/www.jibble.io\/fr","logo":{"@type":"ImageObject","inLanguage":"fr-FR","@id":"https:\/\/www.jibble.io\/fr#\/schema\/logo\/image\/","url":"https:\/\/www.jibble.io\/wp-content\/uploads\/2022\/05\/Original-copy-923x1024.png","contentUrl":"https:\/\/www.jibble.io\/wp-content\/uploads\/2022\/05\/Original-copy-923x1024.png","width":"923","height":"1024","caption":"Jibble"},"image":{"@id":"https:\/\/www.jibble.io\/fr#\/schema\/logo\/image\/"},"sameAs":["https:\/\/www.linkedin.com\/company\/jibble\/"]}]}},"_links":{"self":[{"href":"https:\/\/www.jibble.io\/fr\/wp-json\/wp\/v2\/pages\/118209","targetHints":{"allow":["GET"]}}],"collection":[{"href":"https:\/\/www.jibble.io\/fr\/wp-json\/wp\/v2\/pages"}],"about":[{"href":"https:\/\/www.jibble.io\/fr\/wp-json\/wp\/v2\/types\/page"}],"author":[{"embeddable":true,"href":"https:\/\/www.jibble.io\/fr\/wp-json\/wp\/v2\/users\/56"}],"replies":[{"embeddable":true,"href":"https:\/\/www.jibble.io\/fr\/wp-json\/wp\/v2\/comments?post=118209"}],"version-history":[{"count":3,"href":"https:\/\/www.jibble.io\/fr\/wp-json\/wp\/v2\/pages\/118209\/revisions"}],"predecessor-version":[{"id":311104,"href":"https:\/\/www.jibble.io\/fr\/wp-json\/wp\/v2\/pages\/118209\/revisions\/311104"}],"wp:attachment":[{"href":"https:\/\/www.jibble.io\/fr\/wp-json\/wp\/v2\/media?parent=118209"}],"curies":[{"name":"wp","href":"https:\/\/api.w.org\/{rel}","templated":true}]}}