{"id":64133,"date":"2023-12-14T07:45:33","date_gmt":"2023-12-14T07:45:33","guid":{"rendered":"https:\/\/www.jibble.io\/xero-timesheet-integration"},"modified":"2025-08-22T20:53:47","modified_gmt":"2025-08-22T19:53:47","slug":"integracion-hoja-de-horas-xero","status":"publish","type":"page","link":"https:\/\/www.jibble.io\/es\/integracion-hoja-de-horas-xero","title":{"rendered":"Xero Timesheet Integration"},"content":{"rendered":"","protected":false},"excerpt":{"rendered":"","protected":false},"author":56,"featured_media":0,"parent":0,"menu_order":0,"comment_status":"closed","ping_status":"closed","template":"template-feature-new-youtube.php","meta":{"_acf_changed":false,"footnotes":""},"class_list":["post-64133","page","type-page","status-publish","hentry"],"acf":[],"yoast_head":"<!-- This site is optimized with the Yoast SEO Premium plugin v26.8 (Yoast SEO v26.8) - https:\/\/yoast.com\/product\/yoast-seo-premium-wordpress\/ -->\n<title>Integraci\u00f3n de hoja de horas para Xero 100% GRATUITA<\/title>\n<meta name=\"description\" content=\"Integra hojas de horas de Jibble con Xero. Integraci\u00f3n de hojas de horas con Xero para una gesti\u00f3n de hoja de horas agilizada.\" \/>\n<meta name=\"robots\" content=\"index, follow, max-snippet:-1, max-image-preview:large, max-video-preview:-1\" \/>\n<link rel=\"canonical\" href=\"https:\/\/www.jibble.io\/es\/integracion-hoja-de-horas-xero\" \/>\n<meta property=\"og:locale\" content=\"es_ES\" \/>\n<meta property=\"og:type\" content=\"article\" \/>\n<meta property=\"og:title\" content=\"Integraci\u00f3n de hoja de horas para Xero 100% GRATUITA\" \/>\n<meta property=\"og:description\" content=\"Integra hojas de horas de Jibble con Xero. Integraci\u00f3n de hojas de horas con Xero para una gesti\u00f3n de hoja de horas agilizada.\" \/>\n<meta property=\"og:url\" content=\"https:\/\/www.jibble.io\/es\/integracion-hoja-de-horas-xero\" \/>\n<meta property=\"og:site_name\" content=\"Jibble\" \/>\n<meta property=\"article:modified_time\" content=\"2025-08-22T19:53:47+00:00\" \/>\n<meta name=\"twitter:card\" content=\"summary_large_image\" \/>\n<meta name=\"twitter:label1\" content=\"Tiempo de lectura\" \/>\n\t<meta name=\"twitter:data1\" content=\"6 minutos\" \/>\n<script type=\"application\/ld+json\" class=\"yoast-schema-graph\">{\"@context\":\"https:\/\/schema.org\",\"@graph\":[{\"@type\":\"WebPage\",\"@id\":\"https:\/\/www.jibble.io\/es\/integracion-hoja-de-horas-xero\",\"url\":\"https:\/\/www.jibble.io\/es\/integracion-hoja-de-horas-xero\",\"name\":\"Integraci\u00f3n de hoja de horas para Xero 100% GRATUITA\",\"isPartOf\":{\"@id\":\"https:\/\/www.jibble.io\/es#website\"},\"datePublished\":\"2023-12-14T07:45:33+00:00\",\"dateModified\":\"2025-08-22T19:53:47+00:00\",\"description\":\"Integra hojas de horas de Jibble con Xero. Integraci\u00f3n de hojas de horas con Xero para una gesti\u00f3n de hoja de horas agilizada.\",\"inLanguage\":\"es\",\"potentialAction\":[{\"@type\":\"ReadAction\",\"target\":[\"https:\/\/www.jibble.io\/es\/integracion-hoja-de-horas-xero\"]}]},{\"@type\":\"WebSite\",\"@id\":\"https:\/\/www.jibble.io\/es#website\",\"url\":\"https:\/\/www.jibble.io\/es\",\"name\":\"Jibble\",\"description\":\"Meet the new standard in time tracking software\",\"publisher\":{\"@id\":\"https:\/\/www.jibble.io\/es#organization\"},\"potentialAction\":[{\"@type\":\"SearchAction\",\"target\":{\"@type\":\"EntryPoint\",\"urlTemplate\":\"https:\/\/www.jibble.io\/es?s={search_term_string}\"},\"query-input\":{\"@type\":\"PropertyValueSpecification\",\"valueRequired\":true,\"valueName\":\"search_term_string\"}}],\"inLanguage\":\"es\"},{\"@type\":\"Organization\",\"@id\":\"https:\/\/www.jibble.io\/es#organization\",\"name\":\"Jibble\",\"url\":\"https:\/\/www.jibble.io\/es\",\"logo\":{\"@type\":\"ImageObject\",\"inLanguage\":\"es\",\"@id\":\"https:\/\/www.jibble.io\/es#\/schema\/logo\/image\/\",\"url\":\"https:\/\/www.jibble.io\/wp-content\/uploads\/2022\/05\/Original-copy-923x1024.png\",\"contentUrl\":\"https:\/\/www.jibble.io\/wp-content\/uploads\/2022\/05\/Original-copy-923x1024.png\",\"width\":\"923\",\"height\":\"1024\",\"caption\":\"Jibble\"},\"image\":{\"@id\":\"https:\/\/www.jibble.io\/es#\/schema\/logo\/image\/\"},\"sameAs\":[\"https:\/\/www.linkedin.com\/company\/jibble\/\"]}]}<\/script>\n<!-- \/ Yoast SEO Premium plugin. -->","yoast_head_json":{"title":"Integraci\u00f3n de hoja de horas para Xero 100% GRATUITA","description":"Integra hojas de horas de Jibble con Xero. Integraci\u00f3n de hojas de horas con Xero para una gesti\u00f3n de hoja de horas agilizada.","robots":{"index":"index","follow":"follow","max-snippet":"max-snippet:-1","max-image-preview":"max-image-preview:large","max-video-preview":"max-video-preview:-1"},"canonical":"https:\/\/www.jibble.io\/es\/integracion-hoja-de-horas-xero","og_locale":"es_ES","og_type":"article","og_title":"Integraci\u00f3n de hoja de horas para Xero 100% GRATUITA","og_description":"Integra hojas de horas de Jibble con Xero. Integraci\u00f3n de hojas de horas con Xero para una gesti\u00f3n de hoja de horas agilizada.","og_url":"https:\/\/www.jibble.io\/es\/integracion-hoja-de-horas-xero","og_site_name":"Jibble","article_modified_time":"2025-08-22T19:53:47+00:00","twitter_card":"summary_large_image","twitter_misc":{"Tiempo de lectura":"6 minutos"},"schema":{"@context":"https:\/\/schema.org","@graph":[{"@type":"WebPage","@id":"https:\/\/www.jibble.io\/es\/integracion-hoja-de-horas-xero","url":"https:\/\/www.jibble.io\/es\/integracion-hoja-de-horas-xero","name":"Integraci\u00f3n de hoja de horas para Xero 100% GRATUITA","isPartOf":{"@id":"https:\/\/www.jibble.io\/es#website"},"datePublished":"2023-12-14T07:45:33+00:00","dateModified":"2025-08-22T19:53:47+00:00","description":"Integra hojas de horas de Jibble con Xero. Integraci\u00f3n de hojas de horas con Xero para una gesti\u00f3n de hoja de horas agilizada.","inLanguage":"es","potentialAction":[{"@type":"ReadAction","target":["https:\/\/www.jibble.io\/es\/integracion-hoja-de-horas-xero"]}]},{"@type":"WebSite","@id":"https:\/\/www.jibble.io\/es#website","url":"https:\/\/www.jibble.io\/es","name":"Jibble","description":"Meet the new standard in time tracking software","publisher":{"@id":"https:\/\/www.jibble.io\/es#organization"},"potentialAction":[{"@type":"SearchAction","target":{"@type":"EntryPoint","urlTemplate":"https:\/\/www.jibble.io\/es?s={search_term_string}"},"query-input":{"@type":"PropertyValueSpecification","valueRequired":true,"valueName":"search_term_string"}}],"inLanguage":"es"},{"@type":"Organization","@id":"https:\/\/www.jibble.io\/es#organization","name":"Jibble","url":"https:\/\/www.jibble.io\/es","logo":{"@type":"ImageObject","inLanguage":"es","@id":"https:\/\/www.jibble.io\/es#\/schema\/logo\/image\/","url":"https:\/\/www.jibble.io\/wp-content\/uploads\/2022\/05\/Original-copy-923x1024.png","contentUrl":"https:\/\/www.jibble.io\/wp-content\/uploads\/2022\/05\/Original-copy-923x1024.png","width":"923","height":"1024","caption":"Jibble"},"image":{"@id":"https:\/\/www.jibble.io\/es#\/schema\/logo\/image\/"},"sameAs":["https:\/\/www.linkedin.com\/company\/jibble\/"]}]}},"_links":{"self":[{"href":"https:\/\/www.jibble.io\/es\/wp-json\/wp\/v2\/pages\/64133","targetHints":{"allow":["GET"]}}],"collection":[{"href":"https:\/\/www.jibble.io\/es\/wp-json\/wp\/v2\/pages"}],"about":[{"href":"https:\/\/www.jibble.io\/es\/wp-json\/wp\/v2\/types\/page"}],"author":[{"embeddable":true,"href":"https:\/\/www.jibble.io\/es\/wp-json\/wp\/v2\/users\/56"}],"replies":[{"embeddable":true,"href":"https:\/\/www.jibble.io\/es\/wp-json\/wp\/v2\/comments?post=64133"}],"version-history":[{"count":3,"href":"https:\/\/www.jibble.io\/es\/wp-json\/wp\/v2\/pages\/64133\/revisions"}],"predecessor-version":[{"id":314219,"href":"https:\/\/www.jibble.io\/es\/wp-json\/wp\/v2\/pages\/64133\/revisions\/314219"}],"wp:attachment":[{"href":"https:\/\/www.jibble.io\/es\/wp-json\/wp\/v2\/media?parent=64133"}],"curies":[{"name":"wp","href":"https:\/\/api.w.org\/{rel}","templated":true}]}}