{"id":42294,"date":"2022-06-03T18:09:44","date_gmt":"2022-06-03T17:09:44","guid":{"rendered":"https:\/\/www.jibble.io\/payroll-hours-tracker"},"modified":"2026-03-13T08:27:17","modified_gmt":"2026-03-13T08:27:17","slug":"seguimiento-horas-nomina","status":"publish","type":"page","link":"https:\/\/www.jibble.io\/es\/seguimiento-horas-nomina","title":{"rendered":"Payroll Hours Tracker"},"content":{"rendered":"<p>Las horas de n\u00f3mina son el n\u00famero total de horas trabajadas por los empleados dentro de un periodo determinado por las que tienen derecho a cobrar. Estas horas se utilizan para calcular sueldos, salarios y otras compensaciones.<br \/>\nLas horas de n\u00f3mina suelen incluir tanto las horas de trabajo ordinarias como las horas adicionales trabajadas como extraordinarias. El c\u00e1lculo de las horas de n\u00f3mina tambi\u00e9n puede variar en funci\u00f3n de las pol\u00edticas espec\u00edficas de la empresa y de la legislaci\u00f3n laboral local.Calcula las horas extras con precisi\u00f3n en todo momento. Tanto si quieres calcular las horas extra despu\u00e9s de un tiempo m\u00ednimo trabajado establecido, tener descansos pagados o no pagados, o permitir tiempo antes de las horas programadas, el software de seguimiento de horas de trabajo y seguimiento del tiempo de Jibble directamente vinculado a las hojas de horas har\u00e1 que tu n\u00f3mina sea f\u00e1cil.<\/p>\n","protected":false},"excerpt":{"rendered":"<p>Las horas de n\u00f3mina son el n\u00famero total de horas trabajadas por los empleados dentro de un periodo determinado por las que tienen derecho a cobrar. Estas horas se utilizan para calcular sueldos, salarios y otras compensaciones. Las horas de n\u00f3mina suelen incluir tanto las horas de trabajo ordinarias como las horas adicionales trabajadas como [&hellip;]<\/p>\n","protected":false},"author":6,"featured_media":0,"parent":0,"menu_order":0,"comment_status":"closed","ping_status":"closed","template":"template-feature-new-youtube.php","meta":{"_acf_changed":false,"footnotes":""},"class_list":["post-42294","page","type-page","status-publish","hentry"],"acf":[],"yoast_head":"<!-- This site is optimized with the Yoast SEO Premium plugin v26.8 (Yoast SEO v26.8) - https:\/\/yoast.com\/product\/yoast-seo-premium-wordpress\/ -->\n<title>Registro de horas de n\u00f3mina 100% GRATIS | Jibble\u2122<\/title>\n<meta name=\"description\" content=\"Sistema de registro de horas de n\u00f3mina. Calcula las horas trabajadas de los empleados. Gratis para siempre para usuarios ilimitados.\" \/>\n<meta name=\"robots\" content=\"index, follow, max-snippet:-1, max-image-preview:large, max-video-preview:-1\" \/>\n<link rel=\"canonical\" href=\"https:\/\/www.jibble.io\/es\/seguimiento-horas-nomina\" \/>\n<meta property=\"og:locale\" content=\"es_ES\" \/>\n<meta property=\"og:type\" content=\"article\" \/>\n<meta property=\"og:title\" content=\"Registro de horas de n\u00f3mina 100% GRATIS | Jibble\u2122\" \/>\n<meta property=\"og:description\" content=\"Sistema de registro de horas de n\u00f3mina. Calcula las horas trabajadas de los empleados. Gratis para siempre para usuarios ilimitados.\" \/>\n<meta property=\"og:url\" content=\"https:\/\/www.jibble.io\/es\/seguimiento-horas-nomina\" \/>\n<meta property=\"og:site_name\" content=\"Jibble\" \/>\n<meta property=\"article:modified_time\" content=\"2026-03-13T08:27:17+00:00\" \/>\n<meta name=\"twitter:card\" content=\"summary_large_image\" \/>\n<meta name=\"twitter:label1\" content=\"Tiempo de lectura\" \/>\n\t<meta name=\"twitter:data1\" content=\"10 minutos\" \/>\n<script type=\"application\/ld+json\" class=\"yoast-schema-graph\">{\"@context\":\"https:\/\/schema.org\",\"@graph\":[{\"@type\":\"WebPage\",\"@id\":\"https:\/\/www.jibble.io\/es\/seguimiento-horas-nomina\",\"url\":\"https:\/\/www.jibble.io\/es\/seguimiento-horas-nomina\",\"name\":\"Registro de horas de n\u00f3mina 100% GRATIS | Jibble\u2122\",\"isPartOf\":{\"@id\":\"https:\/\/www.jibble.io\/es#website\"},\"datePublished\":\"2022-06-03T17:09:44+00:00\",\"dateModified\":\"2026-03-13T08:27:17+00:00\",\"description\":\"Sistema de registro de horas de n\u00f3mina. Calcula las horas trabajadas de los empleados. Gratis para siempre para usuarios ilimitados.\",\"inLanguage\":\"es\",\"potentialAction\":[{\"@type\":\"ReadAction\",\"target\":[\"https:\/\/www.jibble.io\/es\/seguimiento-horas-nomina\"]}]},{\"@type\":\"WebSite\",\"@id\":\"https:\/\/www.jibble.io\/es#website\",\"url\":\"https:\/\/www.jibble.io\/es\",\"name\":\"Jibble\",\"description\":\"Meet the new standard in time tracking software\",\"publisher\":{\"@id\":\"https:\/\/www.jibble.io\/es#organization\"},\"potentialAction\":[{\"@type\":\"SearchAction\",\"target\":{\"@type\":\"EntryPoint\",\"urlTemplate\":\"https:\/\/www.jibble.io\/es?s={search_term_string}\"},\"query-input\":{\"@type\":\"PropertyValueSpecification\",\"valueRequired\":true,\"valueName\":\"search_term_string\"}}],\"inLanguage\":\"es\"},{\"@type\":\"Organization\",\"@id\":\"https:\/\/www.jibble.io\/es#organization\",\"name\":\"Jibble\",\"url\":\"https:\/\/www.jibble.io\/es\",\"logo\":{\"@type\":\"ImageObject\",\"inLanguage\":\"es\",\"@id\":\"https:\/\/www.jibble.io\/es#\/schema\/logo\/image\/\",\"url\":\"https:\/\/www.jibble.io\/wp-content\/uploads\/2022\/05\/Original-copy-923x1024.png\",\"contentUrl\":\"https:\/\/www.jibble.io\/wp-content\/uploads\/2022\/05\/Original-copy-923x1024.png\",\"width\":\"923\",\"height\":\"1024\",\"caption\":\"Jibble\"},\"image\":{\"@id\":\"https:\/\/www.jibble.io\/es#\/schema\/logo\/image\/\"},\"sameAs\":[\"https:\/\/www.linkedin.com\/company\/jibble\/\"]}]}<\/script>\n<!-- \/ Yoast SEO Premium plugin. -->","yoast_head_json":{"title":"Registro de horas de n\u00f3mina 100% GRATIS | Jibble\u2122","description":"Sistema de registro de horas de n\u00f3mina. Calcula las horas trabajadas de los empleados. Gratis para siempre para usuarios ilimitados.","robots":{"index":"index","follow":"follow","max-snippet":"max-snippet:-1","max-image-preview":"max-image-preview:large","max-video-preview":"max-video-preview:-1"},"canonical":"https:\/\/www.jibble.io\/es\/seguimiento-horas-nomina","og_locale":"es_ES","og_type":"article","og_title":"Registro de horas de n\u00f3mina 100% GRATIS | Jibble\u2122","og_description":"Sistema de registro de horas de n\u00f3mina. Calcula las horas trabajadas de los empleados. Gratis para siempre para usuarios ilimitados.","og_url":"https:\/\/www.jibble.io\/es\/seguimiento-horas-nomina","og_site_name":"Jibble","article_modified_time":"2026-03-13T08:27:17+00:00","twitter_card":"summary_large_image","twitter_misc":{"Tiempo de lectura":"10 minutos"},"schema":{"@context":"https:\/\/schema.org","@graph":[{"@type":"WebPage","@id":"https:\/\/www.jibble.io\/es\/seguimiento-horas-nomina","url":"https:\/\/www.jibble.io\/es\/seguimiento-horas-nomina","name":"Registro de horas de n\u00f3mina 100% GRATIS | Jibble\u2122","isPartOf":{"@id":"https:\/\/www.jibble.io\/es#website"},"datePublished":"2022-06-03T17:09:44+00:00","dateModified":"2026-03-13T08:27:17+00:00","description":"Sistema de registro de horas de n\u00f3mina. Calcula las horas trabajadas de los empleados. Gratis para siempre para usuarios ilimitados.","inLanguage":"es","potentialAction":[{"@type":"ReadAction","target":["https:\/\/www.jibble.io\/es\/seguimiento-horas-nomina"]}]},{"@type":"WebSite","@id":"https:\/\/www.jibble.io\/es#website","url":"https:\/\/www.jibble.io\/es","name":"Jibble","description":"Meet the new standard in time tracking software","publisher":{"@id":"https:\/\/www.jibble.io\/es#organization"},"potentialAction":[{"@type":"SearchAction","target":{"@type":"EntryPoint","urlTemplate":"https:\/\/www.jibble.io\/es?s={search_term_string}"},"query-input":{"@type":"PropertyValueSpecification","valueRequired":true,"valueName":"search_term_string"}}],"inLanguage":"es"},{"@type":"Organization","@id":"https:\/\/www.jibble.io\/es#organization","name":"Jibble","url":"https:\/\/www.jibble.io\/es","logo":{"@type":"ImageObject","inLanguage":"es","@id":"https:\/\/www.jibble.io\/es#\/schema\/logo\/image\/","url":"https:\/\/www.jibble.io\/wp-content\/uploads\/2022\/05\/Original-copy-923x1024.png","contentUrl":"https:\/\/www.jibble.io\/wp-content\/uploads\/2022\/05\/Original-copy-923x1024.png","width":"923","height":"1024","caption":"Jibble"},"image":{"@id":"https:\/\/www.jibble.io\/es#\/schema\/logo\/image\/"},"sameAs":["https:\/\/www.linkedin.com\/company\/jibble\/"]}]}},"_links":{"self":[{"href":"https:\/\/www.jibble.io\/es\/wp-json\/wp\/v2\/pages\/42294","targetHints":{"allow":["GET"]}}],"collection":[{"href":"https:\/\/www.jibble.io\/es\/wp-json\/wp\/v2\/pages"}],"about":[{"href":"https:\/\/www.jibble.io\/es\/wp-json\/wp\/v2\/types\/page"}],"author":[{"embeddable":true,"href":"https:\/\/www.jibble.io\/es\/wp-json\/wp\/v2\/users\/6"}],"replies":[{"embeddable":true,"href":"https:\/\/www.jibble.io\/es\/wp-json\/wp\/v2\/comments?post=42294"}],"version-history":[{"count":3,"href":"https:\/\/www.jibble.io\/es\/wp-json\/wp\/v2\/pages\/42294\/revisions"}],"predecessor-version":[{"id":388707,"href":"https:\/\/www.jibble.io\/es\/wp-json\/wp\/v2\/pages\/42294\/revisions\/388707"}],"wp:attachment":[{"href":"https:\/\/www.jibble.io\/es\/wp-json\/wp\/v2\/media?parent=42294"}],"curies":[{"name":"wp","href":"https:\/\/api.w.org\/{rel}","templated":true}]}}