{"id":271512,"date":"2025-04-18T16:26:14","date_gmt":"2025-04-18T15:26:14","guid":{"rendered":"https:\/\/www.jibble.io\/partner-terms"},"modified":"2025-12-16T20:02:29","modified_gmt":"2025-12-16T20:02:29","slug":"condiciones-afiliados","status":"publish","type":"page","link":"https:\/\/www.jibble.io\/es\/condiciones-afiliados","title":{"rendered":"Partner Terms &#038; Conditions"},"content":{"rendered":"<p>T\u00e9rminos y condiciones del servicio Jibble<\/p>\n<div class=\"paragraph standard\">Al utilizar la aplicaci\u00f3n m\u00f3vil, la aplicaci\u00f3n web o el sitio web de Jibble \u00abServicio\u00bb , aceptas regirte por los siguientes t\u00e9rminos y condiciones \u00abCondiciones del Servicio\u00bb .<\/div>\n<div class=\"paragraph standard\">Jibble Ltd. se reserva el derecho a actualizar y modificar las Condiciones del servicio sin previo aviso. Cualquier nueva funci\u00f3n que aumente o mejore el Servicio actual, incluido el lanzamiento de nuevas herramientas y recursos, estar\u00e1 sujeta a las Condiciones del servicio. El uso continuado del Servicio despu\u00e9s de dichos cambios constituir\u00e1 tu consentimiento a los mismos. Puedes consultar la versi\u00f3n m\u00e1s actualizada de las Condiciones del servicio en cualquier momento aqu\u00ed.<\/div>\n<div><\/div>\n<div class=\"paragraph standard\">La violaci\u00f3n de cualquiera de los t\u00e9rminos que se indican a continuaci\u00f3n dar\u00e1 lugar a la cancelaci\u00f3n de tu cuenta. Aceptas utilizar el Servicio bajo tu propia responsabilidad.<\/div>\n<div><\/div>\n<div><\/div>\n<p>T\u00e9rminos<\/p>\n<ol>\n<li>Debes ser mayor de edad en tu estado o provincia de residencia.<\/li>\n<li>Debes proporcionar tu nombre completo, una direcci\u00f3n de correo electr\u00f3nico o n\u00famero de tel\u00e9fono v\u00e1lidos y cualquier otra informaci\u00f3n solicitada para completar el proceso de registro.<\/li>\n<li>Eres responsable de mantener la seguridad de tu cuenta y contrase\u00f1a. Jibble Ltd. no puede y no ser\u00e1 responsable de ninguna p\u00e9rdida o da\u00f1o derivado de tu incumplimiento de esta obligaci\u00f3n de seguridad.<\/li>\n<li>No debes utilizar el Servicio para ning\u00fan fin ilegal o no autorizado. No debes, en el uso del Servicio, violar ninguna ley de tu jurisdicci\u00f3n, incluyendo pero no limit\u00e1ndose a las leyes de derechos de autor .<\/li>\n<\/ol>\n<p>&nbsp;<\/p>\n<p>Facturaci\u00f3n<\/p>\n<ol class=\"paragraph \" role=\" \">\n<li>Se requiere una tarjeta de cr\u00e9dito o paypal v\u00e1lidos como m\u00e9todo de pago para utilizar los servicios de Jibble una vez transcurridos los 14 d\u00edas de prueba.<\/li>\n<li>El Servicio se factura por adelantado mensual o anualmente y no es reembolsable. No habr\u00e1 reembolsos ni cr\u00e9ditos por meses\/a\u00f1os parciales de servicio, descensos de categor\u00eda o meses no utilizados con una cuenta abierta. Para tratar a todos por igual, no se har\u00e1n excepciones.<\/li>\n<li>Todas las tarifas anunciadas no incluyen impuestos, grav\u00e1menes o tasas impuestos por las autoridades fiscales. Si eres de la Uni\u00f3n Europea, se cargar\u00e1n en tu factura los gastos de IVA.<\/li>\n<li>Si se sube o baja de categor\u00eda un plan de Jibble, la nueva tarifa se aplicar\u00e1 en el siguiente ciclo de facturaci\u00f3n del mes o a\u00f1o siguiente, dependiendo de la suscripci\u00f3n, y se tomar\u00e1 autom\u00e1ticamente en base a los detalles de pago proporcionados.<\/li>\n<li>Bajar de categor\u00eda el Servicio supondr\u00e1 la p\u00e9rdida de contenido, funciones o la capacidad de una Cuenta. Jibble Ltd. no acepta ninguna responsabilidad por dicha p\u00e9rdida.<\/li>\n<\/ol>\n<p>&nbsp;<\/p>\n<p>C\u00e1lculo de facturaci\u00f3n mensual<\/p>\n<ol>\n<li>Al principio de cada periodo de facturaci\u00f3n, a un equipo con un Plan de Pago que haya introducido sus datos de facturaci\u00f3n\/tarjeta de cr\u00e9dito se le cobrar\u00e1 en funci\u00f3n del n\u00famero de perfiles, que no hayan sido archivados, disponibles en su organizaci\u00f3n<\/li>\n<li>En el siguiente periodo de facturaci\u00f3n, los perfiles adicionales que se hayan a\u00f1adido en el mes anterior se cobrar\u00e1n a raz\u00f3n de 2,50 o 5 d\u00f3lares por usuario, seg\u00fan el plan seleccionado. Un perfil de usuario se calcular\u00e1 en tu factura si\n<ol>\n<li>\n<p class=\"no-margin\">Ha fichado una vez, o<\/p>\n<\/li>\n<li>\n<p class=\"no-margin\">Ha iniciado sesi\u00f3n en la aplicaci\u00f3n una vez. Lee m\u00e1s ejemplos de facturaci\u00f3n <a href=\"https:\/\/www.jibble.io\/es\/ayuda\/como-se-calcula-mi-factura\">aqu\u00ed<\/a>.<\/p>\n<\/li>\n<\/ol>\n<\/li>\n<li>Todas las tarifas excluyen todos los impuestos, grav\u00e1menes o derechos impuestos por las autoridades fiscales y t\u00fa ser\u00e1s responsable del pago de todos esos impuestos, grav\u00e1menes o derechos en tu respectivo pa\u00eds de residencia.<\/li>\n<\/ol>\n<p>&nbsp;<\/p>\n<p>C\u00e1lculo de facturaci\u00f3n anual<\/p>\n<ol>\n<li>Al principio de cada periodo de facturaci\u00f3n de un a\u00f1o . Se cobrar\u00e1 por adelantado el n\u00famero de puestos necesarios para los 12 meses. Seg\u00fan el plan, estas licencias cuestan 24 \u00f3 48 d\u00f3lares por puesto\/a\u00f1o.<\/li>\n<li>Un asiento se utiliza cuando\n<ol>\n<li>Un usuario es invitado independientemente de si se ha conectado al sistema , o<\/li>\n<li>Un usuario es creado o importado a tu equipo Jibble independientemente de si se conecta o no.<\/li>\n<\/ol>\n<\/li>\n<li>Los usuarios que han sido dados de baja del equipo no ocupan plaza<\/li>\n<li>Se pueden adquirir plazas adicionales durante el ciclo de facturaci\u00f3n de 12 meses al mismo precio que al principio del periodo de facturaci\u00f3n, pero se prorratear\u00e1n hasta el final del periodo de facturaci\u00f3n<\/li>\n<li>Todas las tarifas excluyen todos los impuestos, grav\u00e1menes o derechos impuestos por las autoridades fiscales y t\u00fa ser\u00e1s responsable del pago de todos esos impuestos, grav\u00e1menes o derechos en tu respectivo pa\u00eds de residencia.<\/li>\n<\/ol>\n<p>&nbsp;<\/p>\n<p>Cancelaci\u00f3n<\/p>\n<ol class=\"paragraph \" role=\" \">\n<li>Puedes cancelar tu suscripci\u00f3n<strong> en cualquier momento<\/strong> desde la p\u00e1gina de suscripci\u00f3n en la aplicaci\u00f3n web <a href=\"https:\/\/web.jibble.io\">web.jibble.io<\/a>.<\/li>\n<li>Si cancelas tu suscripci\u00f3n antes de que finalice tu periodo de facturaci\u00f3n mensual o anual , no se te volver\u00e1 a cobrar.<\/li>\n<li>Puedes eliminar tu cuenta poni\u00e9ndote en contacto con el equipo de Jibble a trav\u00e9s del servicio de mensajer\u00eda de la aplicaci\u00f3n o por correo electr\u00f3nico: <a href=\"mailto:support@jibble.io\">support@jibble.io<\/a>. Nuestro equipo eliminar\u00e1 tu cuenta en el momento oportuno y verificar\u00e1 cu\u00e1ndo se ha completado este proceso mediante un correo electr\u00f3nico de confirmaci\u00f3n.<\/li>\n<li>Todo tu contenido se eliminar\u00e1 del Servicio en el momento de la eliminaci\u00f3n. Esta informaci\u00f3n no podr\u00e1 ser recuperada una vez que tu Cuenta haya sido eliminada.<\/li>\n<li>Jibble Ltd., a su entera discreci\u00f3n, tiene derecho a suspender o cancelar tu Cuenta y a rechazar cualquier uso actual o futuro del Servicio o de cualquier otro servicio de Jibble Ltd., por cualquier motivo y en cualquier momento. Dicha rescisi\u00f3n del Servicio conllevar\u00e1 la desactivaci\u00f3n o eliminaci\u00f3n de tu Cuenta.<\/li>\n<\/ol>\n<p>&nbsp;<\/p>\n<p>Modificaciones<\/p>\n<ol class=\"paragraph \" role=\" \">\n<li>Jibble Ltd. se reserva el derecho a modificar o interrumpir, temporal o permanentemente, el Servicio o cualquier parte del mismo, con o sin previo aviso.<\/li>\n<li>Los precios de todos los Servicios, incluyendo pero sin limitarse a las cuotas mensuales del plan de suscripci\u00f3n al Servicio, est\u00e1n sujetos a cambios previo aviso por nuestra parte con 30 d\u00edas de antelaci\u00f3n. Dicha notificaci\u00f3n podr\u00e1 realizarse en cualquier momento mediante la publicaci\u00f3n de los cambios en el Sitio de Jibble <a href=\"https:\/\/www.jibble.io\/es\">jibble.io<\/a> o en el propio Servicio.<\/li>\n<li>Jibble Ltd. no ser\u00e1 responsable ante ti ni ante terceros de ninguna modificaci\u00f3n, cambio de precio, suspensi\u00f3n o interrupci\u00f3n del Servicio.<\/li>\n<\/ol>\n<p>&nbsp;<\/p>\n<p>Pol\u00edtica de datos<\/p>\n<ol>\n<li>Jibble Ltd. conserva los datos relacionados con tu equipo tal y como se indica en la <a href=\"https:\/\/www.jibble.io\/es\/privacidad\">pol\u00edtica de privacidad<\/a>.<\/li>\n<li>Los datos de los usuarios se archivan regularmente cada 12 horas mediante un mecanismo de copia de seguridad. Los archivos de Jibble 1 se almacenan durante 3 meses, los archivos de Jibble 2 se almacenan durante 30 d\u00edas.<\/li>\n<li>Siempre puedes solicitar la eliminaci\u00f3n permanente de tus datos personales, tal y como se describe en la <a href=\"https:\/\/www.jibble.io\/es\/privacidad\">pol\u00edtica de privacidad<\/a>.<\/li>\n<li>Almacenamos los datos de usuario de Jibble 1 en nuestra regi\u00f3n AWS de Virginia del Norte. Jibble 2 se almacena en la regi\u00f3n AWS de Irlanda. Se realizan copias de seguridad peri\u00f3dicamente. Todos los datos se encriptan utilizando m\u00e9todos est\u00e1ndar de la industria cuando se almacenan en disco o se transmiten a trav\u00e9s de la red. S\u00f3lo el personal autorizado de Jibble puede tener acceso a los datos de los usuarios. M\u00e1s informaci\u00f3n en la <a href=\"https:\/\/www.jibble.io\/es\/privacidad\">pol\u00edtica de privacidad<\/a>.<\/li>\n<\/ol>\n<p>&nbsp;<\/p>\n<p>Reglamento General de Protecci\u00f3n de Datos GDPR<\/p>\n<ol>\n<li>Si tienes tu sede en la Uni\u00f3n Europea o en el Reino Unido, se te aplicar\u00e1 el GDPR. En virtud de este reglamento, Jibble Ltd. act\u00faa como responsable del tratamiento de datos (que decide la finalidad y la forma en que se utilizan los datos personales) y como encargado del tratamiento de datos (que procesa los datos en nombre del responsable del tratamiento, lo que incluye obtener, registrar, adaptar o conservar los datos personales).<\/li>\n<li data-stringify-indent=\"0\" data-stringify-border=\"1\">La base legal para recoger tus datos es:\n<ol>\n<li>Proporcionas tu consentimiento en el momento de registrarte para que lo hagamos y al aceptar nuestros t\u00e9rminos y condiciones.<\/li>\n<li>El tratamiento de tus datos en la forma explicada anteriormente es necesario para que podamos prestar los servicios de Jibble a los usuarios.<\/li>\n<li>Algunos de esos datos se procesan a efectos de nuestros intereses leg\u00edtimos.<\/li>\n<\/ol>\n<\/li>\n<li>Jibble Ltd. act\u00faa como controlador de datos para los propietarios de equipos que crean una cuenta de equipo en Jibble. Si eres propietario de un equipo que opera en la UE o en el Reino Unido, debes cumplir el GDPR y esto forma parte de nuestras Condiciones de servicio. Puedes solicitarnos un acuerdo de procesamiento de datos enviando un correo electr\u00f3nico <a href=\"mailto:support@jibble.io\">a support@jibble.io<\/a><a class=\"c-link\" href=\"mailto:support@jibble.io.\" target=\"_blank\" rel=\"noopener noreferrer\" data-stringify-link=\"mailto:support@jibble.io.\" data-sk=\"tooltip_parent\" aria-haspopup=\"menu\">.<\/a><\/li>\n<li>Jibble Ltd. act\u00faa como procesador de datos para los miembros del equipo que se unan a cuentas existentes. Jibble Ltd. requiere el consentimiento tanto de los propietarios de los equipos como de los miembros de los equipos para procesar sus datos. Adem\u00e1s, todos los usuarios del Servicio Jibble tienen derechos individuales sobre sus datos, incluyendo el de ser informados, acceder a sus datos en cualquier momento, rectificar sus datos, borrar sus datos y restringir el procesamiento. Para m\u00e1s informaci\u00f3n al respecto, consulta nuestra Pol\u00edtica de privacidad. Puedes plantearnos cualquier pregunta que tengas sobre estas condiciones o tus derechos envi\u00e1ndonos un correo electr\u00f3nico a<a href=\"mailto:support@jibble.io.\"> support@jibble.io.<\/a><\/li>\n<\/ol>\n<p>&nbsp;<\/p>\n<p>Condiciones generales<\/p>\n<ol class=\"paragraph \">\n<li>El uso que hagas del Servicio es por tu cuenta y riesgo. El Servicio se proporciona \u00abtal cual\u00bb y \u00abseg\u00fan disponibilidad\u00bb.<\/li>\n<li>Entiendes que Jibble Ltd. utiliza proveedores externos y socios de alojamiento para proporcionar el hardware, software, redes, almacenamiento y tecnolog\u00eda relacionada necesarios para hacer funcionar el Servicio. Esto est\u00e1 sujeto al GDPR en los pa\u00edses de la UE.<\/li>\n<li>No est\u00e1 permitido modificar, adaptar o piratear el Servicio ni modificar otro sitio web para dar a entender falsamente que est\u00e1 asociado con el Servicio, Jibble Ltd. o cualquier otro sitio web de Jibble Ltd. o cualquier otro servicio de Jibble Ltd.<\/li>\n<li>Aceptas no reproducir, duplicar, copiar, vender, revender o explotar ninguna parte del Servicio, uso del Servicio o acceso al Servicio sin el permiso expreso y por escrito de Jibble Ltd.<\/li>\n<li>Podemos, pero no estamos obligados a ello, eliminar contenidos y Cuentas que se determinen como ilegales, ofensivas, amenazantes, calumniosas, difamatorias, pornogr\u00e1ficas, obscenas o de cualquier otro modo ioncibles o que violen la propiedad intelectual de cualquier parte o estas Condiciones del Servicio.<\/li>\n<li>El abuso verbal, f\u00edsico, escrito o de otro tipo, incluidas las amenazas de abuso o represalias contra cualquier cliente, empleado, miembro o funcionario de Jibble Ltd., dar\u00e1 lugar a la cancelaci\u00f3n de la cuenta.<\/li>\n<li>Entiendes que el procesamiento t\u00e9cnico y la transmisi\u00f3n del Servicio, incluido tu contenido, pueden transferirse sin encriptar e implicar a transmisiones a trav\u00e9s de varias redes; y b cambios para ajustarse y adaptarse a los requisitos t\u00e9cnicos de las redes o dispositivos de conexi\u00f3n.<\/li>\n<li>Jibble Ltd. no garantiza que:\n<ol class=\"paragraph \">\n<li>el Servicio cumplir\u00e1 tus requisitos espec\u00edficos<\/li>\n<li>el Servicio ser\u00e1 ininterrumpido, puntual, 100% seguro o libre de errores<\/li>\n<li>los resultados que puedan obtenerse del uso del Servicio ser\u00e1n precisos o fiables;<\/li>\n<li>la calidad de cualquier producto, servicio, informaci\u00f3n u otro material adquirido u obtenido por ti a trav\u00e9s del Servicio cumplir\u00e1 tus expectativas; y<\/li>\n<li>se corregir\u00e1 cualquier error en el Servicio.<\/li>\n<\/ol>\n<\/li>\n<li>Entiendes y aceptas expresamente que Jibble Ltd. no ser\u00e1 responsable de ning\u00fan da\u00f1o directo, indirecto, incidental, especial, consecuente o ejemplar, incluyendo, pero sin limitarse a, da\u00f1os por p\u00e9rdida de beneficios, fondo de comercio, uso, datos u otras p\u00e9rdidas intangibles, incluso si Jibble Ltd. ha sido advertida de la posibilidad de tales da\u00f1os resultantes de:\n<ol class=\"paragraph \">\n<li>el uso o la imposibilidad de usar el Servicio;<\/li>\n<li>el coste de adquisici\u00f3n de bienes y servicios sustitutivos resultantes de cualesquiera bienes, datos, informaci\u00f3n o servicios adquiridos u obtenidos o mensajes recibidos o transacciones realizadas a trav\u00e9s o desde el Servicio;<\/li>\n<li>violaciones de datos si est\u00e1n fuera de nuestro control y te hemos informado en un plazo m\u00e1ximo de 72 horas desde la violaci\u00f3n;<\/li>\n<li>declaraciones o conducta de cualquier tercero en el Servicio;<\/li>\n<li>o cualquier otro asunto relacionado con el Servicio.<\/li>\n<\/ol>\n<\/li>\n<li>El hecho de que Jibble Ltd. no ejerza o haga valer cualquier derecho o disposici\u00f3n de las Condiciones del servicio no constituir\u00e1 una renuncia a dicho derecho o disposici\u00f3n. Las Condiciones del servicio constituyen el acuerdo completo entre t\u00fa y Jibble Ltd. y rigen tu uso del Servicio, sustituyendo cualquier acuerdo anterior entre t\u00fa y Jibble Ltd., incluyendo, pero sin limitarse a, cualquier versi\u00f3n anterior de las Condiciones del servicio .<\/li>\n<\/ol>\n<p>&nbsp;<\/p>\n<p>Las preguntas sobre las Condiciones del servicio deben enviarse a <a href=\"mailto:support@jibble.io.\">support@jibble.io.<\/a><\/p>\n<p>&nbsp;<\/p>\n<p>S\u00ed<\/p>\n","protected":false},"excerpt":{"rendered":"<p>T\u00e9rminos y condiciones del servicio Jibble Al utilizar la aplicaci\u00f3n m\u00f3vil, la aplicaci\u00f3n web o el sitio web de Jibble \u00abServicio\u00bb , aceptas regirte por los siguientes t\u00e9rminos y condiciones \u00abCondiciones del Servicio\u00bb . Jibble Ltd. se reserva el derecho a actualizar y modificar las Condiciones del servicio sin previo aviso. Cualquier nueva funci\u00f3n que [&hellip;]<\/p>\n","protected":false},"author":56,"featured_media":0,"parent":0,"menu_order":0,"comment_status":"closed","ping_status":"closed","template":"template-terms.php","meta":{"_acf_changed":false,"footnotes":""},"class_list":["post-271512","page","type-page","status-publish","hentry"],"acf":[],"yoast_head":"<!-- This site is optimized with the Yoast SEO Premium plugin v26.8 (Yoast SEO v26.8) - https:\/\/yoast.com\/product\/yoast-seo-premium-wordpress\/ -->\n<title>Condiciones del Programa de afiliados| Jibble<\/title>\n<meta name=\"description\" content=\"Explora nuestras Condiciones generales del Programa de Afiliados. Inf\u00f3rmate sobre elegibilidad, comisiones, pol\u00edticas de pago y normas.\" \/>\n<meta name=\"robots\" content=\"index, follow, max-snippet:-1, max-image-preview:large, max-video-preview:-1\" \/>\n<link rel=\"canonical\" href=\"https:\/\/www.jibble.io\/es\/condiciones-afiliados\" \/>\n<meta property=\"og:locale\" content=\"es_ES\" \/>\n<meta property=\"og:type\" content=\"article\" \/>\n<meta property=\"og:title\" content=\"Condiciones del Programa de afiliados| Jibble\" \/>\n<meta property=\"og:description\" content=\"Explora nuestras Condiciones generales del Programa de Afiliados. Inf\u00f3rmate sobre elegibilidad, comisiones, pol\u00edticas de pago y normas.\" \/>\n<meta property=\"og:url\" content=\"https:\/\/www.jibble.io\/es\/condiciones-afiliados\" \/>\n<meta property=\"og:site_name\" content=\"Jibble\" \/>\n<meta property=\"article:modified_time\" content=\"2025-12-16T20:02:29+00:00\" \/>\n<meta name=\"twitter:card\" content=\"summary_large_image\" \/>\n<meta name=\"twitter:label1\" content=\"Tiempo de lectura\" \/>\n\t<meta name=\"twitter:data1\" content=\"26 minutos\" \/>\n<script type=\"application\/ld+json\" class=\"yoast-schema-graph\">{\"@context\":\"https:\/\/schema.org\",\"@graph\":[{\"@type\":\"WebPage\",\"@id\":\"https:\/\/www.jibble.io\/es\/condiciones-afiliados\",\"url\":\"https:\/\/www.jibble.io\/es\/condiciones-afiliados\",\"name\":\"Condiciones del Programa de afiliados| Jibble\",\"isPartOf\":{\"@id\":\"https:\/\/www.jibble.io\/es#website\"},\"datePublished\":\"2025-04-18T15:26:14+00:00\",\"dateModified\":\"2025-12-16T20:02:29+00:00\",\"description\":\"Explora nuestras Condiciones generales del Programa de Afiliados. Inf\u00f3rmate sobre elegibilidad, comisiones, pol\u00edticas de pago y normas.\",\"inLanguage\":\"es\",\"potentialAction\":[{\"@type\":\"ReadAction\",\"target\":[\"https:\/\/www.jibble.io\/es\/condiciones-afiliados\"]}]},{\"@type\":\"WebSite\",\"@id\":\"https:\/\/www.jibble.io\/es#website\",\"url\":\"https:\/\/www.jibble.io\/es\",\"name\":\"Jibble\",\"description\":\"Meet the new standard in time tracking software\",\"publisher\":{\"@id\":\"https:\/\/www.jibble.io\/es#organization\"},\"potentialAction\":[{\"@type\":\"SearchAction\",\"target\":{\"@type\":\"EntryPoint\",\"urlTemplate\":\"https:\/\/www.jibble.io\/es?s={search_term_string}\"},\"query-input\":{\"@type\":\"PropertyValueSpecification\",\"valueRequired\":true,\"valueName\":\"search_term_string\"}}],\"inLanguage\":\"es\"},{\"@type\":\"Organization\",\"@id\":\"https:\/\/www.jibble.io\/es#organization\",\"name\":\"Jibble\",\"url\":\"https:\/\/www.jibble.io\/es\",\"logo\":{\"@type\":\"ImageObject\",\"inLanguage\":\"es\",\"@id\":\"https:\/\/www.jibble.io\/es#\/schema\/logo\/image\/\",\"url\":\"https:\/\/www.jibble.io\/wp-content\/uploads\/2022\/05\/Original-copy-923x1024.png\",\"contentUrl\":\"https:\/\/www.jibble.io\/wp-content\/uploads\/2022\/05\/Original-copy-923x1024.png\",\"width\":\"923\",\"height\":\"1024\",\"caption\":\"Jibble\"},\"image\":{\"@id\":\"https:\/\/www.jibble.io\/es#\/schema\/logo\/image\/\"},\"sameAs\":[\"https:\/\/www.linkedin.com\/company\/jibble\/\"]}]}<\/script>\n<!-- \/ Yoast SEO Premium plugin. -->","yoast_head_json":{"title":"Condiciones del Programa de afiliados| Jibble","description":"Explora nuestras Condiciones generales del Programa de Afiliados. Inf\u00f3rmate sobre elegibilidad, comisiones, pol\u00edticas de pago y normas.","robots":{"index":"index","follow":"follow","max-snippet":"max-snippet:-1","max-image-preview":"max-image-preview:large","max-video-preview":"max-video-preview:-1"},"canonical":"https:\/\/www.jibble.io\/es\/condiciones-afiliados","og_locale":"es_ES","og_type":"article","og_title":"Condiciones del Programa de afiliados| Jibble","og_description":"Explora nuestras Condiciones generales del Programa de Afiliados. Inf\u00f3rmate sobre elegibilidad, comisiones, pol\u00edticas de pago y normas.","og_url":"https:\/\/www.jibble.io\/es\/condiciones-afiliados","og_site_name":"Jibble","article_modified_time":"2025-12-16T20:02:29+00:00","twitter_card":"summary_large_image","twitter_misc":{"Tiempo de lectura":"26 minutos"},"schema":{"@context":"https:\/\/schema.org","@graph":[{"@type":"WebPage","@id":"https:\/\/www.jibble.io\/es\/condiciones-afiliados","url":"https:\/\/www.jibble.io\/es\/condiciones-afiliados","name":"Condiciones del Programa de afiliados| Jibble","isPartOf":{"@id":"https:\/\/www.jibble.io\/es#website"},"datePublished":"2025-04-18T15:26:14+00:00","dateModified":"2025-12-16T20:02:29+00:00","description":"Explora nuestras Condiciones generales del Programa de Afiliados. Inf\u00f3rmate sobre elegibilidad, comisiones, pol\u00edticas de pago y normas.","inLanguage":"es","potentialAction":[{"@type":"ReadAction","target":["https:\/\/www.jibble.io\/es\/condiciones-afiliados"]}]},{"@type":"WebSite","@id":"https:\/\/www.jibble.io\/es#website","url":"https:\/\/www.jibble.io\/es","name":"Jibble","description":"Meet the new standard in time tracking software","publisher":{"@id":"https:\/\/www.jibble.io\/es#organization"},"potentialAction":[{"@type":"SearchAction","target":{"@type":"EntryPoint","urlTemplate":"https:\/\/www.jibble.io\/es?s={search_term_string}"},"query-input":{"@type":"PropertyValueSpecification","valueRequired":true,"valueName":"search_term_string"}}],"inLanguage":"es"},{"@type":"Organization","@id":"https:\/\/www.jibble.io\/es#organization","name":"Jibble","url":"https:\/\/www.jibble.io\/es","logo":{"@type":"ImageObject","inLanguage":"es","@id":"https:\/\/www.jibble.io\/es#\/schema\/logo\/image\/","url":"https:\/\/www.jibble.io\/wp-content\/uploads\/2022\/05\/Original-copy-923x1024.png","contentUrl":"https:\/\/www.jibble.io\/wp-content\/uploads\/2022\/05\/Original-copy-923x1024.png","width":"923","height":"1024","caption":"Jibble"},"image":{"@id":"https:\/\/www.jibble.io\/es#\/schema\/logo\/image\/"},"sameAs":["https:\/\/www.linkedin.com\/company\/jibble\/"]}]}},"_links":{"self":[{"href":"https:\/\/www.jibble.io\/es\/wp-json\/wp\/v2\/pages\/271512","targetHints":{"allow":["GET"]}}],"collection":[{"href":"https:\/\/www.jibble.io\/es\/wp-json\/wp\/v2\/pages"}],"about":[{"href":"https:\/\/www.jibble.io\/es\/wp-json\/wp\/v2\/types\/page"}],"author":[{"embeddable":true,"href":"https:\/\/www.jibble.io\/es\/wp-json\/wp\/v2\/users\/56"}],"replies":[{"embeddable":true,"href":"https:\/\/www.jibble.io\/es\/wp-json\/wp\/v2\/comments?post=271512"}],"version-history":[{"count":3,"href":"https:\/\/www.jibble.io\/es\/wp-json\/wp\/v2\/pages\/271512\/revisions"}],"predecessor-version":[{"id":359047,"href":"https:\/\/www.jibble.io\/es\/wp-json\/wp\/v2\/pages\/271512\/revisions\/359047"}],"wp:attachment":[{"href":"https:\/\/www.jibble.io\/es\/wp-json\/wp\/v2\/media?parent=271512"}],"curies":[{"name":"wp","href":"https:\/\/api.w.org\/{rel}","templated":true}]}}