{"id":242430,"date":"2022-07-15T04:48:20","date_gmt":"2022-07-15T03:48:20","guid":{"rendered":"https:\/\/www.jibble.io\/architect-engineer-time-tracking"},"modified":"2025-09-25T11:38:17","modified_gmt":"2025-09-25T10:38:17","slug":"zeiterfassung-architekten-ingenieure","status":"publish","type":"page","link":"https:\/\/www.jibble.io\/de\/zeiterfassung-architekten-ingenieure","title":{"rendered":"Architect Engineer Time Tracking"},"content":{"rendered":"","protected":false},"excerpt":{"rendered":"","protected":false},"author":6,"featured_media":0,"parent":0,"menu_order":0,"comment_status":"closed","ping_status":"closed","template":"template-feature-new-youtube.php","meta":{"_acf_changed":false,"footnotes":""},"class_list":["post-242430","page","type-page","status-publish","hentry"],"acf":[],"yoast_head":"<!-- This site is optimized with the Yoast SEO Premium plugin v26.8 (Yoast SEO v26.8) - https:\/\/yoast.com\/product\/yoast-seo-premium-wordpress\/ -->\n<title>Zeiterfassung f\u00fcr Architekten und Ingenieure<\/title>\n<meta name=\"description\" content=\"Zeiterfassung f\u00fcr Architekten und Ingenieure. Erfasse die Arbeitszeiten deines Teams mit jedem beliebigen Ger\u00e4t. F\u00fcr immer kostenlos!\" \/>\n<meta name=\"robots\" content=\"index, follow, max-snippet:-1, max-image-preview:large, max-video-preview:-1\" \/>\n<link rel=\"canonical\" href=\"https:\/\/www.jibble.io\/de\/zeiterfassung-architekten-ingenieure\" \/>\n<meta property=\"og:locale\" content=\"de_DE\" \/>\n<meta property=\"og:type\" content=\"article\" \/>\n<meta property=\"og:title\" content=\"Zeiterfassung f\u00fcr Architekten und Ingenieure\" \/>\n<meta property=\"og:description\" content=\"Zeiterfassung f\u00fcr Architekten und Ingenieure. Erfasse die Arbeitszeiten deines Teams mit jedem beliebigen Ger\u00e4t. F\u00fcr immer kostenlos!\" \/>\n<meta property=\"og:url\" content=\"https:\/\/www.jibble.io\/de\/zeiterfassung-architekten-ingenieure\" \/>\n<meta property=\"og:site_name\" content=\"Jibble\" \/>\n<meta property=\"article:modified_time\" content=\"2025-09-25T10:38:17+00:00\" \/>\n<meta name=\"twitter:card\" content=\"summary_large_image\" \/>\n<meta name=\"twitter:label1\" content=\"Gesch\u00e4tzte Lesezeit\" \/>\n\t<meta name=\"twitter:data1\" content=\"6\u00a0Minuten\" \/>\n<script type=\"application\/ld+json\" class=\"yoast-schema-graph\">{\"@context\":\"https:\/\/schema.org\",\"@graph\":[{\"@type\":\"WebPage\",\"@id\":\"https:\/\/www.jibble.io\/de\/zeiterfassung-architekten-ingenieure\",\"url\":\"https:\/\/www.jibble.io\/de\/zeiterfassung-architekten-ingenieure\",\"name\":\"Zeiterfassung f\u00fcr Architekten und Ingenieure\",\"isPartOf\":{\"@id\":\"https:\/\/www.jibble.io\/de#website\"},\"datePublished\":\"2022-07-15T03:48:20+00:00\",\"dateModified\":\"2025-09-25T10:38:17+00:00\",\"description\":\"Zeiterfassung f\u00fcr Architekten und Ingenieure. Erfasse die Arbeitszeiten deines Teams mit jedem beliebigen Ger\u00e4t. F\u00fcr immer kostenlos!\",\"inLanguage\":\"de\",\"potentialAction\":[{\"@type\":\"ReadAction\",\"target\":[\"https:\/\/www.jibble.io\/de\/zeiterfassung-architekten-ingenieure\"]}]},{\"@type\":\"WebSite\",\"@id\":\"https:\/\/www.jibble.io\/de#website\",\"url\":\"https:\/\/www.jibble.io\/de\",\"name\":\"Jibble\",\"description\":\"Meet the new standard in time tracking software\",\"publisher\":{\"@id\":\"https:\/\/www.jibble.io\/de#organization\"},\"potentialAction\":[{\"@type\":\"SearchAction\",\"target\":{\"@type\":\"EntryPoint\",\"urlTemplate\":\"https:\/\/www.jibble.io\/de?s={search_term_string}\"},\"query-input\":{\"@type\":\"PropertyValueSpecification\",\"valueRequired\":true,\"valueName\":\"search_term_string\"}}],\"inLanguage\":\"de\"},{\"@type\":\"Organization\",\"@id\":\"https:\/\/www.jibble.io\/de#organization\",\"name\":\"Jibble\",\"url\":\"https:\/\/www.jibble.io\/de\",\"logo\":{\"@type\":\"ImageObject\",\"inLanguage\":\"de\",\"@id\":\"https:\/\/www.jibble.io\/de#\/schema\/logo\/image\/\",\"url\":\"https:\/\/www.jibble.io\/wp-content\/uploads\/2022\/05\/Original-copy-923x1024.png\",\"contentUrl\":\"https:\/\/www.jibble.io\/wp-content\/uploads\/2022\/05\/Original-copy-923x1024.png\",\"width\":\"923\",\"height\":\"1024\",\"caption\":\"Jibble\"},\"image\":{\"@id\":\"https:\/\/www.jibble.io\/de#\/schema\/logo\/image\/\"},\"sameAs\":[\"https:\/\/www.linkedin.com\/company\/jibble\/\"]}]}<\/script>\n<!-- \/ Yoast SEO Premium plugin. -->","yoast_head_json":{"title":"Zeiterfassung f\u00fcr Architekten und Ingenieure","description":"Zeiterfassung f\u00fcr Architekten und Ingenieure. Erfasse die Arbeitszeiten deines Teams mit jedem beliebigen Ger\u00e4t. F\u00fcr immer kostenlos!","robots":{"index":"index","follow":"follow","max-snippet":"max-snippet:-1","max-image-preview":"max-image-preview:large","max-video-preview":"max-video-preview:-1"},"canonical":"https:\/\/www.jibble.io\/de\/zeiterfassung-architekten-ingenieure","og_locale":"de_DE","og_type":"article","og_title":"Zeiterfassung f\u00fcr Architekten und Ingenieure","og_description":"Zeiterfassung f\u00fcr Architekten und Ingenieure. Erfasse die Arbeitszeiten deines Teams mit jedem beliebigen Ger\u00e4t. F\u00fcr immer kostenlos!","og_url":"https:\/\/www.jibble.io\/de\/zeiterfassung-architekten-ingenieure","og_site_name":"Jibble","article_modified_time":"2025-09-25T10:38:17+00:00","twitter_card":"summary_large_image","twitter_misc":{"Gesch\u00e4tzte Lesezeit":"6\u00a0Minuten"},"schema":{"@context":"https:\/\/schema.org","@graph":[{"@type":"WebPage","@id":"https:\/\/www.jibble.io\/de\/zeiterfassung-architekten-ingenieure","url":"https:\/\/www.jibble.io\/de\/zeiterfassung-architekten-ingenieure","name":"Zeiterfassung f\u00fcr Architekten und Ingenieure","isPartOf":{"@id":"https:\/\/www.jibble.io\/de#website"},"datePublished":"2022-07-15T03:48:20+00:00","dateModified":"2025-09-25T10:38:17+00:00","description":"Zeiterfassung f\u00fcr Architekten und Ingenieure. Erfasse die Arbeitszeiten deines Teams mit jedem beliebigen Ger\u00e4t. F\u00fcr immer kostenlos!","inLanguage":"de","potentialAction":[{"@type":"ReadAction","target":["https:\/\/www.jibble.io\/de\/zeiterfassung-architekten-ingenieure"]}]},{"@type":"WebSite","@id":"https:\/\/www.jibble.io\/de#website","url":"https:\/\/www.jibble.io\/de","name":"Jibble","description":"Meet the new standard in time tracking software","publisher":{"@id":"https:\/\/www.jibble.io\/de#organization"},"potentialAction":[{"@type":"SearchAction","target":{"@type":"EntryPoint","urlTemplate":"https:\/\/www.jibble.io\/de?s={search_term_string}"},"query-input":{"@type":"PropertyValueSpecification","valueRequired":true,"valueName":"search_term_string"}}],"inLanguage":"de"},{"@type":"Organization","@id":"https:\/\/www.jibble.io\/de#organization","name":"Jibble","url":"https:\/\/www.jibble.io\/de","logo":{"@type":"ImageObject","inLanguage":"de","@id":"https:\/\/www.jibble.io\/de#\/schema\/logo\/image\/","url":"https:\/\/www.jibble.io\/wp-content\/uploads\/2022\/05\/Original-copy-923x1024.png","contentUrl":"https:\/\/www.jibble.io\/wp-content\/uploads\/2022\/05\/Original-copy-923x1024.png","width":"923","height":"1024","caption":"Jibble"},"image":{"@id":"https:\/\/www.jibble.io\/de#\/schema\/logo\/image\/"},"sameAs":["https:\/\/www.linkedin.com\/company\/jibble\/"]}]}},"_links":{"self":[{"href":"https:\/\/www.jibble.io\/de\/wp-json\/wp\/v2\/pages\/242430","targetHints":{"allow":["GET"]}}],"collection":[{"href":"https:\/\/www.jibble.io\/de\/wp-json\/wp\/v2\/pages"}],"about":[{"href":"https:\/\/www.jibble.io\/de\/wp-json\/wp\/v2\/types\/page"}],"author":[{"embeddable":true,"href":"https:\/\/www.jibble.io\/de\/wp-json\/wp\/v2\/users\/6"}],"replies":[{"embeddable":true,"href":"https:\/\/www.jibble.io\/de\/wp-json\/wp\/v2\/comments?post=242430"}],"version-history":[{"count":3,"href":"https:\/\/www.jibble.io\/de\/wp-json\/wp\/v2\/pages\/242430\/revisions"}],"predecessor-version":[{"id":328572,"href":"https:\/\/www.jibble.io\/de\/wp-json\/wp\/v2\/pages\/242430\/revisions\/328572"}],"wp:attachment":[{"href":"https:\/\/www.jibble.io\/de\/wp-json\/wp\/v2\/media?parent=242430"}],"curies":[{"name":"wp","href":"https:\/\/api.w.org\/{rel}","templated":true}]}}