{"id":353838,"date":"2024-06-06T15:00:25","date_gmt":"2024-06-06T14:00:25","guid":{"rendered":"https:\/\/www.jibble.io\/?page_id=353838"},"modified":"2026-02-24T10:55:10","modified_gmt":"2026-02-24T10:55:10","slug":"objednani-ukazky","status":"publish","type":"page","link":"https:\/\/www.jibble.io\/cs\/objednani-ukazky","title":{"rendered":"Objedn\u00e1n\u00ed uk\u00e1zky"},"content":{"rendered":"","protected":false},"excerpt":{"rendered":"","protected":false},"author":87,"featured_media":0,"parent":0,"menu_order":0,"comment_status":"closed","ping_status":"closed","template":"book-demo-landing-template.php","meta":{"_acf_changed":false,"footnotes":""},"class_list":["post-353838","page","type-page","status-publish","hentry"],"acf":[],"yoast_head":"<!-- This site is optimized with the Yoast SEO Premium plugin v26.8 (Yoast SEO v26.8) - https:\/\/yoast.com\/product\/yoast-seo-premium-wordpress\/ -->\n<title>Objednejte si ZDARMA p\u0159edveden\u00ed od odborn\u00edka z Jibble<\/title>\n<meta name=\"description\" content=\"Pod\u00edvejte se, jak m\u016f\u017ee v\u00fdkonn\u00fd software pro sledov\u00e1n\u00ed \u010dasu Jibble zefektivnit \u0159\u00edzen\u00ed va\u0161ich zam\u011bstnanc\u016f \u2013 napl\u00e1nujte si bezplatnou uk\u00e1zku!\" \/>\n<meta name=\"robots\" content=\"index, follow, max-snippet:-1, max-image-preview:large, max-video-preview:-1\" \/>\n<link rel=\"canonical\" href=\"https:\/\/www.jibble.io\/cs\/objednani-ukazky\" \/>\n<meta property=\"og:locale\" content=\"cs_CZ\" \/>\n<meta property=\"og:type\" content=\"article\" \/>\n<meta property=\"og:title\" content=\"Objednejte si ZDARMA p\u0159edveden\u00ed od odborn\u00edka z Jibble\" \/>\n<meta property=\"og:description\" content=\"Pod\u00edvejte se, jak m\u016f\u017ee v\u00fdkonn\u00fd software pro sledov\u00e1n\u00ed \u010dasu Jibble zefektivnit \u0159\u00edzen\u00ed va\u0161ich zam\u011bstnanc\u016f \u2013 napl\u00e1nujte si bezplatnou uk\u00e1zku!\" \/>\n<meta property=\"og:url\" content=\"https:\/\/www.jibble.io\/cs\/objednani-ukazky\" \/>\n<meta property=\"og:site_name\" content=\"Jibble\" \/>\n<meta property=\"article:modified_time\" content=\"2026-02-24T10:55:10+00:00\" \/>\n<meta name=\"twitter:card\" content=\"summary_large_image\" \/>\n<meta name=\"twitter:label1\" content=\"Odhadovan\u00e1 doba \u010dten\u00ed\" \/>\n\t<meta name=\"twitter:data1\" content=\"1 minuta\" \/>\n<script type=\"application\/ld+json\" class=\"yoast-schema-graph\">{\"@context\":\"https:\/\/schema.org\",\"@graph\":[{\"@type\":\"WebPage\",\"@id\":\"https:\/\/www.jibble.io\/cs\/objednani-ukazky\",\"url\":\"https:\/\/www.jibble.io\/cs\/objednani-ukazky\",\"name\":\"Objednejte si ZDARMA p\u0159edveden\u00ed od odborn\u00edka z Jibble\",\"isPartOf\":{\"@id\":\"https:\/\/www.jibble.io\/cs#website\"},\"datePublished\":\"2024-06-06T14:00:25+00:00\",\"dateModified\":\"2026-02-24T10:55:10+00:00\",\"description\":\"Pod\u00edvejte se, jak m\u016f\u017ee v\u00fdkonn\u00fd software pro sledov\u00e1n\u00ed \u010dasu Jibble zefektivnit \u0159\u00edzen\u00ed va\u0161ich zam\u011bstnanc\u016f \u2013 napl\u00e1nujte si bezplatnou uk\u00e1zku!\",\"inLanguage\":\"cs\",\"potentialAction\":[{\"@type\":\"ReadAction\",\"target\":[\"https:\/\/www.jibble.io\/cs\/objednani-ukazky\"]}]},{\"@type\":\"WebSite\",\"@id\":\"https:\/\/www.jibble.io\/cs#website\",\"url\":\"https:\/\/www.jibble.io\/cs\",\"name\":\"Jibble\",\"description\":\"Meet the new standard in time tracking software\",\"publisher\":{\"@id\":\"https:\/\/www.jibble.io\/cs#organization\"},\"potentialAction\":[{\"@type\":\"SearchAction\",\"target\":{\"@type\":\"EntryPoint\",\"urlTemplate\":\"https:\/\/www.jibble.io\/cs?s={search_term_string}\"},\"query-input\":{\"@type\":\"PropertyValueSpecification\",\"valueRequired\":true,\"valueName\":\"search_term_string\"}}],\"inLanguage\":\"cs\"},{\"@type\":\"Organization\",\"@id\":\"https:\/\/www.jibble.io\/cs#organization\",\"name\":\"Jibble\",\"url\":\"https:\/\/www.jibble.io\/cs\",\"logo\":{\"@type\":\"ImageObject\",\"inLanguage\":\"cs\",\"@id\":\"https:\/\/www.jibble.io\/cs#\/schema\/logo\/image\/\",\"url\":\"https:\/\/www.jibble.io\/wp-content\/uploads\/2022\/05\/Original-copy-923x1024.png\",\"contentUrl\":\"https:\/\/www.jibble.io\/wp-content\/uploads\/2022\/05\/Original-copy-923x1024.png\",\"width\":\"923\",\"height\":\"1024\",\"caption\":\"Jibble\"},\"image\":{\"@id\":\"https:\/\/www.jibble.io\/cs#\/schema\/logo\/image\/\"},\"sameAs\":[\"https:\/\/www.linkedin.com\/company\/jibble\/\"]}]}<\/script>\n<!-- \/ Yoast SEO Premium plugin. -->","yoast_head_json":{"title":"Objednejte si ZDARMA p\u0159edveden\u00ed od odborn\u00edka z Jibble","description":"Pod\u00edvejte se, jak m\u016f\u017ee v\u00fdkonn\u00fd software pro sledov\u00e1n\u00ed \u010dasu Jibble zefektivnit \u0159\u00edzen\u00ed va\u0161ich zam\u011bstnanc\u016f \u2013 napl\u00e1nujte si bezplatnou uk\u00e1zku!","robots":{"index":"index","follow":"follow","max-snippet":"max-snippet:-1","max-image-preview":"max-image-preview:large","max-video-preview":"max-video-preview:-1"},"canonical":"https:\/\/www.jibble.io\/cs\/objednani-ukazky","og_locale":"cs_CZ","og_type":"article","og_title":"Objednejte si ZDARMA p\u0159edveden\u00ed od odborn\u00edka z Jibble","og_description":"Pod\u00edvejte se, jak m\u016f\u017ee v\u00fdkonn\u00fd software pro sledov\u00e1n\u00ed \u010dasu Jibble zefektivnit \u0159\u00edzen\u00ed va\u0161ich zam\u011bstnanc\u016f \u2013 napl\u00e1nujte si bezplatnou uk\u00e1zku!","og_url":"https:\/\/www.jibble.io\/cs\/objednani-ukazky","og_site_name":"Jibble","article_modified_time":"2026-02-24T10:55:10+00:00","twitter_card":"summary_large_image","twitter_misc":{"Odhadovan\u00e1 doba \u010dten\u00ed":"1 minuta"},"schema":{"@context":"https:\/\/schema.org","@graph":[{"@type":"WebPage","@id":"https:\/\/www.jibble.io\/cs\/objednani-ukazky","url":"https:\/\/www.jibble.io\/cs\/objednani-ukazky","name":"Objednejte si ZDARMA p\u0159edveden\u00ed od odborn\u00edka z Jibble","isPartOf":{"@id":"https:\/\/www.jibble.io\/cs#website"},"datePublished":"2024-06-06T14:00:25+00:00","dateModified":"2026-02-24T10:55:10+00:00","description":"Pod\u00edvejte se, jak m\u016f\u017ee v\u00fdkonn\u00fd software pro sledov\u00e1n\u00ed \u010dasu Jibble zefektivnit \u0159\u00edzen\u00ed va\u0161ich zam\u011bstnanc\u016f \u2013 napl\u00e1nujte si bezplatnou uk\u00e1zku!","inLanguage":"cs","potentialAction":[{"@type":"ReadAction","target":["https:\/\/www.jibble.io\/cs\/objednani-ukazky"]}]},{"@type":"WebSite","@id":"https:\/\/www.jibble.io\/cs#website","url":"https:\/\/www.jibble.io\/cs","name":"Jibble","description":"Meet the new standard in time tracking software","publisher":{"@id":"https:\/\/www.jibble.io\/cs#organization"},"potentialAction":[{"@type":"SearchAction","target":{"@type":"EntryPoint","urlTemplate":"https:\/\/www.jibble.io\/cs?s={search_term_string}"},"query-input":{"@type":"PropertyValueSpecification","valueRequired":true,"valueName":"search_term_string"}}],"inLanguage":"cs"},{"@type":"Organization","@id":"https:\/\/www.jibble.io\/cs#organization","name":"Jibble","url":"https:\/\/www.jibble.io\/cs","logo":{"@type":"ImageObject","inLanguage":"cs","@id":"https:\/\/www.jibble.io\/cs#\/schema\/logo\/image\/","url":"https:\/\/www.jibble.io\/wp-content\/uploads\/2022\/05\/Original-copy-923x1024.png","contentUrl":"https:\/\/www.jibble.io\/wp-content\/uploads\/2022\/05\/Original-copy-923x1024.png","width":"923","height":"1024","caption":"Jibble"},"image":{"@id":"https:\/\/www.jibble.io\/cs#\/schema\/logo\/image\/"},"sameAs":["https:\/\/www.linkedin.com\/company\/jibble\/"]}]}},"_links":{"self":[{"href":"https:\/\/www.jibble.io\/cs\/wp-json\/wp\/v2\/pages\/353838","targetHints":{"allow":["GET"]}}],"collection":[{"href":"https:\/\/www.jibble.io\/cs\/wp-json\/wp\/v2\/pages"}],"about":[{"href":"https:\/\/www.jibble.io\/cs\/wp-json\/wp\/v2\/types\/page"}],"author":[{"embeddable":true,"href":"https:\/\/www.jibble.io\/cs\/wp-json\/wp\/v2\/users\/87"}],"replies":[{"embeddable":true,"href":"https:\/\/www.jibble.io\/cs\/wp-json\/wp\/v2\/comments?post=353838"}],"version-history":[{"count":3,"href":"https:\/\/www.jibble.io\/cs\/wp-json\/wp\/v2\/pages\/353838\/revisions"}],"predecessor-version":[{"id":384542,"href":"https:\/\/www.jibble.io\/cs\/wp-json\/wp\/v2\/pages\/353838\/revisions\/384542"}],"wp:attachment":[{"href":"https:\/\/www.jibble.io\/cs\/wp-json\/wp\/v2\/media?parent=353838"}],"curies":[{"name":"wp","href":"https:\/\/api.w.org\/{rel}","templated":true}]}}