{"id":353821,"date":"2022-11-11T01:44:41","date_gmt":"2022-11-11T01:44:41","guid":{"rendered":"https:\/\/www.jibble.io\/?page_id=353821"},"modified":"2026-01-06T08:19:44","modified_gmt":"2026-01-06T08:19:44","slug":"otazky-o-casu-a-dochazce","status":"publish","type":"page","link":"https:\/\/www.jibble.io\/cs\/otazky-o-casu-a-dochazce","title":{"rendered":"Ot\u00e1zky ohledn\u011b evidence doch\u00e1zky a pracovn\u00ed doby"},"content":{"rendered":"<p>1<\/p>\n<p>Je opravdu nutn\u00e9 sledovat pracovn\u00ed dobu zam\u011bstnanc\u016f?<\/p>\n<p><span style=\"font-weight: 400;\">Ne. Sledov\u00e1n\u00ed pracovn\u00ed doby zam\u011bstnanc\u016f d\u00e1v\u00e1 smysl v n\u011bkter\u00fdch situac\u00edch a organizac\u00edch a v jin\u00fdch situac\u00edch nebo organizac\u00edch ne. <\/span><\/p>\n<p>Ve skute\u010dnosti v Jibble sledujeme \u010das a aktivitu u n\u011bkter\u00fdch t\u00fdm\u016f \u2013 nap\u0159\u00edklad u t\u011bch, kte\u0159\u00ed jsou placeni od hodiny \u2013 a u jin\u00fdch t\u00fdm\u016f ne. Ve skute\u010dnosti u v\u011bt\u0161iny na\u0161ich zam\u011bstnanc\u016f sledujeme hlavn\u011b jejich v\u00fdkon a v\u00fdsledky.<\/p>\n<p>Kl\u00ed\u010dov\u00e9 je identifikovat, pro\u010d pot\u0159ebuje\u0161 sledovat \u010das a jak to ud\u011blat.<\/p>\n<p>necessary-to-track-employee-time<\/p>\n<p>A co doch\u00e1zka?<\/p>\n<p>Obecn\u011b pro zam\u011bstnance, kte\u0159\u00ed mus\u00ed b\u00fdt na pracovi\u0161ti, jako je restaurace, nemocnice, staveni\u0161t\u011b atd., m\u016f\u017ee d\u00e1vat velk\u00fd smysl sledovat doch\u00e1zku, proto\u017ee pokud tam zam\u011bstnanci nejsou, nemohou svou pr\u00e1ci vykon\u00e1vat.<\/p>\n<p>necessary-to-track-attendance<\/p>\n<p>Jak\u00e9 jsou hlavn\u00ed typy syst\u00e9m\u016f pro evidenci doch\u00e1zky a pracovn\u00ed doby?<\/p>\n<p>Zde je n\u011bkolik syst\u00e9m\u016f pro evidenci doch\u00e1zky a pracovn\u00ed doby:<\/p>\n<ul>\n<li>\u017d\u00e1dn\u00e9 sledov\u00e1n\u00ed, spol\u00e9h\u00e1n\u00ed se pouze na fyzickou p\u0159\u00edtomnost.\n<ul>\n<li>Funguje dob\u0159e pro velmi mal\u00e9 t\u00fdmy.<\/li>\n<\/ul>\n<\/li>\n<li>Tu\u017eka a pap\u00edr\n<ul>\n<li>Op\u011bt by to mohlo dob\u0159e fungovat pro mal\u00e9 t\u00fdmy, kde je t\u0159eba zaznamen\u00e1vat \u010das. Samoz\u0159ejm\u011b je to n\u00e1chyln\u00e9 ke zneu\u017eit\u00ed.<\/li>\n<\/ul>\n<\/li>\n<li>Doch\u00e1zkov\u00e9 hodiny na karty\n<ul>\n<li>Systematizovan\u00e9, ale n\u00e1chyln\u00e9 ke zneu\u017eit\u00ed, \u010dasov\u011b n\u00e1ro\u010dn\u00e9 na z\u00edsk\u00e1v\u00e1n\u00ed dat z karet, karty nejsou z\u00e1lohov\u00e1ny a v\u0161e je n\u00e1chyln\u00e9 k chyb\u00e1m. Op\u011bt by to mohlo dob\u0159e fungovat pro mal\u00e9 organizace, kde je vysok\u00e1 viditelnost t\u00fdmu.<\/li>\n<\/ul>\n<\/li>\n<li>Elektronick\u00e9 neclouodv\u00e9 doch\u00e1zkov\u00e9 hodiny\n<ul>\n<li>Typicky drah\u00e9 na nastaven\u00ed, rychle zastar\u00e1vaj\u00ed, data nejsou k dispozici v re\u00e1ln\u00e9m \u010dase a data nejsou z\u00e1lohov\u00e1na.<\/li>\n<\/ul>\n<\/li>\n<li>Cloudov\u00fd software pro evidenci doch\u00e1zky a pracovn\u00ed doby.\n<ul>\n<li>Ano, prod\u00e1v\u00e1me to, ale je to cesta vp\u0159ed, proto\u017ee to \u0159e\u0161\u00ed v\u0161echny probl\u00e9my ostatn\u00edch syst\u00e9m\u016f \u2013 proto se staly tak popul\u00e1rn\u00edmi.<\/li>\n<\/ul>\n<\/li>\n<\/ul>\n<p>typy-syst\u00e9m\u016f-evidence-doch\u00e1zky<\/p>\n<p>Vytv\u00e1\u0159\u00ed cloudov\u00fd syst\u00e9m evidence doch\u00e1zky a pracovn\u00ed doby v\u00fdkazy?<\/p>\n<p>Ano, v\u011bt\u0161ina syst\u00e9m\u016f evidence doch\u00e1zky by tak\u00e9 vytv\u00e1\u0159ela v\u00fdkazy pr\u00e1ce a v\u011bt\u0161ina by je tak\u00e9 poskytovala v mnoha r\u016fzn\u00fdch form\u00e1tech.<\/p>\n<p>syst\u00e9m-evidence-doch\u00e1zky-vytv\u00e1\u0159\u00ed-v\u00fdkazy-pr\u00e1ce<\/p>\n<p>Je evidence doch\u00e1zky vhodn\u00e1 pouze pro spr\u00e1vu pracovn\u00ed doby zam\u011bstnanc\u016f?<\/p>\n<p><span style=\"font-weight: 400;\">Ne. Krom\u011b spr\u00e1vy pracovn\u00ed doby zam\u011bstnanc\u016f lze evidenci doch\u00e1zky pou\u017e\u00edt ke sledov\u00e1n\u00ed absence nebo sk\u00f3re doch\u00e1zky na r\u016fzn\u00fdch akc\u00edch a slu\u017eb\u00e1ch. Proto jsme tak\u00e9 Jibble vytvo\u0159ili tak, aby perfektn\u011b fungoval pro sledov\u00e1n\u00ed <a href=\"https:\/\/www.jibble.io\/student-teacher-attendance-tracking-software\">doch\u00e1zky student\u016f<\/a> a <a href=\"https:\/\/www.jibble.io\/church-attendance\">doch\u00e1zky do kostela<\/a>. <\/span><\/p>\n<p>evidence-doch\u00e1zky-spr\u00e1va-pracovn\u00ed-doby-zam\u011bstnanc\u016f<\/p>\n<p>Jak\u00fd je rozd\u00edl mezi softwarem pro sledov\u00e1n\u00ed \u010dasu a softwarem pro evidenci doch\u00e1zky?<\/p>\n<p><span style=\"font-weight: 400;\"><a href=\"https:\/\/www.jibble.io\/cs\">Software pro sledov\u00e1n\u00ed \u010dasu<\/a> je obecn\u00fd term\u00edn pro software, kter\u00fd d\u011bl\u00e1 p\u0159esn\u011b to, co \u0159\u00edk\u00e1, tedy sleduje \u010das<\/span><\/p>\n<p>Kl\u00ed\u010dov\u00e9 je, \u017ee jej lze pou\u017e\u00edt jak pro zam\u011bstnance pracuj\u00edc\u00ed v kancel\u00e1\u0159i, tak pro zam\u011bstnance pracuj\u00edc\u00ed v ter\u00e9nu.<\/p>\n<p>Evidence doch\u00e1zky je podmno\u017einou sledov\u00e1n\u00ed \u010dasu a vzhledem ke slovu \u201edoch\u00e1zka\u201c se p\u0159edpokl\u00e1d\u00e1, \u017ee je ur\u010dena pro zam\u011bstnance pracuj\u00edc\u00ed v ter\u00e9nu.<\/p>\n<p>rozd\u00edl-mezi-softwarem-pro-sledov\u00e1n\u00ed-\u010dasu-a-softwarem-pro-evidenci-doch\u00e1zky<\/p>\n<p>Co je to buddy punching?<\/p>\n<p>Buddy punching je, kdy\u017e jeden zam\u011bstnanec po\u017e\u00e1d\u00e1 druh\u00e9ho, aby za n\u011bj p\u00edchnul. Nejen\u017ee je to podvod, ale tak\u00e9 to demotivuje ty, kte\u0159\u00ed to vid\u00ed, proto\u017ee jejich kolegov\u00e9 dost\u00e1vaj\u00ed zaplaceno, ani\u017e by pracovali.<\/p>\n<p>buddy-punching<\/p>\n<p>Jak v\u00edte, \u017ee zam\u011bstnanec, kter\u00fd se p\u0159ihl\u00e1sil, tam skute\u010dn\u011b byl?<\/p>\n<p>Proto existuje <a href=\"https:\/\/www.jibble.io\/cs\/system-dochazky-s-rozpoznavanim-obliceje\">biometrick\u00e1 evidence doch\u00e1zky<\/a>, co\u017e je jin\u00fd zp\u016fsob, jak \u0159\u00edci evidence doch\u00e1zky pomoc\u00ed biologick\u00fdch dat, jako jsou otisky prst\u016f, rozpozn\u00e1v\u00e1n\u00ed obli\u010deje nebo hlas, co\u017e jsme je\u0161t\u011b nevid\u011bli. Spojte to bu\u010f s t\u00edm, \u017ee je syst\u00e9m evidence doch\u00e1zky na pevn\u00e9m m\u00edst\u011b, nebo s pou\u017eit\u00edm GPS telefonu \u010di tabletu, a nyn\u00ed m\u00e1te zaznamenanou spr\u00e1vnou osobu i polohu v dan\u00e9m \u010dase.<\/p>\n<p>N\u011bkter\u00e9 syst\u00e9my pou\u017e\u00edvaj\u00ed <a href=\"https:\/\/www.jibble.io\/rfid-nfc-attendance-system\">evidenci doch\u00e1zky pomoc\u00ed RFID karet<\/a>, ale karty jsou samoz\u0159ejm\u011b n\u00e1chyln\u00e9 k buddy punchingu. To m\u016f\u017ee dob\u0159e fungovat v dob\u0159e viditeln\u00e9 oblasti, jako je oblast s CCTV. Jin\u00fd software pou\u017e\u00edv\u00e1 m\u00edsto karet telefony, a i kdy\u017e lze telefony d\u00e1t koleg\u016fm, mnoz\u00ed to nebudou cht\u00edt ud\u011blat, proto\u017ee to znamen\u00e1, \u017ee nemohou pou\u017e\u00edvat sv\u016fj telefon. Jibble podporuje tuto funkci pomoc\u00ed \u201ez\u00e1mku za\u0159\u00edzen\u00ed\u201c, co\u017e znamen\u00e1, \u017ee k p\u00edchnut\u00ed se mohou pou\u017e\u00edt pouze jejich konkr\u00e9tn\u00ed telefony.<\/p>\n<p>biometrick\u00e1-evidence-doch\u00e1zky<\/p>\n<p>M\u016f\u017ee zam\u011bstnavatel po\u017eadovat, aby si zam\u011bstnanec st\u00e1hl aplikaci pro sledov\u00e1n\u00ed \u010dasu na sv\u016fj osobn\u00ed mobil?<\/p>\n<p><span style=\"font-weight: 400;\">Zam\u011bstnavatel nem\u016f\u017ee nutit zam\u011bstnance, aby pou\u017e\u00edval aplikaci na mobilu zam\u011bstnance, pokud to nen\u00ed v\u00fdslovn\u011b uvedeno ve smlouv\u011b.<\/span><\/p>\n<p>Realita je ale takov\u00e1, \u017ee zam\u011bstnavatel a zam\u011bstnanec by m\u011bli m\u00edt ur\u010ditou \u00farove\u0148 porozum\u011bn\u00ed, aby si udr\u017eeli dobr\u00fd pracovn\u00ed vztah, a tak by se za norm\u00e1ln\u00edch okolnost\u00ed pova\u017eovalo za rozumn\u00e9, aby zam\u011bstnanec zvedl mobil nebo jej pou\u017eil ke sledov\u00e1n\u00ed \u010dasu, pokud je o to po\u017e\u00e1d\u00e1n.<\/p>\n<p>zam\u011bstnavatel-nut\u00ed-pou\u017e\u00edvat-vlastn\u00ed-mobil<\/p>\n<p>Jak vyd\u011bl\u00e1vaj\u00ed pen\u00edze 100% ZDARMA aplikace pro evidenci doch\u00e1zky a pracovn\u00ed doby?<\/p>\n<p><span style=\"font-weight: 400;\">T\u011bch bezplatn\u00fdch moc nen\u00ed, ale ty, kter\u00e9 jsou, vyd\u011bl\u00e1vaj\u00ed pen\u00edze \u00fa\u010dtov\u00e1n\u00edm poplatk\u016f za voliteln\u00e9 upgrady.<\/span><\/p>\n<p>bezplatn\u00e1-evidence-doch\u00e1zky-pen\u00edze<\/p>\n<p>Jak m\u00e1m vysv\u011btlit sv\u00fdm zam\u011bstnanc\u016fm, \u017ee za\u010dneme sledovat jejich \u010das?<\/p>\n<p><span style=\"font-weight: 400;\">Komunikace je opravdu d\u016fle\u017eit\u00e1, stejn\u011b jako stanoven\u00ed o\u010dek\u00e1v\u00e1n\u00ed. Sledov\u00e1n\u00ed doch\u00e1zky znamen\u00e1, \u017ee zam\u011bstnanci dost\u00e1vaj\u00ed spravedlivou mzdu a zam\u011bstnavatel\u00e9 plat\u00ed spravedliv\u011b, a to je kl\u00ed\u010dov\u00e9 poselstv\u00ed, kter\u00e9 je t\u0159eba p\u0159edat. <\/span><\/p>\n<p>komunikace-se-zam\u011bstnanci<\/p>\n<p>Nejsou v\u0161echna \u0159e\u0161en\u00ed pro evidenci doch\u00e1zky a pracovn\u00ed doby v podstat\u011b stejn\u00e1?<\/p>\n<p><span style=\"font-weight: 400;\">V\u011bt\u0161ina se skute\u010dn\u011b sna\u017e\u00ed vy\u0159e\u0161it stejn\u00fd probl\u00e9m, tj. sledovat \u010das a doch\u00e1zku. Ka\u017ed\u00fd m\u00e1 v\u0161ak sv\u00e9 siln\u00e9 str\u00e1nky, cenu, zp\u016fsoby p\u00edchnut\u00ed a mo\u017en\u00e1 nejd\u016fle\u017eit\u011bj\u0161\u00ed je, \u017ee ka\u017ed\u00fd m\u00e1 r\u016fznou \u00farove\u0148 proveden\u00ed \u2013 software pro evidenci doch\u00e1zky, kter\u00fd zam\u011bstnanc\u016fm zt\u011b\u017euje skute\u010dn\u00e9 p\u00edchnut\u00ed, nakonec zp\u016fsob\u00ed mnohem v\u00edce probl\u00e9m\u016f, ne\u017e vy\u0159e\u0161\u00ed. <\/span><\/p>\n<p>Tak\u00e9 stoj\u00ed za to m\u00edt na pam\u011bti, \u017ee kdy\u017e si po\u0159\u00edd\u00edte <a href=\"https:\/\/www.jibble.io\/cs\/sledovani-dochazky\">n\u00e1stroj pro sledov\u00e1n\u00ed doch\u00e1zky<\/a>, nekupujete si produkt, ale investujete do n\u011bj, proto\u017ee se produkt bude \u010dasem m\u011bnit a je obt\u00ed\u017en\u00e9 syst\u00e9my m\u011bnit. Proto stoj\u00ed za to zajistit, aby se syst\u00e9m zlep\u0161oval a aby z\u00e1kaznick\u00e1 podpora reagovala.<\/p>\n<p>rozd\u00edl-mezi-\u0159e\u0161en\u00edmi-pro-sledov\u00e1n\u00ed-\u010dasu-a-\u0159e\u0161en\u00edmi-pro-evidenci-doch\u00e1zky<\/p>\n<p>Nen\u00ed sledov\u00e1n\u00ed \u010dasu a doch\u00e1zky zam\u011bstnanc\u016f neleg\u00e1ln\u00ed?<\/p>\n<p><span style=\"font-weight: 400;\">Sledov\u00e1n\u00ed doch\u00e1zky zam\u011bstnanc\u016f je naprosto leg\u00e1ln\u00ed v ka\u017ed\u00e9 jurisdikci na sv\u011bt\u011b, proto\u017ee zam\u011bstnavatel\u00e9 v podstat\u011b pot\u0159ebuj\u00ed v\u011bd\u011bt, kde se jejich zam\u011bstnanci nach\u00e1zej\u00ed.<\/span><\/p>\n<p>Ve skute\u010dnosti se v mnoha rozvinut\u00fdch zem\u00edch stalo sledov\u00e1n\u00ed \u010dasu n\u011bjak\u00fdm zp\u016fsobem povinn\u00fdm ze z\u00e1kona, aby byli zam\u011bstnanci chr\u00e1n\u011bni p\u0159ed p\u0159epracov\u00e1n\u00edm a aby jim byly vyplaceny p\u0159\u00edpadn\u00e9 dlu\u017en\u00e9 p\u0159es\u010dasy, ale nedostate\u010dn\u00e9 pov\u011bdom\u00ed znamen\u00e1, \u017ee takov\u00e9 z\u00e1kony jsou z\u0159\u00eddka vym\u00e1h\u00e1ny.<\/p>\n<p>sledov\u00e1n\u00ed-pracovn\u00ed-doby-zam\u011bstnanc\u016f-je-leg\u00e1ln\u00ed<\/p>\n<p>Spravuje v\u011bt\u0161ina softwarov\u00fdch \u0159e\u0161en\u00ed pro evidenci doch\u00e1zky a pracovn\u00ed doby tak\u00e9 dovolenou?<\/p>\n<p>Ano, proto\u017ee sledov\u00e1n\u00ed dovolen\u00e9 a evidence doch\u00e1zky a pracovn\u00ed doby jsou vz\u00e1jemn\u011b z\u00e1visl\u00e9.<\/p>\n<p>doch\u00e1zka-dovolen\u00e1-pto<\/p>\n<p>Jak se mohu dozv\u011bd\u011bt v\u00edce o sledov\u00e1n\u00ed \u010dasu?<\/p>\n<p>Zde je n\u011bkolik <a href=\"https:\/\/www.jibble.io\/basic-time-tracking-questions\">ot\u00e1zek ohledn\u011b sledov\u00e1n\u00ed \u010dasu, kter\u00e9 jste se b\u00e1li zeptat<\/a>!<\/p>\n<p>dal\u0161\u00ed-ot\u00e1zky-ohledn\u011b-sledov\u00e1n\u00ed-\u010dasu<\/p>\n","protected":false},"excerpt":{"rendered":"<p>1 Je opravdu nutn\u00e9 sledovat pracovn\u00ed dobu zam\u011bstnanc\u016f? Ne. Sledov\u00e1n\u00ed pracovn\u00ed doby zam\u011bstnanc\u016f d\u00e1v\u00e1 smysl v n\u011bkter\u00fdch situac\u00edch a organizac\u00edch a v jin\u00fdch situac\u00edch nebo organizac\u00edch ne. Ve skute\u010dnosti v Jibble sledujeme \u010das a aktivitu u n\u011bkter\u00fdch t\u00fdm\u016f \u2013 nap\u0159\u00edklad u t\u011bch, kte\u0159\u00ed jsou placeni od hodiny \u2013 a u jin\u00fdch t\u00fdm\u016f ne. Ve skute\u010dnosti [&hellip;]<\/p>\n","protected":false},"author":6,"featured_media":0,"parent":0,"menu_order":0,"comment_status":"closed","ping_status":"closed","template":"page-blank.php","meta":{"_acf_changed":false,"footnotes":""},"class_list":["post-353821","page","type-page","status-publish","hentry"],"acf":[],"yoast_head":"<!-- This site is optimized with the Yoast SEO Premium plugin v26.8 (Yoast SEO v26.8) - https:\/\/yoast.com\/product\/yoast-seo-premium-wordpress\/ -->\n<title>Ot\u00e1zky o \u010dasu a doch\u00e1zce, na kter\u00e9 jste se b\u00e1li zeptat<\/title>\n<meta name=\"description\" content=\"Odpov\u00edd\u00e1me na ty nej\u010dast\u011bj\u0161\u00ed ot\u00e1zky o evidenci doch\u00e1zky a pracovn\u00ed doby, na kter\u00e9 jste se b\u00e1li zeptat, zejm\u00e9na ty souvisej\u00edc\u00ed se softwarem.\" \/>\n<meta name=\"robots\" content=\"index, follow, max-snippet:-1, max-image-preview:large, max-video-preview:-1\" \/>\n<link rel=\"canonical\" href=\"https:\/\/www.jibble.io\/cs\/otazky-o-casu-a-dochazce\" \/>\n<meta property=\"og:locale\" content=\"cs_CZ\" \/>\n<meta property=\"og:type\" content=\"article\" \/>\n<meta property=\"og:title\" content=\"Ot\u00e1zky o \u010dasu a doch\u00e1zce, na kter\u00e9 jste se b\u00e1li zeptat\" \/>\n<meta property=\"og:description\" content=\"Odpov\u00edd\u00e1me na ty nej\u010dast\u011bj\u0161\u00ed ot\u00e1zky o evidenci doch\u00e1zky a pracovn\u00ed doby, na kter\u00e9 jste se b\u00e1li zeptat, zejm\u00e9na ty souvisej\u00edc\u00ed se softwarem.\" \/>\n<meta property=\"og:url\" content=\"https:\/\/www.jibble.io\/cs\/otazky-o-casu-a-dochazce\" \/>\n<meta property=\"og:site_name\" content=\"Jibble\" \/>\n<meta property=\"article:modified_time\" content=\"2026-01-06T08:19:44+00:00\" \/>\n<meta name=\"twitter:card\" content=\"summary_large_image\" \/>\n<meta name=\"twitter:label1\" content=\"Odhadovan\u00e1 doba \u010dten\u00ed\" \/>\n\t<meta name=\"twitter:data1\" content=\"9 minut\" \/>\n<script type=\"application\/ld+json\" class=\"yoast-schema-graph\">{\"@context\":\"https:\/\/schema.org\",\"@graph\":[{\"@type\":\"WebPage\",\"@id\":\"https:\/\/www.jibble.io\/cs\/otazky-o-casu-a-dochazce\",\"url\":\"https:\/\/www.jibble.io\/cs\/otazky-o-casu-a-dochazce\",\"name\":\"Ot\u00e1zky o \u010dasu a doch\u00e1zce, na kter\u00e9 jste se b\u00e1li zeptat\",\"isPartOf\":{\"@id\":\"https:\/\/www.jibble.io\/cs#website\"},\"datePublished\":\"2022-11-11T01:44:41+00:00\",\"dateModified\":\"2026-01-06T08:19:44+00:00\",\"description\":\"Odpov\u00edd\u00e1me na ty nej\u010dast\u011bj\u0161\u00ed ot\u00e1zky o evidenci doch\u00e1zky a pracovn\u00ed doby, na kter\u00e9 jste se b\u00e1li zeptat, zejm\u00e9na ty souvisej\u00edc\u00ed se softwarem.\",\"inLanguage\":\"cs\",\"potentialAction\":[{\"@type\":\"ReadAction\",\"target\":[\"https:\/\/www.jibble.io\/cs\/otazky-o-casu-a-dochazce\"]}]},{\"@type\":\"WebSite\",\"@id\":\"https:\/\/www.jibble.io\/cs#website\",\"url\":\"https:\/\/www.jibble.io\/cs\",\"name\":\"Jibble\",\"description\":\"Meet the new standard in time tracking software\",\"publisher\":{\"@id\":\"https:\/\/www.jibble.io\/cs#organization\"},\"potentialAction\":[{\"@type\":\"SearchAction\",\"target\":{\"@type\":\"EntryPoint\",\"urlTemplate\":\"https:\/\/www.jibble.io\/cs?s={search_term_string}\"},\"query-input\":{\"@type\":\"PropertyValueSpecification\",\"valueRequired\":true,\"valueName\":\"search_term_string\"}}],\"inLanguage\":\"cs\"},{\"@type\":\"Organization\",\"@id\":\"https:\/\/www.jibble.io\/cs#organization\",\"name\":\"Jibble\",\"url\":\"https:\/\/www.jibble.io\/cs\",\"logo\":{\"@type\":\"ImageObject\",\"inLanguage\":\"cs\",\"@id\":\"https:\/\/www.jibble.io\/cs#\/schema\/logo\/image\/\",\"url\":\"https:\/\/www.jibble.io\/wp-content\/uploads\/2022\/05\/Original-copy-923x1024.png\",\"contentUrl\":\"https:\/\/www.jibble.io\/wp-content\/uploads\/2022\/05\/Original-copy-923x1024.png\",\"width\":\"923\",\"height\":\"1024\",\"caption\":\"Jibble\"},\"image\":{\"@id\":\"https:\/\/www.jibble.io\/cs#\/schema\/logo\/image\/\"},\"sameAs\":[\"https:\/\/www.linkedin.com\/company\/jibble\/\"]}]}<\/script>\n<!-- \/ Yoast SEO Premium plugin. -->","yoast_head_json":{"title":"Ot\u00e1zky o \u010dasu a doch\u00e1zce, na kter\u00e9 jste se b\u00e1li zeptat","description":"Odpov\u00edd\u00e1me na ty nej\u010dast\u011bj\u0161\u00ed ot\u00e1zky o evidenci doch\u00e1zky a pracovn\u00ed doby, na kter\u00e9 jste se b\u00e1li zeptat, zejm\u00e9na ty souvisej\u00edc\u00ed se softwarem.","robots":{"index":"index","follow":"follow","max-snippet":"max-snippet:-1","max-image-preview":"max-image-preview:large","max-video-preview":"max-video-preview:-1"},"canonical":"https:\/\/www.jibble.io\/cs\/otazky-o-casu-a-dochazce","og_locale":"cs_CZ","og_type":"article","og_title":"Ot\u00e1zky o \u010dasu a doch\u00e1zce, na kter\u00e9 jste se b\u00e1li zeptat","og_description":"Odpov\u00edd\u00e1me na ty nej\u010dast\u011bj\u0161\u00ed ot\u00e1zky o evidenci doch\u00e1zky a pracovn\u00ed doby, na kter\u00e9 jste se b\u00e1li zeptat, zejm\u00e9na ty souvisej\u00edc\u00ed se softwarem.","og_url":"https:\/\/www.jibble.io\/cs\/otazky-o-casu-a-dochazce","og_site_name":"Jibble","article_modified_time":"2026-01-06T08:19:44+00:00","twitter_card":"summary_large_image","twitter_misc":{"Odhadovan\u00e1 doba \u010dten\u00ed":"9 minut"},"schema":{"@context":"https:\/\/schema.org","@graph":[{"@type":"WebPage","@id":"https:\/\/www.jibble.io\/cs\/otazky-o-casu-a-dochazce","url":"https:\/\/www.jibble.io\/cs\/otazky-o-casu-a-dochazce","name":"Ot\u00e1zky o \u010dasu a doch\u00e1zce, na kter\u00e9 jste se b\u00e1li zeptat","isPartOf":{"@id":"https:\/\/www.jibble.io\/cs#website"},"datePublished":"2022-11-11T01:44:41+00:00","dateModified":"2026-01-06T08:19:44+00:00","description":"Odpov\u00edd\u00e1me na ty nej\u010dast\u011bj\u0161\u00ed ot\u00e1zky o evidenci doch\u00e1zky a pracovn\u00ed doby, na kter\u00e9 jste se b\u00e1li zeptat, zejm\u00e9na ty souvisej\u00edc\u00ed se softwarem.","inLanguage":"cs","potentialAction":[{"@type":"ReadAction","target":["https:\/\/www.jibble.io\/cs\/otazky-o-casu-a-dochazce"]}]},{"@type":"WebSite","@id":"https:\/\/www.jibble.io\/cs#website","url":"https:\/\/www.jibble.io\/cs","name":"Jibble","description":"Meet the new standard in time tracking software","publisher":{"@id":"https:\/\/www.jibble.io\/cs#organization"},"potentialAction":[{"@type":"SearchAction","target":{"@type":"EntryPoint","urlTemplate":"https:\/\/www.jibble.io\/cs?s={search_term_string}"},"query-input":{"@type":"PropertyValueSpecification","valueRequired":true,"valueName":"search_term_string"}}],"inLanguage":"cs"},{"@type":"Organization","@id":"https:\/\/www.jibble.io\/cs#organization","name":"Jibble","url":"https:\/\/www.jibble.io\/cs","logo":{"@type":"ImageObject","inLanguage":"cs","@id":"https:\/\/www.jibble.io\/cs#\/schema\/logo\/image\/","url":"https:\/\/www.jibble.io\/wp-content\/uploads\/2022\/05\/Original-copy-923x1024.png","contentUrl":"https:\/\/www.jibble.io\/wp-content\/uploads\/2022\/05\/Original-copy-923x1024.png","width":"923","height":"1024","caption":"Jibble"},"image":{"@id":"https:\/\/www.jibble.io\/cs#\/schema\/logo\/image\/"},"sameAs":["https:\/\/www.linkedin.com\/company\/jibble\/"]}]}},"_links":{"self":[{"href":"https:\/\/www.jibble.io\/cs\/wp-json\/wp\/v2\/pages\/353821","targetHints":{"allow":["GET"]}}],"collection":[{"href":"https:\/\/www.jibble.io\/cs\/wp-json\/wp\/v2\/pages"}],"about":[{"href":"https:\/\/www.jibble.io\/cs\/wp-json\/wp\/v2\/types\/page"}],"author":[{"embeddable":true,"href":"https:\/\/www.jibble.io\/cs\/wp-json\/wp\/v2\/users\/6"}],"replies":[{"embeddable":true,"href":"https:\/\/www.jibble.io\/cs\/wp-json\/wp\/v2\/comments?post=353821"}],"version-history":[{"count":3,"href":"https:\/\/www.jibble.io\/cs\/wp-json\/wp\/v2\/pages\/353821\/revisions"}],"predecessor-version":[{"id":368351,"href":"https:\/\/www.jibble.io\/cs\/wp-json\/wp\/v2\/pages\/353821\/revisions\/368351"}],"wp:attachment":[{"href":"https:\/\/www.jibble.io\/cs\/wp-json\/wp\/v2\/media?parent=353821"}],"curies":[{"name":"wp","href":"https:\/\/api.w.org\/{rel}","templated":true}]}}