{"id":353755,"date":"2022-09-09T06:35:52","date_gmt":"2022-09-09T05:35:52","guid":{"rendered":"https:\/\/www.jibble.io\/?page_id=353755"},"modified":"2026-01-06T07:20:41","modified_gmt":"2026-01-06T07:20:41","slug":"otazky-ohledne-sledovani-casu","status":"publish","type":"page","link":"https:\/\/www.jibble.io\/cs\/otazky-ohledne-sledovani-casu","title":{"rendered":"Ot\u00e1zky ohledn\u011b sledov\u00e1n\u00ed \u010dasu"},"content":{"rendered":"<p>1<\/p>\n<p>Opravdu pot\u0159ebuje\u0161 sledovat \u010das zam\u011bstnanc\u016f?<\/p>\n<p><span style=\"font-weight: 400;\">Neexistuje \u017e\u00e1dn\u00e1 obecn\u00e1 pot\u0159eba sledovat pracovn\u00ed dobu zam\u011bstnanc\u016f, a ve skute\u010dnosti m\u016f\u017ee b\u00fdt sledov\u00e1n\u00ed pracovn\u00ed doby zam\u011bstnanc\u016f v mnoha p\u0159\u00edpadech zbyte\u010dn\u00e9. Sledov\u00e1n\u00ed \u010dasu je \u0159e\u0161en\u00ed. Pokud nem\u00e1te probl\u00e9m, pak pravd\u011bpodobn\u011b nepot\u0159ebujete \u0159e\u0161en\u00ed. <\/span><\/p>\n<p><span style=\"font-weight: 400;\">Prvn\u00edm krokem je tedy identifikovat probl\u00e9my, kter\u00e9 m\u00e1te s \u0159\u00edzen\u00edm sv\u00fdch zam\u011bstnanc\u016f. Pokud jsou KPI jasn\u00e9 a dodr\u017euj\u00ed se, pak sledov\u00e1n\u00ed \u010dasu nemus\u00ed b\u00fdt p\u0159\u00ednosn\u00e9. Skute\u010dnost je v\u0161ak takov\u00e1, \u017ee ve v\u011bt\u0161in\u011b pracovn\u00edch m\u00edst nen\u00ed zdaleka tak snadn\u00e9 m\u00edt v\u0161echna KPI, kter\u00e1 zahrnuj\u00ed v\u0161echny aspekty pracovn\u00ed role, a pot\u00e9 stanovit rozumn\u00e9 KPI, jak si mnoz\u00ed mysl\u00ed. <\/span><\/p>\n<p>Rozhodl jsem se sledovat \u010das sv\u00fdch zam\u011bstnanc\u016f, ale je software pro sledov\u00e1n\u00ed \u010dasu v\u016fbec nutn\u00fd?<\/p>\n<p><span style=\"font-weight: 400;\">Ne, nen\u00ed v\u016fbec nutn\u00e9 pou\u017e\u00edvat <a href=\"https:\/\/www.jibble.io\/cs\/software-pro-sledovani-casu\">software pro evidenci doch\u00e1zky<\/a>, ale jeho pou\u017eit\u00ed by mohlo \u017eivot zna\u010dn\u011b usnadnit, a t\u00edm u\u0161et\u0159it n\u00e1klady a minimalizovat chyby, zejm\u00e9na pro v\u011bt\u0161\u00ed organizace, kde se \u0159\u00edzen\u00ed \u010dasu m\u016f\u017ee st\u00e1t no\u010dn\u00ed m\u016frou.<\/span><\/p>\n<p>M\u016f\u017ee\u0161 se opravdu obej\u00edt s pou\u017e\u00edv\u00e1n\u00edm bezplatn\u00e9 aplikace pro sledov\u00e1n\u00ed \u010dasu?<\/p>\n<p><span style=\"font-weight: 400;\">Ano. Souhlas\u00edm, bezplatn\u00e1 mo\u017enost nebude fungovat pro ka\u017ed\u00e9ho, ale jsou naprosto \u017eivotaschopn\u00fdm \u0159e\u0161en\u00edm. Nap\u0159\u00edklad u Jibble velk\u00e1 v\u011bt\u0161ina na\u0161ich u\u017eivatel\u016f nikdy neplat\u00ed ani cent. <\/span><\/p>\n<p>Jak\u00fd je rozd\u00edl mezi softwarem pro sledov\u00e1n\u00ed \u010dasu a softwarem pro v\u00fdkazy pr\u00e1ce?<\/p>\n<p><span style=\"font-weight: 400;\">Mezi t\u011bmito dv\u011bma v podstat\u011b nen\u00ed \u017e\u00e1dn\u00fd rozd\u00edl.<\/span><\/p>\n<p><span style=\"font-weight: 400;\">Prvn\u00ed nazna\u010duje, \u017ee software sleduje \u010das, zat\u00edmco druh\u00fd nazna\u010duje vytv\u00e1\u0159en\u00ed v\u00fdkaz\u016f pr\u00e1ce, ale vzhledem k tomu, \u017ee t\u00e9m\u011b\u0159 v\u0161echny softwary pro sledov\u00e1n\u00ed \u010dasu v\u00fdstupuj\u00ed data o sledov\u00e1n\u00ed \u010dasu do v\u00fdkaz\u016f pr\u00e1ce a t\u00e9m\u011b\u0159 v\u0161echny softwary pro v\u00fdkazy pr\u00e1ce z\u00edsk\u00e1vaj\u00ed sv\u00e1 data ze sledovan\u00e9ho \u010dasu, v praxi mezi nimi nen\u00ed \u017e\u00e1dn\u00fd rozd\u00edl.<\/span><\/p>\n<p>Jak\u00fd je rozd\u00edl mezi softwarem pro sledov\u00e1n\u00ed \u010dasu a softwarem pro evidenci doch\u00e1zky?<\/p>\n<p><span style=\"font-weight: 400;\">Software pro sledov\u00e1n\u00ed \u010dasu je \u0161irok\u00fd pojem pro software, kter\u00fd sleduje \u010das, a mohl by b\u00fdt pou\u017eit jak pro zam\u011bstnance pracuj\u00edc\u00ed u stolu, tak pro ty na pracovi\u0161ti. Evidence doch\u00e1zky je podmno\u017einou sledov\u00e1n\u00ed \u010dasu, a vzhledem ke slovu &#8218;doch\u00e1zka&#8216; to nazna\u010duje, \u017ee je ur\u010dena pro zam\u011bstnance na pracovi\u0161ti \u2013 norm\u00e1ln\u011b bys nepou\u017e\u00edval <a href=\"https:\/\/www.jibble.io\/cs\/software-pro-evidenci-dochazky\">software pro evidenci doch\u00e1zky<\/a> pro zam\u011bstnance pracuj\u00edc\u00ed u stolu. <\/span><\/p>\n<p>Zde jsou n\u011bkter\u00e9 <a href=\"https:\/\/www.jibble.io\/cs\/otazky-ohledne-evidence-dochazky-a-pracovni-doby\">ot\u00e1zky a odpov\u011bdi o evidenci doch\u00e1zky<\/a>.<\/p>\n<p>M\u011bl bych zaznamen\u00e1vat obrazovky notebook\u016f sv\u00fdch zam\u011bstnanc\u016f?<\/p>\n<p><span style=\"font-weight: 400;\">To nen\u00ed nejlep\u0161\u00ed n\u00e1pad. Va\u0161i zam\u011bstnanci budou poci\u0165ovat nedostatek d\u016fv\u011bry, nikdo nem\u00e1 r\u00e1d, kdy\u017e je neust\u00e1le sledov\u00e1n, a tak v\u00e1\u0161 nejlep\u0161\u00ed person\u00e1l jednodu\u0161e opust\u00ed spole\u010dnost, a obej\u00edt nahr\u00e1v\u00e1n\u00ed obrazovky je ve skute\u010dnosti pom\u011brn\u011b snadn\u00e9 a zam\u011b\u0159en\u00ed na zaznamenan\u00fd \u010das na obrazovce nam\u00edsto v\u00fdstupu znamen\u00e1, \u017ee se \u010das na obrazovce stane KPI, nikoli v\u00fdstup. Proto d\u00e1v\u00e1 mnohem v\u011bt\u0161\u00ed smysl sledovat \u0161irok\u00e9 aktivity, projekty a\/nebo klienty pro transparentnost a zajistit efektivn\u00ed \u0159\u00edzen\u00ed. <\/span><\/p>\n<p>M\u016f\u017ee zam\u011bstnavatel po\u017eadovat, aby si zam\u011bstnanec st\u00e1hl aplikaci pro sledov\u00e1n\u00ed \u010dasu na sv\u016fj osobn\u00ed mobil?<\/p>\n<p><span style=\"font-weight: 400;\">Obecn\u011b \u0159e\u010deno, ne, zam\u011bstnavatel nem\u016f\u017ee nutit zam\u011bstnance pou\u017e\u00edvat aplikaci na zam\u011bstnancov\u011b mobilu, pokud to nen\u00ed v\u00fdslovn\u011b uvedeno ve smlouv\u011b. Nicm\u00e9n\u011b ve v\u011bt\u0161in\u011b p\u0159\u00edpad\u016f zam\u011bstnavatel a zam\u011bstnanec pot\u0159ebuj\u00ed m\u00edt ur\u010ditou \u00farove\u0148 vz\u00e1jemn\u00e9 vst\u0159\u00edcnosti, aby m\u011bli dobr\u00fd pracovn\u00ed vztah, a zam\u011bstnanec odpov\u00eddaj\u00edc\u00ed na sv\u016fj mobil nebo pou\u017e\u00edvaj\u00edc\u00ed ho ke sledov\u00e1n\u00ed \u010dasu, pokud je o to po\u017e\u00e1d\u00e1n, by se norm\u00e1ln\u011b pova\u017eovalo za rozumn\u00e9. <\/span><\/p>\n<p>Nenaru\u0161uje sledov\u00e1n\u00ed \u010dasu zam\u011bstnanc\u016f d\u016fv\u011bru v t\u00fdmech?<\/p>\n<p><span style=\"font-weight: 400;\">Ano, pokud se stane mikrosledov\u00e1n\u00edm \u010dasu, ne pokud jsou jeho v\u00fdhody dob\u0159e komunikov\u00e1ny, a tato komunikace znamen\u00e1 sd\u011blen\u00ed zam\u011bstnanc\u016fm, jak pom\u00e1h\u00e1 jak zam\u011bstnanci, tak zam\u011bstnavateli.<\/span><\/p>\n<p>Je sledov\u00e1n\u00ed \u010dasu tot\u00e9\u017e co \u0161pehov\u00e1n\u00ed zam\u011bstnanc\u016f?<\/p>\n<p><span style=\"font-weight: 400;\">Pokud zaznamen\u00e1v\u00e1\u0161 obrazovku sv\u00fdch zam\u011bstnanc\u016f, ani\u017e bys jim to \u0159ekl, ano, to se hodn\u011b podob\u00e1 \u0161pehov\u00e1n\u00ed. Ale software pro sledov\u00e1n\u00ed \u010dasu se z\u0159\u00eddka pou\u017e\u00edv\u00e1 t\u00edmto zp\u016fsobem a spr\u00e1vn\u011b prov\u00e1d\u011bn\u00e9 sledov\u00e1n\u00ed \u010dasu by nem\u011blo m\u00edt ani n\u00e1znak \u0161pehov\u00e1n\u00ed. <\/span><\/p>\n<p>Jak vyd\u011bl\u00e1vaj\u00ed 100% BEZPLATN\u00c9 aplikace pro sledov\u00e1n\u00ed \u010dasu?<\/p>\n<p><span style=\"font-weight: 400;\">Nen\u00ed mnoho bezplatn\u00fdch aplikac\u00ed pro v\u00fdkazy pr\u00e1ce, ale ka\u017ed\u00e1 <a href=\"https:\/\/www.jibble.io\/cs\/aplikace-pro-casove-vykazy\">aplikace pro v\u00fdkazy pr\u00e1ce<\/a> vyd\u011bl\u00e1v\u00e1 \u00fa\u010dtov\u00e1n\u00edm za voliteln\u00e1 vylep\u0161en\u00ed.<\/span><\/p>\n<p>Jak m\u00e1m vysv\u011btlit sv\u00fdm zam\u011bstnanc\u016fm, \u017ee za\u010dneme sledovat jejich \u010das?<\/p>\n<p><span style=\"font-weight: 400;\">Komunikace je opravdu d\u016fle\u017eit\u00e1, stejn\u011b jako stanoven\u00ed o\u010dek\u00e1v\u00e1n\u00ed. Zam\u011bstnanc\u016fm placen\u00fdm hodinov\u011b byste m\u011bli vysv\u011btlit, \u017ee sledov\u00e1n\u00ed \u010dasu m\u00e1 chr\u00e1nit jak je, tak i spole\u010dnost. Sledov\u00e1n\u00ed \u010dasu znamen\u00e1, \u017ee zam\u011bstnanci dost\u00e1vaj\u00ed spravedlivou mzdu a zam\u011bstnavatel\u00e9 plat\u00ed spravedliv\u011b. Zam\u011bstnanc\u016fm s pevn\u00fdm platem byste m\u011bli vysv\u011btlit pot\u0159ebu odpov\u011bdnosti. Mana\u017ee\u0159i, kte\u0159\u00ed nev\u011bd\u00ed, na \u010dem jejich zam\u011bstnanci pracuj\u00ed, obvykle nedos\u00e1hnou velk\u00e9ho pokroku. <\/span><\/p>\n<p>M\u011bli by va\u0161i zam\u011bstnanci pracuj\u00edc\u00ed v kancel\u00e1\u0159i sledovat \u010das?<\/p>\n<p><span style=\"font-weight: 400;\">Obecn\u011b nem\u00e1 smysl sledovat doch\u00e1zku va\u0161ich zam\u011bstnanc\u016f pracuj\u00edc\u00edch v kancel\u00e1\u0159i, tj. sledovat, kolik hodin str\u00e1vili u sv\u00e9ho stolu, proto\u017ee to m\u00e1 mal\u00fd v\u00fdznam. \u010casto se v\u0161ak vyplat\u00ed sledovat, kam hodiny sm\u011b\u0159uj\u00ed, tj. aktivity, projekty a\/nebo klienty. Bez takov\u00e9 z\u00e1kladn\u00ed odpov\u011bdnosti je t\u00e9m\u011b\u0159 nemo\u017en\u00e9 efektivn\u011b \u0159\u00eddit v\u011bt\u0161inu zam\u011bstnanc\u016f pracuj\u00edc\u00edch v kancel\u00e1\u0159i. <\/span><\/p>\n<p>Nejsou v\u0161echna softwarov\u00e1 \u0159e\u0161en\u00ed pro sledov\u00e1n\u00ed \u010dasu v podstat\u011b stejn\u00e1?<\/p>\n<p><span style=\"font-weight: 400;\">V\u011bt\u0161ina se skute\u010dn\u011b sna\u017e\u00ed vy\u0159e\u0161it stejn\u00fd probl\u00e9m, tj. sledovat pracovn\u00ed dobu zam\u011bstnanc\u016f. Ka\u017ed\u00fd z nich se v\u0161ak zam\u011b\u0159uje na n\u011bco jin\u00e9ho, m\u00e1 r\u016fzn\u00e9 softwarov\u00e9 integrace, siln\u00e9 str\u00e1nky, cenu a, co\u017e je mo\u017en\u00e1 nejd\u016fle\u017eit\u011bj\u0161\u00ed, ka\u017ed\u00fd m\u00e1 r\u016fznou \u00farove\u0148 proveden\u00ed \u2013 aplikace pro sledov\u00e1n\u00ed \u010dasu, kter\u00e1 zam\u011bstnanc\u016fm zt\u011b\u017euje skute\u010dn\u00e9 sledov\u00e1n\u00ed \u010dasu, nakonec zp\u016fsob\u00ed mnohem v\u00edce probl\u00e9m\u016f, ne\u017e vy\u0159e\u0161\u00ed. <\/span><\/p>\n<p>Jak\u00fdch je 5 kl\u00ed\u010dov\u00fdch v\u011bc\u00ed, kter\u00e9 je t\u0159eba hledat v \u0159e\u0161en\u00ed pro sledov\u00e1n\u00ed \u010dasu?<\/p>\n<ol>\n<li><span style=\"font-weight: 400;\">Vyu\u017eijte zku\u0161enosti st\u00e1vaj\u00edc\u00edch u\u017eivatel\u016f, tak\u017ee se pod\u00edvejte na recenze.<\/span><\/li>\n<li><span style=\"font-weight: 400;\"> Pokud se integruje s aplikacemi, kter\u00e9 ji\u017e pou\u017e\u00edv\u00e1te, u\u0161et\u0159\u00edte spoustu \u010dasu synchronizac\u00ed zam\u011bstnanc\u016f a dat.<\/span><\/li>\n<li><span style=\"font-weight: 400;\"> Pokud je pro v\u00e1s obt\u00ed\u017en\u00e9 z\u00edskat bezplatnou zku\u0161ebn\u00ed verzi, a pokud v\u00e1m bezplatn\u00e1 zku\u0161ebn\u00ed verze nen\u00ed vnucov\u00e1na, m\u011blo by to b\u00fdt varovn\u00fdm sign\u00e1lem. Pokud je to skv\u011bl\u00fd software, budou cht\u00edt, abyste si ho vyzkou\u0161eli. <\/span><\/li>\n<li><span style=\"font-weight: 400;\"> N\u011bkolikr\u00e1t kontaktujte z\u00e1kaznickou podporu a otestujte ji. A\u017e budete m\u00edt pot\u00ed\u017ee, skv\u011bl\u00e1 z\u00e1kaznick\u00e1 podpora v\u00e1m zachr\u00e1n\u00ed \u017eivot, nepodce\u0148ujte ji. <\/span><\/li>\n<li><span style=\"font-weight: 400;\"> Vyberte si aplikaci, kter\u00e1 ned\u011bl\u00e1 nic jin\u00e9ho ne\u017e sledov\u00e1n\u00ed \u010dasu, jej\u00ed zam\u011b\u0159en\u00ed znamen\u00e1, \u017ee pravd\u011bpodobn\u011b odvede mnohem lep\u0161\u00ed pr\u00e1ci ne\u017e obecn\u00e1 HR \u0159e\u0161en\u00ed.<\/span><\/li>\n<\/ol>\n<p>Nen\u00ed sledov\u00e1n\u00ed pracovn\u00ed doby zam\u011bstnanc\u016f nez\u00e1konn\u00e9?<\/p>\n<p><span style=\"font-weight: 400;\">Sledov\u00e1n\u00ed pracovn\u00ed doby zam\u011bstnanc\u016f nen\u00ed nez\u00e1konn\u00e9 v \u017e\u00e1dn\u00e9 jurisdikci na sv\u011bt\u011b. Ve skute\u010dnosti se v mnoha, mo\u017en\u00e1 i ve v\u011bt\u0161in\u011b, rozvinut\u00fdch zem\u00ed stalo sledov\u00e1n\u00ed \u010dasu n\u011bjak\u00fdm zp\u016fsobem, tvarem nebo formou povinn\u00fdm ze z\u00e1kona, aby byli zam\u011bstnanci chr\u00e1n\u011bni p\u0159ed p\u0159epracov\u00e1n\u00edm a aby jim byly zaji\u0161t\u011bny ve\u0161ker\u00e9 dlu\u017en\u00e9 p\u0159es\u010dasy, ale nedostatek pov\u011bdom\u00ed znamen\u00e1, \u017ee takov\u00e9 z\u00e1kony jsou z\u0159\u00eddka vym\u00e1h\u00e1ny. <\/span><\/p>\n<p>Nen\u00ed sledov\u00e1n\u00ed \u010dasu formou mikromanagementu?<\/p>\n<p><span style=\"font-weight: 400;\">M\u016f\u017ee b\u00fdt, ale nemus\u00ed. Pokud sledujete doch\u00e1zku, je nutn\u00e9 zajistit, aby zam\u011bstnanci p\u0159ich\u00e1zeli v\u010das, nebo aby byla spr\u00e1vn\u011b provedena v\u00fdplata. Pokud sledujete \u010das zam\u011bstnanc\u016f pracuj\u00edc\u00edch v kancel\u00e1\u0159i, nahr\u00e1v\u00e1n\u00ed obrazovek se bl\u00ed\u017e\u00ed mikromanagementu. Zaznamen\u00e1v\u00e1n\u00ed \u0161iroce zalo\u017een\u00fdch aktivit je jen o tom, abyste si byli v\u011bdomi toho, kam jsou va\u0161e lidsk\u00e9 zdroje nasazeny, a je to obvykle nezbytn\u00e9 pro \u0159\u00edzen\u00ed. <\/span><\/p>\n<p>Jak\u00fd software pro sledov\u00e1n\u00ed \u010dasu pou\u017e\u00edv\u00e1 Tesla?<\/p>\n<p><span style=\"font-weight: 400;\">Od roku 2022 pou\u017e\u00edv\u00e1 Tesla ke sledov\u00e1n\u00ed pracovn\u00ed doby zam\u011bstnanc\u016f Jibble.<\/span><\/p>\n<p>Nen\u00ed sledov\u00e1n\u00ed \u010dasu tak star\u00e1 \u0161kola?<\/p>\n<p><span style=\"font-weight: 400;\">Mikromanagement zam\u011bstnanc\u016f do t\u00e9 m\u00edry, \u017ee jsou nahr\u00e1v\u00e1ny jejich obrazovky, nen\u00ed star\u00e1 \u0161kola, proto\u017ee je to pom\u011brn\u011b ned\u00e1vn\u00e1 inovace, ale koncept p\u0159esn\u00e9ho znalosti ka\u017ed\u00e9ho detailu toho, co va\u0161i zam\u011bstnanci d\u011blaj\u00ed, je skute\u010dn\u011b star\u00e1 \u0161kola. To u\u017e prost\u011b nefunguje. Nicm\u00e9n\u011b, pou\u017e\u00edv\u00e1n\u00ed <a href=\"https:\/\/www.jibble.io\/cs\/sledovani-dochazky\">aplikace pro sledov\u00e1n\u00ed doch\u00e1zky zam\u011bstnanc\u016f<\/a> nebo sledova\u010de \u010dasu k obecn\u00e9mu pochopen\u00ed toho, kam sm\u011b\u0159uj\u00ed hodiny va\u0161ich zam\u011bstnanc\u016f, je nezbytnou sou\u010d\u00e1st\u00ed efektivn\u00edho \u0159\u00edzen\u00ed. <\/span><\/p>\n<p>Jak se m\u016f\u017ee software pro sledov\u00e1n\u00ed \u010dasu st\u00e1t pozitivn\u00ed zku\u0161enost\u00ed pro zam\u011bstnance?<\/p>\n<p><span style=\"font-weight: 400;\">Zam\u011bstnavatel\u00e9 by m\u011bli sv\u00e9 zam\u011bstnance p\u0159esv\u011bd\u010dit o d\u016fle\u017eitosti pou\u017e\u00edv\u00e1n\u00ed <a href=\"https:\/\/www.jibble.io\/work-hours-tracker\">sledova\u010de pracovn\u00ed doby<\/a>. Nen\u00ed to proto, abyste je mohli mikromanagovat nebo \u0161pehovat, ale proto, aby bylo zaji\u0161t\u011bno odpov\u00eddaj\u00edc\u00ed rozlo\u017een\u00ed pracovn\u00ed z\u00e1t\u011b\u017ee a aby byly identifikov\u00e1ny a p\u0159edch\u00e1zeno z\u00e1va\u017en\u00fdm p\u0159\u00edpad\u016fm vyho\u0159en\u00ed. Nap\u0159\u00edklad mana\u017ee\u0159i by si mohli v\u0161imnout, \u017ee se jejich zam\u011bstnanec sna\u017e\u00ed dokon\u010dit \u00fakoly nebo tr\u00e1v\u00ed v\u00edce \u010dasu, ale s mal\u00fdm nebo \u017e\u00e1dn\u00fdm pokrokem, pak by si s nimi mohli promluvit nebo jim nab\u00eddnout n\u011bjak\u00fd \u010das na zotaven\u00ed. <\/span><\/p>\n<p>Pro\u010d Google nevytvo\u0159\u00ed software pro sledov\u00e1n\u00ed pracovn\u00ed doby zam\u011bstnanc\u016f a nep\u0159evezme trh?<\/p>\n<p>Sledov\u00e1n\u00ed \u010dasu je skute\u010dn\u011b velk\u00fd byznys. Odhadujeme, \u017ee sou\u010dasn\u00e1 hodnota v\u0161ech podnik\u016f se softwarem pro sledov\u00e1n\u00ed \u010dasu je v regionu 100 miliard dolar\u016f, pro Google Alphabet by se to absolutn\u011b vyplatilo, kdyby mohl z\u00edskat 1\/3 z toho.<\/p>\n<p>Ale sledov\u00e1n\u00ed \u010dasu nen\u00ed sou\u010d\u00e1st\u00ed zam\u011b\u0159en\u00ed spole\u010dnosti Google, nezapadalo by dob\u0159e do jej\u00ed sou\u010dasn\u00e9 nab\u00eddky produkt\u016f a sledov\u00e1n\u00ed \u010dasu je ve skute\u010dnosti velmi \u0161irok\u00fd prostor, kter\u00fd je nejl\u00e9pe obsluhov\u00e1n specializovan\u00fdmi hr\u00e1\u010di zam\u011b\u0159uj\u00edc\u00edmi se na r\u016fzn\u00e9 segmenty. Google nem\u016f\u017ee d\u011blat v\u0161echno, a tak by pro Google bylo nakonec velmi obt\u00ed\u017en\u00e9 z\u00edskat 1\/3 pod\u00edl na trhu nebo se k n\u011bmu alespo\u0148 p\u0159ibl\u00ed\u017eit, a maj\u00ed to, co by pova\u017eovali za zaj\u00edmav\u011bj\u0161\u00ed v\u011bci, na kter\u00e9 se zam\u011b\u0159it.<\/p>\n<p>Co je PTO?<\/p>\n<p>PTO je zkratka pro Paid Time Off (placen\u00e9 volno), v\u011bt\u0161ina sv\u011bta mimo USA to naz\u00fdv\u00e1 \u201edovolen\u00e1\u201c. A tak <a href=\"https:\/\/www.jibble.io\/pto-tracking-software\">software pro sledov\u00e1n\u00ed PTO<\/a> je tot\u00e9\u017e co software pro sledov\u00e1n\u00ed dovolen\u00e9.<\/p>\n<p>Existuje opravdu 100% bezplatn\u00fd software pro sledov\u00e1n\u00ed \u010dasu?<\/p>\n<p>Ano, existuje, a jmenuje se Jibble. Jibble je 100% ZDARMA pro velkou v\u011bt\u0161inu podnik\u016f, kter\u00e9 jej pou\u017e\u00edvaj\u00ed, nikdy neplat\u00ed ani cent, nikdy nemus\u00ed zad\u00e1vat \u017e\u00e1dn\u00e9 \u00fadaje o kreditn\u00ed kart\u011b a mohou jej kdykoli zru\u0161it.<\/p>\n<p>Je software pro sledov\u00e1n\u00ed \u010dasu nejjednodu\u0161\u0161\u00edm \u0159e\u0161en\u00edm pro sledov\u00e1n\u00ed \u010dasu?<\/p>\n<p>Ne nutn\u011b, pro mal\u00e9 t\u00fdmy s velmi z\u00e1kladn\u00edmi pot\u0159ebami je <a href=\"https:\/\/www.jibble.io\/work-hours-and-timecard-calculator\">kalkula\u010dka pracovn\u00ed doby<\/a> mo\u017en\u00e1 v\u0161e, co pot\u0159ebujete.<\/p>\n<p>Sledovali byste si vlastn\u00ed hodiny a pomoc\u00ed kalkula\u010dky byste si spo\u010d\u00edtali celkov\u00fd po\u010det hodin pro v\u00fdplatu. Nen\u00ed ani nutn\u00e9 vytv\u00e1\u0159et \u00fa\u010det.<\/p>\n<p>M\u016f\u017eete si vytisknout <a href=\"https:\/\/www.jibble.io\/cs\/sablona-dochazky\">\u0161ablony v\u00fdkaz\u016f pr\u00e1ce<\/a>, kam by se zaznamen\u00e1val \u010das.<\/p>\n","protected":false},"excerpt":{"rendered":"<p>1 Opravdu pot\u0159ebuje\u0161 sledovat \u010das zam\u011bstnanc\u016f? Neexistuje \u017e\u00e1dn\u00e1 obecn\u00e1 pot\u0159eba sledovat pracovn\u00ed dobu zam\u011bstnanc\u016f, a ve skute\u010dnosti m\u016f\u017ee b\u00fdt sledov\u00e1n\u00ed pracovn\u00ed doby zam\u011bstnanc\u016f v mnoha p\u0159\u00edpadech zbyte\u010dn\u00e9. Sledov\u00e1n\u00ed \u010dasu je \u0159e\u0161en\u00ed. Pokud nem\u00e1te probl\u00e9m, pak pravd\u011bpodobn\u011b nepot\u0159ebujete \u0159e\u0161en\u00ed. Prvn\u00edm krokem je tedy identifikovat probl\u00e9my, kter\u00e9 m\u00e1te s \u0159\u00edzen\u00edm sv\u00fdch zam\u011bstnanc\u016f. Pokud jsou KPI jasn\u00e9 a [&hellip;]<\/p>\n","protected":false},"author":6,"featured_media":0,"parent":0,"menu_order":0,"comment_status":"closed","ping_status":"closed","template":"page-blank.php","meta":{"_acf_changed":false,"footnotes":""},"class_list":["post-353755","page","type-page","status-publish","hentry"],"acf":[],"yoast_head":"<!-- This site is optimized with the Yoast SEO Premium plugin v26.8 (Yoast SEO v26.8) - https:\/\/yoast.com\/product\/yoast-seo-premium-wordpress\/ -->\n<title>Ot\u00e1zky o sledov\u00e1n\u00ed \u010dasu, na kter\u00e9 jste se b\u00e1li zeptat<\/title>\n<meta name=\"description\" content=\"Je sledov\u00e1n\u00ed \u010dasu nezbytn\u00e9? Jak m\u016f\u017eete sledovat \u010das? Odpov\u011bdi na tyto a dal\u0161\u00ed ot\u00e1zky najdete v tomto rychl\u00e9m pr\u016fvodci.\" \/>\n<meta name=\"robots\" content=\"index, follow, max-snippet:-1, max-image-preview:large, max-video-preview:-1\" \/>\n<link rel=\"canonical\" href=\"https:\/\/www.jibble.io\/cs\/otazky-ohledne-sledovani-casu\" \/>\n<meta property=\"og:locale\" content=\"cs_CZ\" \/>\n<meta property=\"og:type\" content=\"article\" \/>\n<meta property=\"og:title\" content=\"Ot\u00e1zky o sledov\u00e1n\u00ed \u010dasu, na kter\u00e9 jste se b\u00e1li zeptat\" \/>\n<meta property=\"og:description\" content=\"Je sledov\u00e1n\u00ed \u010dasu nezbytn\u00e9? Jak m\u016f\u017eete sledovat \u010das? Odpov\u011bdi na tyto a dal\u0161\u00ed ot\u00e1zky najdete v tomto rychl\u00e9m pr\u016fvodci.\" \/>\n<meta property=\"og:url\" content=\"https:\/\/www.jibble.io\/cs\/otazky-ohledne-sledovani-casu\" \/>\n<meta property=\"og:site_name\" content=\"Jibble\" \/>\n<meta property=\"article:modified_time\" content=\"2026-01-06T07:20:41+00:00\" \/>\n<meta name=\"twitter:card\" content=\"summary_large_image\" \/>\n<meta name=\"twitter:label1\" content=\"Odhadovan\u00e1 doba \u010dten\u00ed\" \/>\n\t<meta name=\"twitter:data1\" content=\"14 minut\" \/>\n<script type=\"application\/ld+json\" class=\"yoast-schema-graph\">{\"@context\":\"https:\/\/schema.org\",\"@graph\":[{\"@type\":\"WebPage\",\"@id\":\"https:\/\/www.jibble.io\/cs\/otazky-ohledne-sledovani-casu\",\"url\":\"https:\/\/www.jibble.io\/cs\/otazky-ohledne-sledovani-casu\",\"name\":\"Ot\u00e1zky o sledov\u00e1n\u00ed \u010dasu, na kter\u00e9 jste se b\u00e1li zeptat\",\"isPartOf\":{\"@id\":\"https:\/\/www.jibble.io\/cs#website\"},\"datePublished\":\"2022-09-09T05:35:52+00:00\",\"dateModified\":\"2026-01-06T07:20:41+00:00\",\"description\":\"Je sledov\u00e1n\u00ed \u010dasu nezbytn\u00e9? Jak m\u016f\u017eete sledovat \u010das? Odpov\u011bdi na tyto a dal\u0161\u00ed ot\u00e1zky najdete v tomto rychl\u00e9m pr\u016fvodci.\",\"inLanguage\":\"cs\",\"potentialAction\":[{\"@type\":\"ReadAction\",\"target\":[\"https:\/\/www.jibble.io\/cs\/otazky-ohledne-sledovani-casu\"]}]},{\"@type\":\"WebSite\",\"@id\":\"https:\/\/www.jibble.io\/cs#website\",\"url\":\"https:\/\/www.jibble.io\/cs\",\"name\":\"Jibble\",\"description\":\"Meet the new standard in time tracking software\",\"publisher\":{\"@id\":\"https:\/\/www.jibble.io\/cs#organization\"},\"potentialAction\":[{\"@type\":\"SearchAction\",\"target\":{\"@type\":\"EntryPoint\",\"urlTemplate\":\"https:\/\/www.jibble.io\/cs?s={search_term_string}\"},\"query-input\":{\"@type\":\"PropertyValueSpecification\",\"valueRequired\":true,\"valueName\":\"search_term_string\"}}],\"inLanguage\":\"cs\"},{\"@type\":\"Organization\",\"@id\":\"https:\/\/www.jibble.io\/cs#organization\",\"name\":\"Jibble\",\"url\":\"https:\/\/www.jibble.io\/cs\",\"logo\":{\"@type\":\"ImageObject\",\"inLanguage\":\"cs\",\"@id\":\"https:\/\/www.jibble.io\/cs#\/schema\/logo\/image\/\",\"url\":\"https:\/\/www.jibble.io\/wp-content\/uploads\/2022\/05\/Original-copy-923x1024.png\",\"contentUrl\":\"https:\/\/www.jibble.io\/wp-content\/uploads\/2022\/05\/Original-copy-923x1024.png\",\"width\":\"923\",\"height\":\"1024\",\"caption\":\"Jibble\"},\"image\":{\"@id\":\"https:\/\/www.jibble.io\/cs#\/schema\/logo\/image\/\"},\"sameAs\":[\"https:\/\/www.linkedin.com\/company\/jibble\/\"]}]}<\/script>\n<!-- \/ Yoast SEO Premium plugin. -->","yoast_head_json":{"title":"Ot\u00e1zky o sledov\u00e1n\u00ed \u010dasu, na kter\u00e9 jste se b\u00e1li zeptat","description":"Je sledov\u00e1n\u00ed \u010dasu nezbytn\u00e9? Jak m\u016f\u017eete sledovat \u010das? Odpov\u011bdi na tyto a dal\u0161\u00ed ot\u00e1zky najdete v tomto rychl\u00e9m pr\u016fvodci.","robots":{"index":"index","follow":"follow","max-snippet":"max-snippet:-1","max-image-preview":"max-image-preview:large","max-video-preview":"max-video-preview:-1"},"canonical":"https:\/\/www.jibble.io\/cs\/otazky-ohledne-sledovani-casu","og_locale":"cs_CZ","og_type":"article","og_title":"Ot\u00e1zky o sledov\u00e1n\u00ed \u010dasu, na kter\u00e9 jste se b\u00e1li zeptat","og_description":"Je sledov\u00e1n\u00ed \u010dasu nezbytn\u00e9? Jak m\u016f\u017eete sledovat \u010das? Odpov\u011bdi na tyto a dal\u0161\u00ed ot\u00e1zky najdete v tomto rychl\u00e9m pr\u016fvodci.","og_url":"https:\/\/www.jibble.io\/cs\/otazky-ohledne-sledovani-casu","og_site_name":"Jibble","article_modified_time":"2026-01-06T07:20:41+00:00","twitter_card":"summary_large_image","twitter_misc":{"Odhadovan\u00e1 doba \u010dten\u00ed":"14 minut"},"schema":{"@context":"https:\/\/schema.org","@graph":[{"@type":"WebPage","@id":"https:\/\/www.jibble.io\/cs\/otazky-ohledne-sledovani-casu","url":"https:\/\/www.jibble.io\/cs\/otazky-ohledne-sledovani-casu","name":"Ot\u00e1zky o sledov\u00e1n\u00ed \u010dasu, na kter\u00e9 jste se b\u00e1li zeptat","isPartOf":{"@id":"https:\/\/www.jibble.io\/cs#website"},"datePublished":"2022-09-09T05:35:52+00:00","dateModified":"2026-01-06T07:20:41+00:00","description":"Je sledov\u00e1n\u00ed \u010dasu nezbytn\u00e9? Jak m\u016f\u017eete sledovat \u010das? Odpov\u011bdi na tyto a dal\u0161\u00ed ot\u00e1zky najdete v tomto rychl\u00e9m pr\u016fvodci.","inLanguage":"cs","potentialAction":[{"@type":"ReadAction","target":["https:\/\/www.jibble.io\/cs\/otazky-ohledne-sledovani-casu"]}]},{"@type":"WebSite","@id":"https:\/\/www.jibble.io\/cs#website","url":"https:\/\/www.jibble.io\/cs","name":"Jibble","description":"Meet the new standard in time tracking software","publisher":{"@id":"https:\/\/www.jibble.io\/cs#organization"},"potentialAction":[{"@type":"SearchAction","target":{"@type":"EntryPoint","urlTemplate":"https:\/\/www.jibble.io\/cs?s={search_term_string}"},"query-input":{"@type":"PropertyValueSpecification","valueRequired":true,"valueName":"search_term_string"}}],"inLanguage":"cs"},{"@type":"Organization","@id":"https:\/\/www.jibble.io\/cs#organization","name":"Jibble","url":"https:\/\/www.jibble.io\/cs","logo":{"@type":"ImageObject","inLanguage":"cs","@id":"https:\/\/www.jibble.io\/cs#\/schema\/logo\/image\/","url":"https:\/\/www.jibble.io\/wp-content\/uploads\/2022\/05\/Original-copy-923x1024.png","contentUrl":"https:\/\/www.jibble.io\/wp-content\/uploads\/2022\/05\/Original-copy-923x1024.png","width":"923","height":"1024","caption":"Jibble"},"image":{"@id":"https:\/\/www.jibble.io\/cs#\/schema\/logo\/image\/"},"sameAs":["https:\/\/www.linkedin.com\/company\/jibble\/"]}]}},"_links":{"self":[{"href":"https:\/\/www.jibble.io\/cs\/wp-json\/wp\/v2\/pages\/353755","targetHints":{"allow":["GET"]}}],"collection":[{"href":"https:\/\/www.jibble.io\/cs\/wp-json\/wp\/v2\/pages"}],"about":[{"href":"https:\/\/www.jibble.io\/cs\/wp-json\/wp\/v2\/types\/page"}],"author":[{"embeddable":true,"href":"https:\/\/www.jibble.io\/cs\/wp-json\/wp\/v2\/users\/6"}],"replies":[{"embeddable":true,"href":"https:\/\/www.jibble.io\/cs\/wp-json\/wp\/v2\/comments?post=353755"}],"version-history":[{"count":2,"href":"https:\/\/www.jibble.io\/cs\/wp-json\/wp\/v2\/pages\/353755\/revisions"}],"predecessor-version":[{"id":368337,"href":"https:\/\/www.jibble.io\/cs\/wp-json\/wp\/v2\/pages\/353755\/revisions\/368337"}],"wp:attachment":[{"href":"https:\/\/www.jibble.io\/cs\/wp-json\/wp\/v2\/media?parent=353755"}],"curies":[{"name":"wp","href":"https:\/\/api.w.org\/{rel}","templated":true}]}}