{"id":353727,"date":"2024-02-13T06:52:34","date_gmt":"2024-02-13T06:52:34","guid":{"rendered":"https:\/\/www.jibble.io\/?page_id=353727"},"modified":"2026-04-06T19:44:18","modified_gmt":"2026-04-06T18:44:18","slug":"plany-upgradu","status":"publish","type":"page","link":"https:\/\/www.jibble.io\/cs\/plany-upgradu","title":{"rendered":"Pl\u00e1ny upgradu"},"content":{"rendered":"","protected":false},"excerpt":{"rendered":"","protected":false},"author":87,"featured_media":0,"parent":0,"menu_order":0,"comment_status":"closed","ping_status":"closed","template":"page-pricing.php","meta":{"_acf_changed":false,"footnotes":""},"class_list":["post-353727","page","type-page","status-publish","hentry"],"acf":[],"yoast_head":"<!-- This site is optimized with the Yoast SEO Premium plugin v26.8 (Yoast SEO v26.8) - https:\/\/yoast.com\/product\/yoast-seo-premium-wordpress\/ -->\n<title>Pl\u00e1ny upgradu | Bezplatn\u00e9 sledov\u00e1n\u00ed \u010dasu<\/title>\n<meta name=\"description\" content=\"Bezplatn\u00e1 aplikace pro sledov\u00e1n\u00ed \u010dasu. Pou\u017e\u00edvaj\u00ed ji des\u00edtky tis\u00edc u\u017eivatel\u016f firem v\u0161ech velikost\u00ed po cel\u00e9m sv\u011bt\u011b. Za\u010dn\u011bte hned, je to zdarma!\" \/>\n<meta name=\"robots\" content=\"index, follow, max-snippet:-1, max-image-preview:large, max-video-preview:-1\" \/>\n<link rel=\"canonical\" href=\"https:\/\/www.jibble.io\/cs\/plany-upgradu\" \/>\n<meta property=\"og:locale\" content=\"cs_CZ\" \/>\n<meta property=\"og:type\" content=\"article\" \/>\n<meta property=\"og:title\" content=\"Pl\u00e1ny upgradu | Bezplatn\u00e9 sledov\u00e1n\u00ed \u010dasu\" \/>\n<meta property=\"og:description\" content=\"Bezplatn\u00e1 aplikace pro sledov\u00e1n\u00ed \u010dasu. Pou\u017e\u00edvaj\u00ed ji des\u00edtky tis\u00edc u\u017eivatel\u016f firem v\u0161ech velikost\u00ed po cel\u00e9m sv\u011bt\u011b. Za\u010dn\u011bte hned, je to zdarma!\" \/>\n<meta property=\"og:url\" content=\"https:\/\/www.jibble.io\/cs\/plany-upgradu\" \/>\n<meta property=\"og:site_name\" content=\"Jibble\" \/>\n<meta property=\"article:modified_time\" content=\"2026-04-06T18:44:18+00:00\" \/>\n<meta name=\"twitter:card\" content=\"summary_large_image\" \/>\n<meta name=\"twitter:label1\" content=\"Odhadovan\u00e1 doba \u010dten\u00ed\" \/>\n\t<meta name=\"twitter:data1\" content=\"10 minut\" \/>\n<script type=\"application\/ld+json\" class=\"yoast-schema-graph\">{\"@context\":\"https:\/\/schema.org\",\"@graph\":[{\"@type\":\"WebPage\",\"@id\":\"https:\/\/www.jibble.io\/cs\/plany-upgradu\",\"url\":\"https:\/\/www.jibble.io\/cs\/plany-upgradu\",\"name\":\"Pl\u00e1ny upgradu | Bezplatn\u00e9 sledov\u00e1n\u00ed \u010dasu\",\"isPartOf\":{\"@id\":\"https:\/\/www.jibble.io\/cs#website\"},\"datePublished\":\"2024-02-13T06:52:34+00:00\",\"dateModified\":\"2026-04-06T18:44:18+00:00\",\"description\":\"Bezplatn\u00e1 aplikace pro sledov\u00e1n\u00ed \u010dasu. Pou\u017e\u00edvaj\u00ed ji des\u00edtky tis\u00edc u\u017eivatel\u016f firem v\u0161ech velikost\u00ed po cel\u00e9m sv\u011bt\u011b. Za\u010dn\u011bte hned, je to zdarma!\",\"inLanguage\":\"cs\",\"potentialAction\":[{\"@type\":\"ReadAction\",\"target\":[\"https:\/\/www.jibble.io\/cs\/plany-upgradu\"]}]},{\"@type\":\"WebSite\",\"@id\":\"https:\/\/www.jibble.io\/cs#website\",\"url\":\"https:\/\/www.jibble.io\/cs\",\"name\":\"Jibble\",\"description\":\"Meet the new standard in time tracking software\",\"publisher\":{\"@id\":\"https:\/\/www.jibble.io\/cs#organization\"},\"potentialAction\":[{\"@type\":\"SearchAction\",\"target\":{\"@type\":\"EntryPoint\",\"urlTemplate\":\"https:\/\/www.jibble.io\/cs?s={search_term_string}\"},\"query-input\":{\"@type\":\"PropertyValueSpecification\",\"valueRequired\":true,\"valueName\":\"search_term_string\"}}],\"inLanguage\":\"cs\"},{\"@type\":\"Organization\",\"@id\":\"https:\/\/www.jibble.io\/cs#organization\",\"name\":\"Jibble\",\"url\":\"https:\/\/www.jibble.io\/cs\",\"logo\":{\"@type\":\"ImageObject\",\"inLanguage\":\"cs\",\"@id\":\"https:\/\/www.jibble.io\/cs#\/schema\/logo\/image\/\",\"url\":\"https:\/\/www.jibble.io\/wp-content\/uploads\/2022\/05\/Original-copy-923x1024.png\",\"contentUrl\":\"https:\/\/www.jibble.io\/wp-content\/uploads\/2022\/05\/Original-copy-923x1024.png\",\"width\":\"923\",\"height\":\"1024\",\"caption\":\"Jibble\"},\"image\":{\"@id\":\"https:\/\/www.jibble.io\/cs#\/schema\/logo\/image\/\"},\"sameAs\":[\"https:\/\/www.linkedin.com\/company\/jibble\/\"]}]}<\/script>\n<!-- \/ Yoast SEO Premium plugin. -->","yoast_head_json":{"title":"Pl\u00e1ny upgradu | Bezplatn\u00e9 sledov\u00e1n\u00ed \u010dasu","description":"Bezplatn\u00e1 aplikace pro sledov\u00e1n\u00ed \u010dasu. Pou\u017e\u00edvaj\u00ed ji des\u00edtky tis\u00edc u\u017eivatel\u016f firem v\u0161ech velikost\u00ed po cel\u00e9m sv\u011bt\u011b. Za\u010dn\u011bte hned, je to zdarma!","robots":{"index":"index","follow":"follow","max-snippet":"max-snippet:-1","max-image-preview":"max-image-preview:large","max-video-preview":"max-video-preview:-1"},"canonical":"https:\/\/www.jibble.io\/cs\/plany-upgradu","og_locale":"cs_CZ","og_type":"article","og_title":"Pl\u00e1ny upgradu | Bezplatn\u00e9 sledov\u00e1n\u00ed \u010dasu","og_description":"Bezplatn\u00e1 aplikace pro sledov\u00e1n\u00ed \u010dasu. Pou\u017e\u00edvaj\u00ed ji des\u00edtky tis\u00edc u\u017eivatel\u016f firem v\u0161ech velikost\u00ed po cel\u00e9m sv\u011bt\u011b. Za\u010dn\u011bte hned, je to zdarma!","og_url":"https:\/\/www.jibble.io\/cs\/plany-upgradu","og_site_name":"Jibble","article_modified_time":"2026-04-06T18:44:18+00:00","twitter_card":"summary_large_image","twitter_misc":{"Odhadovan\u00e1 doba \u010dten\u00ed":"10 minut"},"schema":{"@context":"https:\/\/schema.org","@graph":[{"@type":"WebPage","@id":"https:\/\/www.jibble.io\/cs\/plany-upgradu","url":"https:\/\/www.jibble.io\/cs\/plany-upgradu","name":"Pl\u00e1ny upgradu | Bezplatn\u00e9 sledov\u00e1n\u00ed \u010dasu","isPartOf":{"@id":"https:\/\/www.jibble.io\/cs#website"},"datePublished":"2024-02-13T06:52:34+00:00","dateModified":"2026-04-06T18:44:18+00:00","description":"Bezplatn\u00e1 aplikace pro sledov\u00e1n\u00ed \u010dasu. Pou\u017e\u00edvaj\u00ed ji des\u00edtky tis\u00edc u\u017eivatel\u016f firem v\u0161ech velikost\u00ed po cel\u00e9m sv\u011bt\u011b. Za\u010dn\u011bte hned, je to zdarma!","inLanguage":"cs","potentialAction":[{"@type":"ReadAction","target":["https:\/\/www.jibble.io\/cs\/plany-upgradu"]}]},{"@type":"WebSite","@id":"https:\/\/www.jibble.io\/cs#website","url":"https:\/\/www.jibble.io\/cs","name":"Jibble","description":"Meet the new standard in time tracking software","publisher":{"@id":"https:\/\/www.jibble.io\/cs#organization"},"potentialAction":[{"@type":"SearchAction","target":{"@type":"EntryPoint","urlTemplate":"https:\/\/www.jibble.io\/cs?s={search_term_string}"},"query-input":{"@type":"PropertyValueSpecification","valueRequired":true,"valueName":"search_term_string"}}],"inLanguage":"cs"},{"@type":"Organization","@id":"https:\/\/www.jibble.io\/cs#organization","name":"Jibble","url":"https:\/\/www.jibble.io\/cs","logo":{"@type":"ImageObject","inLanguage":"cs","@id":"https:\/\/www.jibble.io\/cs#\/schema\/logo\/image\/","url":"https:\/\/www.jibble.io\/wp-content\/uploads\/2022\/05\/Original-copy-923x1024.png","contentUrl":"https:\/\/www.jibble.io\/wp-content\/uploads\/2022\/05\/Original-copy-923x1024.png","width":"923","height":"1024","caption":"Jibble"},"image":{"@id":"https:\/\/www.jibble.io\/cs#\/schema\/logo\/image\/"},"sameAs":["https:\/\/www.linkedin.com\/company\/jibble\/"]}]}},"_links":{"self":[{"href":"https:\/\/www.jibble.io\/cs\/wp-json\/wp\/v2\/pages\/353727","targetHints":{"allow":["GET"]}}],"collection":[{"href":"https:\/\/www.jibble.io\/cs\/wp-json\/wp\/v2\/pages"}],"about":[{"href":"https:\/\/www.jibble.io\/cs\/wp-json\/wp\/v2\/types\/page"}],"author":[{"embeddable":true,"href":"https:\/\/www.jibble.io\/cs\/wp-json\/wp\/v2\/users\/87"}],"replies":[{"embeddable":true,"href":"https:\/\/www.jibble.io\/cs\/wp-json\/wp\/v2\/comments?post=353727"}],"version-history":[{"count":3,"href":"https:\/\/www.jibble.io\/cs\/wp-json\/wp\/v2\/pages\/353727\/revisions"}],"predecessor-version":[{"id":393943,"href":"https:\/\/www.jibble.io\/cs\/wp-json\/wp\/v2\/pages\/353727\/revisions\/393943"}],"wp:attachment":[{"href":"https:\/\/www.jibble.io\/cs\/wp-json\/wp\/v2\/media?parent=353727"}],"curies":[{"name":"wp","href":"https:\/\/api.w.org\/{rel}","templated":true}]}}