{"id":352804,"date":"2022-06-09T23:38:00","date_gmt":"2022-06-09T22:38:00","guid":{"rendered":"https:\/\/www.jibble.io\/?page_id=352804"},"modified":"2026-04-06T19:49:26","modified_gmt":"2026-04-06T18:49:26","slug":"reporting-a-analyzy","status":"publish","type":"page","link":"https:\/\/www.jibble.io\/cs\/reporting-a-analyzy","title":{"rendered":"Reporting a anal\u00fdzy"},"content":{"rendered":"<p>&nbsp;<\/p>\n<p>&nbsp;<\/p>\n","protected":false},"excerpt":{"rendered":"<p>&nbsp; &nbsp;<\/p>\n","protected":false},"author":6,"featured_media":0,"parent":0,"menu_order":0,"comment_status":"closed","ping_status":"closed","template":"template-feature-new-youtube.php","meta":{"_acf_changed":false,"footnotes":""},"class_list":["post-352804","page","type-page","status-publish","hentry"],"acf":[],"yoast_head":"<!-- This site is optimized with the Yoast SEO Premium plugin v26.8 (Yoast SEO v26.8) - https:\/\/yoast.com\/product\/yoast-seo-premium-wordpress\/ -->\n<title>100% ZDARMA sledov\u00e1n\u00ed \u010dasu s reporty a analytikou<\/title>\n<meta name=\"description\" content=\"P\u0159em\u011b\u0148te data o doch\u00e1zce a sledov\u00e1n\u00ed \u010dasu na u\u017eite\u010dn\u00e9 poznatky s pokro\u010dilou funkc\u00ed report\u016f a analytiky od Jibble.\" \/>\n<meta name=\"robots\" content=\"index, follow, max-snippet:-1, max-image-preview:large, max-video-preview:-1\" \/>\n<link rel=\"canonical\" href=\"https:\/\/www.jibble.io\/cs\/reporting-a-analyzy\" \/>\n<meta property=\"og:locale\" content=\"cs_CZ\" \/>\n<meta property=\"og:type\" content=\"article\" \/>\n<meta property=\"og:title\" content=\"100% ZDARMA sledov\u00e1n\u00ed \u010dasu s reporty a analytikou\" \/>\n<meta property=\"og:description\" content=\"P\u0159em\u011b\u0148te data o doch\u00e1zce a sledov\u00e1n\u00ed \u010dasu na u\u017eite\u010dn\u00e9 poznatky s pokro\u010dilou funkc\u00ed report\u016f a analytiky od Jibble.\" \/>\n<meta property=\"og:url\" content=\"https:\/\/www.jibble.io\/cs\/reporting-a-analyzy\" \/>\n<meta property=\"og:site_name\" content=\"Jibble\" \/>\n<meta property=\"article:modified_time\" content=\"2026-04-06T18:49:26+00:00\" \/>\n<meta name=\"twitter:card\" content=\"summary_large_image\" \/>\n<meta name=\"twitter:label1\" content=\"Odhadovan\u00e1 doba \u010dten\u00ed\" \/>\n\t<meta name=\"twitter:data1\" content=\"8 minut\" \/>\n<script type=\"application\/ld+json\" class=\"yoast-schema-graph\">{\"@context\":\"https:\/\/schema.org\",\"@graph\":[{\"@type\":\"WebPage\",\"@id\":\"https:\/\/www.jibble.io\/cs\/reporting-a-analyzy\",\"url\":\"https:\/\/www.jibble.io\/cs\/reporting-a-analyzy\",\"name\":\"100% ZDARMA sledov\u00e1n\u00ed \u010dasu s reporty a analytikou\",\"isPartOf\":{\"@id\":\"https:\/\/www.jibble.io\/cs#website\"},\"datePublished\":\"2022-06-09T22:38:00+00:00\",\"dateModified\":\"2026-04-06T18:49:26+00:00\",\"description\":\"P\u0159em\u011b\u0148te data o doch\u00e1zce a sledov\u00e1n\u00ed \u010dasu na u\u017eite\u010dn\u00e9 poznatky s pokro\u010dilou funkc\u00ed report\u016f a analytiky od Jibble.\",\"inLanguage\":\"cs\",\"potentialAction\":[{\"@type\":\"ReadAction\",\"target\":[\"https:\/\/www.jibble.io\/cs\/reporting-a-analyzy\"]}]},{\"@type\":\"WebSite\",\"@id\":\"https:\/\/www.jibble.io\/cs#website\",\"url\":\"https:\/\/www.jibble.io\/cs\",\"name\":\"Jibble\",\"description\":\"Meet the new standard in time tracking software\",\"publisher\":{\"@id\":\"https:\/\/www.jibble.io\/cs#organization\"},\"potentialAction\":[{\"@type\":\"SearchAction\",\"target\":{\"@type\":\"EntryPoint\",\"urlTemplate\":\"https:\/\/www.jibble.io\/cs?s={search_term_string}\"},\"query-input\":{\"@type\":\"PropertyValueSpecification\",\"valueRequired\":true,\"valueName\":\"search_term_string\"}}],\"inLanguage\":\"cs\"},{\"@type\":\"Organization\",\"@id\":\"https:\/\/www.jibble.io\/cs#organization\",\"name\":\"Jibble\",\"url\":\"https:\/\/www.jibble.io\/cs\",\"logo\":{\"@type\":\"ImageObject\",\"inLanguage\":\"cs\",\"@id\":\"https:\/\/www.jibble.io\/cs#\/schema\/logo\/image\/\",\"url\":\"https:\/\/www.jibble.io\/wp-content\/uploads\/2022\/05\/Original-copy-923x1024.png\",\"contentUrl\":\"https:\/\/www.jibble.io\/wp-content\/uploads\/2022\/05\/Original-copy-923x1024.png\",\"width\":\"923\",\"height\":\"1024\",\"caption\":\"Jibble\"},\"image\":{\"@id\":\"https:\/\/www.jibble.io\/cs#\/schema\/logo\/image\/\"},\"sameAs\":[\"https:\/\/www.linkedin.com\/company\/jibble\/\"]}]}<\/script>\n<!-- \/ Yoast SEO Premium plugin. -->","yoast_head_json":{"title":"100% ZDARMA sledov\u00e1n\u00ed \u010dasu s reporty a analytikou","description":"P\u0159em\u011b\u0148te data o doch\u00e1zce a sledov\u00e1n\u00ed \u010dasu na u\u017eite\u010dn\u00e9 poznatky s pokro\u010dilou funkc\u00ed report\u016f a analytiky od Jibble.","robots":{"index":"index","follow":"follow","max-snippet":"max-snippet:-1","max-image-preview":"max-image-preview:large","max-video-preview":"max-video-preview:-1"},"canonical":"https:\/\/www.jibble.io\/cs\/reporting-a-analyzy","og_locale":"cs_CZ","og_type":"article","og_title":"100% ZDARMA sledov\u00e1n\u00ed \u010dasu s reporty a analytikou","og_description":"P\u0159em\u011b\u0148te data o doch\u00e1zce a sledov\u00e1n\u00ed \u010dasu na u\u017eite\u010dn\u00e9 poznatky s pokro\u010dilou funkc\u00ed report\u016f a analytiky od Jibble.","og_url":"https:\/\/www.jibble.io\/cs\/reporting-a-analyzy","og_site_name":"Jibble","article_modified_time":"2026-04-06T18:49:26+00:00","twitter_card":"summary_large_image","twitter_misc":{"Odhadovan\u00e1 doba \u010dten\u00ed":"8 minut"},"schema":{"@context":"https:\/\/schema.org","@graph":[{"@type":"WebPage","@id":"https:\/\/www.jibble.io\/cs\/reporting-a-analyzy","url":"https:\/\/www.jibble.io\/cs\/reporting-a-analyzy","name":"100% ZDARMA sledov\u00e1n\u00ed \u010dasu s reporty a analytikou","isPartOf":{"@id":"https:\/\/www.jibble.io\/cs#website"},"datePublished":"2022-06-09T22:38:00+00:00","dateModified":"2026-04-06T18:49:26+00:00","description":"P\u0159em\u011b\u0148te data o doch\u00e1zce a sledov\u00e1n\u00ed \u010dasu na u\u017eite\u010dn\u00e9 poznatky s pokro\u010dilou funkc\u00ed report\u016f a analytiky od Jibble.","inLanguage":"cs","potentialAction":[{"@type":"ReadAction","target":["https:\/\/www.jibble.io\/cs\/reporting-a-analyzy"]}]},{"@type":"WebSite","@id":"https:\/\/www.jibble.io\/cs#website","url":"https:\/\/www.jibble.io\/cs","name":"Jibble","description":"Meet the new standard in time tracking software","publisher":{"@id":"https:\/\/www.jibble.io\/cs#organization"},"potentialAction":[{"@type":"SearchAction","target":{"@type":"EntryPoint","urlTemplate":"https:\/\/www.jibble.io\/cs?s={search_term_string}"},"query-input":{"@type":"PropertyValueSpecification","valueRequired":true,"valueName":"search_term_string"}}],"inLanguage":"cs"},{"@type":"Organization","@id":"https:\/\/www.jibble.io\/cs#organization","name":"Jibble","url":"https:\/\/www.jibble.io\/cs","logo":{"@type":"ImageObject","inLanguage":"cs","@id":"https:\/\/www.jibble.io\/cs#\/schema\/logo\/image\/","url":"https:\/\/www.jibble.io\/wp-content\/uploads\/2022\/05\/Original-copy-923x1024.png","contentUrl":"https:\/\/www.jibble.io\/wp-content\/uploads\/2022\/05\/Original-copy-923x1024.png","width":"923","height":"1024","caption":"Jibble"},"image":{"@id":"https:\/\/www.jibble.io\/cs#\/schema\/logo\/image\/"},"sameAs":["https:\/\/www.linkedin.com\/company\/jibble\/"]}]}},"_links":{"self":[{"href":"https:\/\/www.jibble.io\/cs\/wp-json\/wp\/v2\/pages\/352804","targetHints":{"allow":["GET"]}}],"collection":[{"href":"https:\/\/www.jibble.io\/cs\/wp-json\/wp\/v2\/pages"}],"about":[{"href":"https:\/\/www.jibble.io\/cs\/wp-json\/wp\/v2\/types\/page"}],"author":[{"embeddable":true,"href":"https:\/\/www.jibble.io\/cs\/wp-json\/wp\/v2\/users\/6"}],"replies":[{"embeddable":true,"href":"https:\/\/www.jibble.io\/cs\/wp-json\/wp\/v2\/comments?post=352804"}],"version-history":[{"count":3,"href":"https:\/\/www.jibble.io\/cs\/wp-json\/wp\/v2\/pages\/352804\/revisions"}],"predecessor-version":[{"id":393957,"href":"https:\/\/www.jibble.io\/cs\/wp-json\/wp\/v2\/pages\/352804\/revisions\/393957"}],"wp:attachment":[{"href":"https:\/\/www.jibble.io\/cs\/wp-json\/wp\/v2\/media?parent=352804"}],"curies":[{"name":"wp","href":"https:\/\/api.w.org\/{rel}","templated":true}]}}