{"id":352361,"date":"2023-05-18T20:05:53","date_gmt":"2023-05-18T19:05:53","guid":{"rendered":"https:\/\/www.jibble.io\/?page_id=352361"},"modified":"2026-04-06T19:37:45","modified_gmt":"2026-04-06T18:37:45","slug":"software-pro-fakturaci-casu","status":"publish","type":"page","link":"https:\/\/www.jibble.io\/cs\/software-pro-fakturaci-casu","title":{"rendered":"Software pro fakturaci \u010dasu"},"content":{"rendered":"","protected":false},"excerpt":{"rendered":"","protected":false},"author":34,"featured_media":0,"parent":0,"menu_order":0,"comment_status":"closed","ping_status":"closed","template":"template-feature-new-youtube.php","meta":{"_acf_changed":false,"footnotes":""},"class_list":["post-352361","page","type-page","status-publish","hentry"],"acf":[],"yoast_head":"<!-- This site is optimized with the Yoast SEO Premium plugin v26.8 (Yoast SEO v26.8) - https:\/\/yoast.com\/product\/yoast-seo-premium-wordpress\/ -->\n<title>100% ZDARMA Software pro fakturaci \u010dasu | Jibble\u2122<\/title>\n<meta name=\"description\" content=\"Software pro sledov\u00e1n\u00ed \u010dasu a fakturaci. Zjednodu\u0161te procesy sledov\u00e1n\u00ed \u010dasu a fakturace. Nav\u017edy zdarma pro neomezen\u00fd po\u010det u\u017eivatel\u016f.\" \/>\n<meta name=\"robots\" content=\"index, follow, max-snippet:-1, max-image-preview:large, max-video-preview:-1\" \/>\n<link rel=\"canonical\" href=\"https:\/\/www.jibble.io\/cs\/software-pro-fakturaci-casu\" \/>\n<meta property=\"og:locale\" content=\"cs_CZ\" \/>\n<meta property=\"og:type\" content=\"article\" \/>\n<meta property=\"og:title\" content=\"100% ZDARMA Software pro fakturaci \u010dasu | Jibble\u2122\" \/>\n<meta property=\"og:description\" content=\"Software pro sledov\u00e1n\u00ed \u010dasu a fakturaci. Zjednodu\u0161te procesy sledov\u00e1n\u00ed \u010dasu a fakturace. Nav\u017edy zdarma pro neomezen\u00fd po\u010det u\u017eivatel\u016f.\" \/>\n<meta property=\"og:url\" content=\"https:\/\/www.jibble.io\/cs\/software-pro-fakturaci-casu\" \/>\n<meta property=\"og:site_name\" content=\"Jibble\" \/>\n<meta property=\"article:modified_time\" content=\"2026-04-06T18:37:45+00:00\" \/>\n<meta name=\"twitter:card\" content=\"summary_large_image\" \/>\n<meta name=\"twitter:label1\" content=\"Odhadovan\u00e1 doba \u010dten\u00ed\" \/>\n\t<meta name=\"twitter:data1\" content=\"7 minut\" \/>\n<script type=\"application\/ld+json\" class=\"yoast-schema-graph\">{\"@context\":\"https:\/\/schema.org\",\"@graph\":[{\"@type\":\"WebPage\",\"@id\":\"https:\/\/www.jibble.io\/cs\/software-pro-fakturaci-casu\",\"url\":\"https:\/\/www.jibble.io\/cs\/software-pro-fakturaci-casu\",\"name\":\"100% ZDARMA Software pro fakturaci \u010dasu | Jibble\u2122\",\"isPartOf\":{\"@id\":\"https:\/\/www.jibble.io\/cs#website\"},\"datePublished\":\"2023-05-18T19:05:53+00:00\",\"dateModified\":\"2026-04-06T18:37:45+00:00\",\"description\":\"Software pro sledov\u00e1n\u00ed \u010dasu a fakturaci. Zjednodu\u0161te procesy sledov\u00e1n\u00ed \u010dasu a fakturace. Nav\u017edy zdarma pro neomezen\u00fd po\u010det u\u017eivatel\u016f.\",\"inLanguage\":\"cs\",\"potentialAction\":[{\"@type\":\"ReadAction\",\"target\":[\"https:\/\/www.jibble.io\/cs\/software-pro-fakturaci-casu\"]}]},{\"@type\":\"WebSite\",\"@id\":\"https:\/\/www.jibble.io\/cs#website\",\"url\":\"https:\/\/www.jibble.io\/cs\",\"name\":\"Jibble\",\"description\":\"Meet the new standard in time tracking software\",\"publisher\":{\"@id\":\"https:\/\/www.jibble.io\/cs#organization\"},\"potentialAction\":[{\"@type\":\"SearchAction\",\"target\":{\"@type\":\"EntryPoint\",\"urlTemplate\":\"https:\/\/www.jibble.io\/cs?s={search_term_string}\"},\"query-input\":{\"@type\":\"PropertyValueSpecification\",\"valueRequired\":true,\"valueName\":\"search_term_string\"}}],\"inLanguage\":\"cs\"},{\"@type\":\"Organization\",\"@id\":\"https:\/\/www.jibble.io\/cs#organization\",\"name\":\"Jibble\",\"url\":\"https:\/\/www.jibble.io\/cs\",\"logo\":{\"@type\":\"ImageObject\",\"inLanguage\":\"cs\",\"@id\":\"https:\/\/www.jibble.io\/cs#\/schema\/logo\/image\/\",\"url\":\"https:\/\/www.jibble.io\/wp-content\/uploads\/2022\/05\/Original-copy-923x1024.png\",\"contentUrl\":\"https:\/\/www.jibble.io\/wp-content\/uploads\/2022\/05\/Original-copy-923x1024.png\",\"width\":\"923\",\"height\":\"1024\",\"caption\":\"Jibble\"},\"image\":{\"@id\":\"https:\/\/www.jibble.io\/cs#\/schema\/logo\/image\/\"},\"sameAs\":[\"https:\/\/www.linkedin.com\/company\/jibble\/\"]}]}<\/script>\n<!-- \/ Yoast SEO Premium plugin. -->","yoast_head_json":{"title":"100% ZDARMA Software pro fakturaci \u010dasu | Jibble\u2122","description":"Software pro sledov\u00e1n\u00ed \u010dasu a fakturaci. Zjednodu\u0161te procesy sledov\u00e1n\u00ed \u010dasu a fakturace. Nav\u017edy zdarma pro neomezen\u00fd po\u010det u\u017eivatel\u016f.","robots":{"index":"index","follow":"follow","max-snippet":"max-snippet:-1","max-image-preview":"max-image-preview:large","max-video-preview":"max-video-preview:-1"},"canonical":"https:\/\/www.jibble.io\/cs\/software-pro-fakturaci-casu","og_locale":"cs_CZ","og_type":"article","og_title":"100% ZDARMA Software pro fakturaci \u010dasu | Jibble\u2122","og_description":"Software pro sledov\u00e1n\u00ed \u010dasu a fakturaci. Zjednodu\u0161te procesy sledov\u00e1n\u00ed \u010dasu a fakturace. Nav\u017edy zdarma pro neomezen\u00fd po\u010det u\u017eivatel\u016f.","og_url":"https:\/\/www.jibble.io\/cs\/software-pro-fakturaci-casu","og_site_name":"Jibble","article_modified_time":"2026-04-06T18:37:45+00:00","twitter_card":"summary_large_image","twitter_misc":{"Odhadovan\u00e1 doba \u010dten\u00ed":"7 minut"},"schema":{"@context":"https:\/\/schema.org","@graph":[{"@type":"WebPage","@id":"https:\/\/www.jibble.io\/cs\/software-pro-fakturaci-casu","url":"https:\/\/www.jibble.io\/cs\/software-pro-fakturaci-casu","name":"100% ZDARMA Software pro fakturaci \u010dasu | Jibble\u2122","isPartOf":{"@id":"https:\/\/www.jibble.io\/cs#website"},"datePublished":"2023-05-18T19:05:53+00:00","dateModified":"2026-04-06T18:37:45+00:00","description":"Software pro sledov\u00e1n\u00ed \u010dasu a fakturaci. Zjednodu\u0161te procesy sledov\u00e1n\u00ed \u010dasu a fakturace. Nav\u017edy zdarma pro neomezen\u00fd po\u010det u\u017eivatel\u016f.","inLanguage":"cs","potentialAction":[{"@type":"ReadAction","target":["https:\/\/www.jibble.io\/cs\/software-pro-fakturaci-casu"]}]},{"@type":"WebSite","@id":"https:\/\/www.jibble.io\/cs#website","url":"https:\/\/www.jibble.io\/cs","name":"Jibble","description":"Meet the new standard in time tracking software","publisher":{"@id":"https:\/\/www.jibble.io\/cs#organization"},"potentialAction":[{"@type":"SearchAction","target":{"@type":"EntryPoint","urlTemplate":"https:\/\/www.jibble.io\/cs?s={search_term_string}"},"query-input":{"@type":"PropertyValueSpecification","valueRequired":true,"valueName":"search_term_string"}}],"inLanguage":"cs"},{"@type":"Organization","@id":"https:\/\/www.jibble.io\/cs#organization","name":"Jibble","url":"https:\/\/www.jibble.io\/cs","logo":{"@type":"ImageObject","inLanguage":"cs","@id":"https:\/\/www.jibble.io\/cs#\/schema\/logo\/image\/","url":"https:\/\/www.jibble.io\/wp-content\/uploads\/2022\/05\/Original-copy-923x1024.png","contentUrl":"https:\/\/www.jibble.io\/wp-content\/uploads\/2022\/05\/Original-copy-923x1024.png","width":"923","height":"1024","caption":"Jibble"},"image":{"@id":"https:\/\/www.jibble.io\/cs#\/schema\/logo\/image\/"},"sameAs":["https:\/\/www.linkedin.com\/company\/jibble\/"]}]}},"_links":{"self":[{"href":"https:\/\/www.jibble.io\/cs\/wp-json\/wp\/v2\/pages\/352361","targetHints":{"allow":["GET"]}}],"collection":[{"href":"https:\/\/www.jibble.io\/cs\/wp-json\/wp\/v2\/pages"}],"about":[{"href":"https:\/\/www.jibble.io\/cs\/wp-json\/wp\/v2\/types\/page"}],"author":[{"embeddable":true,"href":"https:\/\/www.jibble.io\/cs\/wp-json\/wp\/v2\/users\/34"}],"replies":[{"embeddable":true,"href":"https:\/\/www.jibble.io\/cs\/wp-json\/wp\/v2\/comments?post=352361"}],"version-history":[{"count":3,"href":"https:\/\/www.jibble.io\/cs\/wp-json\/wp\/v2\/pages\/352361\/revisions"}],"predecessor-version":[{"id":393936,"href":"https:\/\/www.jibble.io\/cs\/wp-json\/wp\/v2\/pages\/352361\/revisions\/393936"}],"wp:attachment":[{"href":"https:\/\/www.jibble.io\/cs\/wp-json\/wp\/v2\/media?parent=352361"}],"curies":[{"name":"wp","href":"https:\/\/api.w.org\/{rel}","templated":true}]}}