{"id":351973,"date":"2025-10-21T09:54:19","date_gmt":"2025-10-21T08:54:19","guid":{"rendered":"https:\/\/www.jibble.io\/?page_id=351973"},"modified":"2026-04-06T09:11:27","modified_gmt":"2026-04-06T08:11:27","slug":"nejlepsi-software-pro-sledovani-casu","status":"publish","type":"page","link":"https:\/\/www.jibble.io\/cs\/nejlepsi-software-pro-sledovani-casu","title":{"rendered":"Nejlep\u0161\u00ed software pro sledov\u00e1n\u00ed \u010dasu"},"content":{"rendered":"","protected":false},"excerpt":{"rendered":"","protected":false},"author":56,"featured_media":0,"parent":0,"menu_order":0,"comment_status":"closed","ping_status":"closed","template":"simple-content-template.php","meta":{"_acf_changed":false,"footnotes":""},"class_list":["post-351973","page","type-page","status-publish","hentry"],"acf":[],"yoast_head":"<!-- This site is optimized with the Yoast SEO Premium plugin v26.8 (Yoast SEO v26.8) - https:\/\/yoast.com\/product\/yoast-seo-premium-wordpress\/ -->\n<title>Otestoval jsem 15 softwar\u016f pro sledov\u00e1n\u00ed \u010dasu. Toto jsem zjistil<\/title>\n<meta name=\"description\" content=\"Nej software sledov\u00e1n\u00ed \u010dasu - Jibble (sledov\u00e1n\u00ed \u010dasu a doch\u00e1zky zdarma), Deputy (pl\u00e1nov\u00e1n\u00ed), Toggl Track (osobn\u00ed) a Timely (AI sledov\u00e1n\u00ed).\" \/>\n<meta name=\"robots\" content=\"index, follow, max-snippet:-1, max-image-preview:large, max-video-preview:-1\" \/>\n<link rel=\"canonical\" href=\"https:\/\/www.jibble.io\/cs\/nejlepsi-software-pro-sledovani-casu\" \/>\n<meta property=\"og:locale\" content=\"cs_CZ\" \/>\n<meta property=\"og:type\" content=\"article\" \/>\n<meta property=\"og:title\" content=\"Otestoval jsem 15 softwar\u016f pro sledov\u00e1n\u00ed \u010dasu. Toto jsem zjistil\" \/>\n<meta property=\"og:description\" content=\"Nej software sledov\u00e1n\u00ed \u010dasu - Jibble (sledov\u00e1n\u00ed \u010dasu a doch\u00e1zky zdarma), Deputy (pl\u00e1nov\u00e1n\u00ed), Toggl Track (osobn\u00ed) a Timely (AI sledov\u00e1n\u00ed).\" \/>\n<meta property=\"og:url\" content=\"https:\/\/www.jibble.io\/cs\/nejlepsi-software-pro-sledovani-casu\" \/>\n<meta property=\"og:site_name\" content=\"Jibble\" \/>\n<meta property=\"article:modified_time\" content=\"2026-04-06T08:11:27+00:00\" \/>\n<meta name=\"twitter:card\" content=\"summary_large_image\" \/>\n<meta name=\"twitter:label1\" content=\"Odhadovan\u00e1 doba \u010dten\u00ed\" \/>\n\t<meta name=\"twitter:data1\" content=\"30 minut\" \/>\n<script type=\"application\/ld+json\" class=\"yoast-schema-graph\">{\"@context\":\"https:\/\/schema.org\",\"@graph\":[{\"@type\":\"WebPage\",\"@id\":\"https:\/\/www.jibble.io\/cs\/nejlepsi-software-pro-sledovani-casu\",\"url\":\"https:\/\/www.jibble.io\/cs\/nejlepsi-software-pro-sledovani-casu\",\"name\":\"Otestoval jsem 15 softwar\u016f pro sledov\u00e1n\u00ed \u010dasu. Toto jsem zjistil\",\"isPartOf\":{\"@id\":\"https:\/\/www.jibble.io\/cs#website\"},\"datePublished\":\"2025-10-21T08:54:19+00:00\",\"dateModified\":\"2026-04-06T08:11:27+00:00\",\"description\":\"Nej software sledov\u00e1n\u00ed \u010dasu - Jibble (sledov\u00e1n\u00ed \u010dasu a doch\u00e1zky zdarma), Deputy (pl\u00e1nov\u00e1n\u00ed), Toggl Track (osobn\u00ed) a Timely (AI sledov\u00e1n\u00ed).\",\"inLanguage\":\"cs\",\"potentialAction\":[{\"@type\":\"ReadAction\",\"target\":[\"https:\/\/www.jibble.io\/cs\/nejlepsi-software-pro-sledovani-casu\"]}]},{\"@type\":\"WebSite\",\"@id\":\"https:\/\/www.jibble.io\/cs#website\",\"url\":\"https:\/\/www.jibble.io\/cs\",\"name\":\"Jibble\",\"description\":\"Meet the new standard in time tracking software\",\"publisher\":{\"@id\":\"https:\/\/www.jibble.io\/cs#organization\"},\"potentialAction\":[{\"@type\":\"SearchAction\",\"target\":{\"@type\":\"EntryPoint\",\"urlTemplate\":\"https:\/\/www.jibble.io\/cs?s={search_term_string}\"},\"query-input\":{\"@type\":\"PropertyValueSpecification\",\"valueRequired\":true,\"valueName\":\"search_term_string\"}}],\"inLanguage\":\"cs\"},{\"@type\":\"Organization\",\"@id\":\"https:\/\/www.jibble.io\/cs#organization\",\"name\":\"Jibble\",\"url\":\"https:\/\/www.jibble.io\/cs\",\"logo\":{\"@type\":\"ImageObject\",\"inLanguage\":\"cs\",\"@id\":\"https:\/\/www.jibble.io\/cs#\/schema\/logo\/image\/\",\"url\":\"https:\/\/www.jibble.io\/wp-content\/uploads\/2022\/05\/Original-copy-923x1024.png\",\"contentUrl\":\"https:\/\/www.jibble.io\/wp-content\/uploads\/2022\/05\/Original-copy-923x1024.png\",\"width\":\"923\",\"height\":\"1024\",\"caption\":\"Jibble\"},\"image\":{\"@id\":\"https:\/\/www.jibble.io\/cs#\/schema\/logo\/image\/\"},\"sameAs\":[\"https:\/\/www.linkedin.com\/company\/jibble\/\"]}]}<\/script>\n<!-- \/ Yoast SEO Premium plugin. -->","yoast_head_json":{"title":"Otestoval jsem 15 softwar\u016f pro sledov\u00e1n\u00ed \u010dasu. Toto jsem zjistil","description":"Nej software sledov\u00e1n\u00ed \u010dasu - Jibble (sledov\u00e1n\u00ed \u010dasu a doch\u00e1zky zdarma), Deputy (pl\u00e1nov\u00e1n\u00ed), Toggl Track (osobn\u00ed) a Timely (AI sledov\u00e1n\u00ed).","robots":{"index":"index","follow":"follow","max-snippet":"max-snippet:-1","max-image-preview":"max-image-preview:large","max-video-preview":"max-video-preview:-1"},"canonical":"https:\/\/www.jibble.io\/cs\/nejlepsi-software-pro-sledovani-casu","og_locale":"cs_CZ","og_type":"article","og_title":"Otestoval jsem 15 softwar\u016f pro sledov\u00e1n\u00ed \u010dasu. Toto jsem zjistil","og_description":"Nej software sledov\u00e1n\u00ed \u010dasu - Jibble (sledov\u00e1n\u00ed \u010dasu a doch\u00e1zky zdarma), Deputy (pl\u00e1nov\u00e1n\u00ed), Toggl Track (osobn\u00ed) a Timely (AI sledov\u00e1n\u00ed).","og_url":"https:\/\/www.jibble.io\/cs\/nejlepsi-software-pro-sledovani-casu","og_site_name":"Jibble","article_modified_time":"2026-04-06T08:11:27+00:00","twitter_card":"summary_large_image","twitter_misc":{"Odhadovan\u00e1 doba \u010dten\u00ed":"30 minut"},"schema":{"@context":"https:\/\/schema.org","@graph":[{"@type":"WebPage","@id":"https:\/\/www.jibble.io\/cs\/nejlepsi-software-pro-sledovani-casu","url":"https:\/\/www.jibble.io\/cs\/nejlepsi-software-pro-sledovani-casu","name":"Otestoval jsem 15 softwar\u016f pro sledov\u00e1n\u00ed \u010dasu. Toto jsem zjistil","isPartOf":{"@id":"https:\/\/www.jibble.io\/cs#website"},"datePublished":"2025-10-21T08:54:19+00:00","dateModified":"2026-04-06T08:11:27+00:00","description":"Nej software sledov\u00e1n\u00ed \u010dasu - Jibble (sledov\u00e1n\u00ed \u010dasu a doch\u00e1zky zdarma), Deputy (pl\u00e1nov\u00e1n\u00ed), Toggl Track (osobn\u00ed) a Timely (AI sledov\u00e1n\u00ed).","inLanguage":"cs","potentialAction":[{"@type":"ReadAction","target":["https:\/\/www.jibble.io\/cs\/nejlepsi-software-pro-sledovani-casu"]}]},{"@type":"WebSite","@id":"https:\/\/www.jibble.io\/cs#website","url":"https:\/\/www.jibble.io\/cs","name":"Jibble","description":"Meet the new standard in time tracking software","publisher":{"@id":"https:\/\/www.jibble.io\/cs#organization"},"potentialAction":[{"@type":"SearchAction","target":{"@type":"EntryPoint","urlTemplate":"https:\/\/www.jibble.io\/cs?s={search_term_string}"},"query-input":{"@type":"PropertyValueSpecification","valueRequired":true,"valueName":"search_term_string"}}],"inLanguage":"cs"},{"@type":"Organization","@id":"https:\/\/www.jibble.io\/cs#organization","name":"Jibble","url":"https:\/\/www.jibble.io\/cs","logo":{"@type":"ImageObject","inLanguage":"cs","@id":"https:\/\/www.jibble.io\/cs#\/schema\/logo\/image\/","url":"https:\/\/www.jibble.io\/wp-content\/uploads\/2022\/05\/Original-copy-923x1024.png","contentUrl":"https:\/\/www.jibble.io\/wp-content\/uploads\/2022\/05\/Original-copy-923x1024.png","width":"923","height":"1024","caption":"Jibble"},"image":{"@id":"https:\/\/www.jibble.io\/cs#\/schema\/logo\/image\/"},"sameAs":["https:\/\/www.linkedin.com\/company\/jibble\/"]}]}},"_links":{"self":[{"href":"https:\/\/www.jibble.io\/cs\/wp-json\/wp\/v2\/pages\/351973","targetHints":{"allow":["GET"]}}],"collection":[{"href":"https:\/\/www.jibble.io\/cs\/wp-json\/wp\/v2\/pages"}],"about":[{"href":"https:\/\/www.jibble.io\/cs\/wp-json\/wp\/v2\/types\/page"}],"author":[{"embeddable":true,"href":"https:\/\/www.jibble.io\/cs\/wp-json\/wp\/v2\/users\/56"}],"replies":[{"embeddable":true,"href":"https:\/\/www.jibble.io\/cs\/wp-json\/wp\/v2\/comments?post=351973"}],"version-history":[{"count":3,"href":"https:\/\/www.jibble.io\/cs\/wp-json\/wp\/v2\/pages\/351973\/revisions"}],"predecessor-version":[{"id":393809,"href":"https:\/\/www.jibble.io\/cs\/wp-json\/wp\/v2\/pages\/351973\/revisions\/393809"}],"wp:attachment":[{"href":"https:\/\/www.jibble.io\/cs\/wp-json\/wp\/v2\/media?parent=351973"}],"curies":[{"name":"wp","href":"https:\/\/api.w.org\/{rel}","templated":true}]}}